{"id":1664,"date":"2016-11-05T16:04:00","date_gmt":"2016-11-05T15:04:00","guid":{"rendered":"http:\/\/www.chemins-chouettes.ch\/?page_id=1664"},"modified":"2024-07-03T13:13:14","modified_gmt":"2024-07-03T12:13:14","slug":"situation","status":"publish","type":"page","link":"http:\/\/www.chemins-chouettes.ch\/?page_id=1664&lang=fr","title":{"rendered":"Situation"},"content":{"rendered":"<h3>Pour situer la r\u00e9gion des balades des \u00ab\u00a0Chemins chouettes\u00a0\u00bb<\/h3>\n<p><img loading=\"lazy\" decoding=\"async\" class=\"alignnone wp-image-2949 size-full\" src=\"http:\/\/www.chemins-chouettes.ch\/wp-content\/uploads\/2024\/07\/Reseau-TransN.jpg\" alt=\"\" width=\"818\" height=\"853\" srcset=\"http:\/\/www.chemins-chouettes.ch\/wp-content\/uploads\/2024\/07\/Reseau-TransN.jpg 818w, http:\/\/www.chemins-chouettes.ch\/wp-content\/uploads\/2024\/07\/Reseau-TransN-288x300.jpg 288w, http:\/\/www.chemins-chouettes.ch\/wp-content\/uploads\/2024\/07\/Reseau-TransN-768x801.jpg 768w\" sizes=\"auto, (max-width: 818px) 100vw, 818px\" \/><\/p>\n<p>Les <strong>Chemins chouettes<\/strong> se situent \u00e0 moins de 20 minutes de Bienne, La Chaux-de-Fonds, Neuch\u00e2tel. Des lignes de bus ou le train permettent d\u2019acc\u00e9der aux balades.<br \/>\nAttention toutefois, les chemins forestiers ne sont en principe pas ouverts \u00e0 la circulation touristique motoris\u00e9e sauf signalisation d\u00e9rogatoire comme un panneau signalant une m\u00e9tairie par exemple. Les visiteurs sont pri\u00e9s de se conformer aux signalisations en place.<\/p>\n<p><strong>Planifiez votre horaire de transport public<\/strong> <strong>par :<\/strong> <strong><a href=\"http:\/\/fahrplan.sbb.ch\/bin\/query.exe\/fn\" target=\"_blank\" rel=\"noopener\">CFF<\/a><\/strong> &#8211; <strong><a href=\"http:\/\/www.transn.ch\/fr\/reseau-horaires\/reseau-transn.html\" target=\"_blank\" rel=\"noopener\">TransN<\/a><\/strong> &#8211; <strong><a href=\"https:\/\/www.postauto.ch\/fr\" target=\"_blank\" rel=\"noopener\">CarPostal<\/a><\/strong><\/p>\n<p>La <a href=\"http:\/\/www.neuchateltourisme.ch\/fr\/transports\/transports-publics.10009\/neuchatel-transport-card.10025.html\" target=\"_blank\" rel=\"noopener\"><strong>Neuch\u00e2tel Transport Card<\/strong><\/a> est un titre de transport qui permet \u00e0 chaque visiteur s\u00e9journant au minimum une nuit dans un \u00e9tablissement h\u00f4telier ou parah\u00f4telier du canton de Neuch\u00e2tel de b\u00e9n\u00e9ficier d\u2019un acc\u00e8s gratuit aux transports en commun valable sur l&rsquo;ensemble du p\u00e9rim\u00e8tre neuch\u00e2telois.<\/p>\n","protected":false},"excerpt":{"rendered":"<p>Pour situer la r\u00e9gion des balades des \u00ab\u00a0Chemins chouettes\u00a0\u00bb Les Chemins chouettes se situent \u00e0 moins de 20 minutes de Bienne, La Chaux-de-Fonds, Neuch\u00e2tel. Des lignes de bus ou le train permettent d\u2019acc\u00e9der aux balades. Attention toutefois, les chemins forestiers ne sont en principe pas ouverts \u00e0 la circulation touristique motoris\u00e9e sauf signalisation d\u00e9rogatoire comme &#8230; <a title=\"Situation\" class=\"read-more\" href=\"http:\/\/www.chemins-chouettes.ch\/?page_id=1664&#038;lang=fr\" aria-label=\"En savoir plus sur Situation\">Read more<\/a><\/p>\n","protected":false},"author":2,"featured_media":0,"parent":0,"menu_order":4,"comment_status":"closed","ping_status":"closed","template":"","meta":{"generate_page_header":"","footnotes":""},"class_list":["post-1664","page","type-page","status-publish"],"_links":{"self":[{"href":"http:\/\/www.chemins-chouettes.ch\/index.php?rest_route=\/wp\/v2\/pages\/1664","targetHints":{"allow":["GET"]}}],"collection":[{"href":"http:\/\/www.chemins-chouettes.ch\/index.php?rest_route=\/wp\/v2\/pages"}],"about":[{"href":"http:\/\/www.chemins-chouettes.ch\/index.php?rest_route=\/wp\/v2\/types\/page"}],"author":[{"embeddable":true,"href":"http:\/\/www.chemins-chouettes.ch\/index.php?rest_route=\/wp\/v2\/users\/2"}],"replies":[{"embeddable":true,"href":"http:\/\/www.chemins-chouettes.ch\/index.php?rest_route=%2Fwp%2Fv2%2Fcomments&post=1664"}],"version-history":[{"count":3,"href":"http:\/\/www.chemins-chouettes.ch\/index.php?rest_route=\/wp\/v2\/pages\/1664\/revisions"}],"predecessor-version":[{"id":2961,"href":"http:\/\/www.chemins-chouettes.ch\/index.php?rest_route=\/wp\/v2\/pages\/1664\/revisions\/2961"}],"wp:attachment":[{"href":"http:\/\/www.chemins-chouettes.ch\/index.php?rest_route=%2Fwp%2Fv2%2Fmedia&parent=1664"}],"curies":[{"name":"wp","href":"https:\/\/api.w.org\/{rel}","templated":true}]}}