{"id":1685,"date":"2016-11-05T16:19:32","date_gmt":"2016-11-05T15:19:32","guid":{"rendered":"http:\/\/www.chemins-chouettes.ch\/?page_id=1685"},"modified":"2024-07-03T13:10:30","modified_gmt":"2024-07-03T12:10:30","slug":"1685-2","status":"publish","type":"page","link":"http:\/\/www.chemins-chouettes.ch\/?page_id=1685&lang=de","title":{"rendered":"Regionplan"},"content":{"rendered":"<h3>Zum Auffinden die Region \u00ab\u00a0Chemins chouettes\u00a0\u00bb<\/h3>\n<p><img loading=\"lazy\" decoding=\"async\" class=\"alignnone wp-image-2955 size-full\" src=\"http:\/\/www.chemins-chouettes.ch\/wp-content\/uploads\/2024\/07\/Reseau-TransN.jpg\" alt=\"\" width=\"818\" height=\"853\" srcset=\"http:\/\/www.chemins-chouettes.ch\/wp-content\/uploads\/2024\/07\/Reseau-TransN.jpg 818w, http:\/\/www.chemins-chouettes.ch\/wp-content\/uploads\/2024\/07\/Reseau-TransN-288x300.jpg 288w, http:\/\/www.chemins-chouettes.ch\/wp-content\/uploads\/2024\/07\/Reseau-TransN-768x801.jpg 768w\" sizes=\"auto, (max-width: 818px) 100vw, 818px\" \/><\/p>\n<p>Die Wanderungen \u00ab\u00a0<strong>Chemins chouettes\u00a0\u00bb <\/strong>sind weniger als 20 Minuten von Biel, La Chaux-de-Fonds, Neuenburg entfernt. Buslinien oder Z\u00fcge bieten Zugang zu Wanderungen.<\/p>\n<p>Vorsicht jedoch Waldwege sind grunds\u00e4tzlich nicht offen f\u00fcr den motorisierten Verkehr ausser abf\u00e4llige touristischen Verkehr.\u00a0 Zum Beispiel; die Ank\u00fcndigung einer Bauernhof. Besucher werden gebeten, mit Beschilderung an Ort und Stelle zu entsprechen.<\/p>\n<p><strong>Planen Sie \u00f6ffentliche Verkehrsmittel mit<\/strong>:\u00a0 <strong><span style=\"color: #000000;\"><a href=\"http:\/\/www.sbb.ch\/home.html\" target=\"_blank\" rel=\"noopener\">SBB<\/a> &#8211; <a href=\"http:\/\/www.transn.ch\/de\/bienvenue.html\" target=\"_blank\" rel=\"noopener\">TransN<\/a><\/span> &#8211; <a href=\"https:\/\/www.postauto.ch\/de\" target=\"_blank\" rel=\"noopener\">PostAuto<\/a><\/strong><\/p>\n<p>Die <a href=\"http:\/\/www.neuchateltourisme.ch\/de\/verkehrsmittel\/vov.10009\/neuchatel-transport-card.10025.html\" target=\"_blank\" rel=\"noopener\"><strong>Neuch\u00e2tel Transport Card<\/strong><\/a> ist ein Fahrausweis,\u00a0 der es jedem Gast der sich mindestens eine Nacht in einer Neuenburger Unterkunft aufh\u00e4lt erm\u00f6glicht, kostenlos \u00f6ffentliche Verkehrsmittel auf dem gesamten Neuenburger Perimeter zu nutzen.<\/p>\n","protected":false},"excerpt":{"rendered":"<p>Zum Auffinden die Region \u00ab\u00a0Chemins chouettes\u00a0\u00bb Die Wanderungen \u00ab\u00a0Chemins chouettes\u00a0\u00bb sind weniger als 20 Minuten von Biel, La Chaux-de-Fonds, Neuenburg entfernt. Buslinien oder Z\u00fcge bieten Zugang zu Wanderungen. Vorsicht jedoch Waldwege sind grunds\u00e4tzlich nicht offen f\u00fcr den motorisierten Verkehr ausser abf\u00e4llige touristischen Verkehr.\u00a0 Zum Beispiel; die Ank\u00fcndigung einer Bauernhof. Besucher werden gebeten, mit Beschilderung an &#8230; <a title=\"Regionplan\" class=\"read-more\" href=\"http:\/\/www.chemins-chouettes.ch\/?page_id=1685&#038;lang=de\" aria-label=\"En savoir plus sur Regionplan\">Read more<\/a><\/p>\n","protected":false},"author":2,"featured_media":0,"parent":0,"menu_order":4,"comment_status":"closed","ping_status":"closed","template":"","meta":{"generate_page_header":"","footnotes":""},"class_list":["post-1685","page","type-page","status-publish"],"_links":{"self":[{"href":"http:\/\/www.chemins-chouettes.ch\/index.php?rest_route=\/wp\/v2\/pages\/1685","targetHints":{"allow":["GET"]}}],"collection":[{"href":"http:\/\/www.chemins-chouettes.ch\/index.php?rest_route=\/wp\/v2\/pages"}],"about":[{"href":"http:\/\/www.chemins-chouettes.ch\/index.php?rest_route=\/wp\/v2\/types\/page"}],"author":[{"embeddable":true,"href":"http:\/\/www.chemins-chouettes.ch\/index.php?rest_route=\/wp\/v2\/users\/2"}],"replies":[{"embeddable":true,"href":"http:\/\/www.chemins-chouettes.ch\/index.php?rest_route=%2Fwp%2Fv2%2Fcomments&post=1685"}],"version-history":[{"count":2,"href":"http:\/\/www.chemins-chouettes.ch\/index.php?rest_route=\/wp\/v2\/pages\/1685\/revisions"}],"predecessor-version":[{"id":2958,"href":"http:\/\/www.chemins-chouettes.ch\/index.php?rest_route=\/wp\/v2\/pages\/1685\/revisions\/2958"}],"wp:attachment":[{"href":"http:\/\/www.chemins-chouettes.ch\/index.php?rest_route=%2Fwp%2Fv2%2Fmedia&parent=1685"}],"curies":[{"name":"wp","href":"https:\/\/api.w.org\/{rel}","templated":true}]}}