{"id":1741,"date":"2016-11-09T20:34:01","date_gmt":"2016-11-09T19:34:01","guid":{"rendered":"http:\/\/www.chemins-chouettes.ch\/?page_id=1741"},"modified":"2019-07-03T16:56:03","modified_gmt":"2019-07-03T15:56:03","slug":"1741-2","status":"publish","type":"page","link":"http:\/\/www.chemins-chouettes.ch\/?page_id=1741&lang=de","title":{"rendered":"Tafeln"},"content":{"rendered":"<h1>Didaktischen Tafeln<\/h1>\n<h3>Gem\u00e4ss den Prinzipien des \u00d6kotourismus sind die didaktischen Tafeln der Entdeckung des nat\u00fcrlichen und kulturellen Erbes des Val-de-Ruz per Fussweg gewidmet.<\/h3>\n<p><strong>Allgemein Panel von \u00ab\u00a0Chemins chouettes\u00a0\u00bb<br \/>\n<\/strong><\/p>\n<p><img loading=\"lazy\" decoding=\"async\" class=\"alignnone wp-image-1253\" src=\"http:\/\/www.chemins-chouettes.ch\/wp-content\/uploads\/2016\/10\/Panneau-CC-general.jpg\" alt=\"panneau-cc-general\" width=\"272\" height=\"386\" srcset=\"http:\/\/www.chemins-chouettes.ch\/wp-content\/uploads\/2016\/10\/Panneau-CC-general.jpg 472w, http:\/\/www.chemins-chouettes.ch\/wp-content\/uploads\/2016\/10\/Panneau-CC-general-212x300.jpg 212w\" sizes=\"auto, (max-width: 272px) 100vw, 272px\" \/><\/p>\n<p><strong>Who sind die didaktischen Tafeln ?<\/strong><\/p>\n<p>Klicken Sie auf einen der roten Punkte oder die Nummer eines Feldes auf dieser Karte, um auf die Liste einer der Fahrten zuzugreifen<br \/>\n(Nur in Franz\u00f6sich).<\/p>\n<p><img loading=\"lazy\" decoding=\"async\" class=\"alignnone wp-image-922 size-full\" src=\"http:\/\/www.chemins-chouettes.ch\/wp-content\/uploads\/2016\/12\/Carte-Panneaux-didactiques.png\" alt=\"Panneaux-didactiques\" usemap=\"#image-map\" width=\"994\" height=\"950\" \/><\/p>\n<map name=\"image-map\">\n<area title=\"Panneaux de la balade 1\" alt=\"Panneaux de la balade 1\" coords=\"246,757,263,711,338,635,329,466,362,423,479,517,534,589,495,669,433,724,385,775,314,791\" shape=\"poly\" href=\"http:\/\/www.chemins-chouettes.ch\/?page_id=1256&amp;lang=fr\" target=\"_blank\" \/>\n<area title=\"Panneaux de la balade 2\" alt=\"Panneaux de la balade 2\" coords=\"959,8,822,16,636,167,600,278,610,392,708,388,860,202,957,64\" shape=\"poly\" href=\"http:\/\/www.chemins-chouettes.ch\/?page_id=1434&amp;lang=fr\" target=\"_blank\" \/>\n<area title=\"Panneaux de la balade 3\" alt=\"Panneaux de la balade 3\" coords=\"605,415,589,283,190,330,153,356,123,531,185,535,240,397,451,353,523,344,548,419\" shape=\"poly\" href=\"http:\/\/www.chemins-chouettes.ch\/?page_id=1434&amp;lang=fr\" target=\"_blank\" \/>\n<area title=\"Panneaux de la balade 4\" alt=\"Panneaux de la balade 4\" coords=\"190,548,242,443,292,395,370,390,321,476,283,555\" shape=\"poly\" href=\"http:\/\/www.chemins-chouettes.ch\/?page_id=1440&amp;lang=\" target=\"_blank\" \/>\n<area title=\"Panneaux de la balade 5\" alt=\"Panneaux de la balade 5\" coords=\"381,414,482,357,546,428,614,425,678,340,721,376,601,578,555,581\" shape=\"poly\" href=\"http:\/\/www.chemins-chouettes.ch\/?page_id=1442&amp;lang=fr\" target=\"_blank\" \/>\n<area title=\"Panneaux de la balade 6\" alt=\"Panneaux de la balade 6\" coords=\"170,305,118,290,54,351,19,447,6,528,12,583,86,584,125,478\" shape=\"poly\" href=\"http:\/\/www.chemins-chouettes.ch\/?page_id=1445&amp;lang=fr\" target=\"_blank\" \/>\n<area title=\"Panneaux de la balade 7\" alt=\"Panneaux de la balade 7\" coords=\"305,566,124,556,7,698,7,943,159,940,254,703,301,656,326,603\" shape=\"poly\" href=\"http:\/\/www.chemins-chouettes.ch\/?page_id=1448&amp;lang=fr\" target=\"\" \/>\n <\/map>\n","protected":false},"excerpt":{"rendered":"<p>Didaktischen Tafeln Gem\u00e4ss den Prinzipien des \u00d6kotourismus sind die didaktischen Tafeln der Entdeckung des nat\u00fcrlichen und kulturellen Erbes des Val-de-Ruz per Fussweg gewidmet. Allgemein Panel von \u00ab\u00a0Chemins chouettes\u00a0\u00bb Who sind die didaktischen Tafeln ? Klicken Sie auf einen der roten Punkte oder die Nummer eines Feldes auf dieser Karte, um auf die Liste einer der &#8230; <a title=\"Tafeln\" class=\"read-more\" href=\"http:\/\/www.chemins-chouettes.ch\/?page_id=1741&#038;lang=de\" aria-label=\"En savoir plus sur Tafeln\">Read more<\/a><\/p>\n","protected":false},"author":2,"featured_media":0,"parent":0,"menu_order":2,"comment_status":"closed","ping_status":"closed","template":"","meta":{"generate_page_header":"","footnotes":""},"class_list":["post-1741","page","type-page","status-publish"],"_links":{"self":[{"href":"http:\/\/www.chemins-chouettes.ch\/index.php?rest_route=\/wp\/v2\/pages\/1741","targetHints":{"allow":["GET"]}}],"collection":[{"href":"http:\/\/www.chemins-chouettes.ch\/index.php?rest_route=\/wp\/v2\/pages"}],"about":[{"href":"http:\/\/www.chemins-chouettes.ch\/index.php?rest_route=\/wp\/v2\/types\/page"}],"author":[{"embeddable":true,"href":"http:\/\/www.chemins-chouettes.ch\/index.php?rest_route=\/wp\/v2\/users\/2"}],"replies":[{"embeddable":true,"href":"http:\/\/www.chemins-chouettes.ch\/index.php?rest_route=%2Fwp%2Fv2%2Fcomments&post=1741"}],"version-history":[{"count":0,"href":"http:\/\/www.chemins-chouettes.ch\/index.php?rest_route=\/wp\/v2\/pages\/1741\/revisions"}],"wp:attachment":[{"href":"http:\/\/www.chemins-chouettes.ch\/index.php?rest_route=%2Fwp%2Fv2%2Fmedia&parent=1741"}],"curies":[{"name":"wp","href":"https:\/\/api.w.org\/{rel}","templated":true}]}}