{"id":586,"date":"2016-10-04T13:18:53","date_gmt":"2016-10-04T12:18:53","guid":{"rendered":"http:\/\/www.chemins-chouettes.ch\/?page_id=586"},"modified":"2016-11-05T16:09:58","modified_gmt":"2016-11-05T15:09:58","slug":"wanderung-2-vers-chasseral","status":"publish","type":"page","link":"http:\/\/www.chemins-chouettes.ch\/?page_id=586&lang=de","title":{"rendered":"Wanderung 2 &#8211; Vers Chasseral"},"content":{"rendered":"<p>Villiers, Les Planches, Le P\u00e2quier, La Combe-Biosse, Chasseral, la m\u00e9tairie de l&rsquo;Ile, Chuffort, Cl\u00e9mesin, Villiers<\/p>\n<p>Eine Erweiterung durch Cl\u00e9mesin ist markiert.<\/p>\n<div id=\"metaslider-id-1332\" style=\"max-width: 700px;\" class=\"ml-slider-3-109-0 metaslider metaslider-flex metaslider-1332 ml-slider has-dots-nav ms-theme-default\" role=\"region\" aria-label=\"Balade 2\" data-height=\"500\" data-width=\"700\">\n    <div id=\"metaslider_container_1332\">\n        <div id=\"metaslider_1332\">\n            <ul class='slides'>\n                <li style=\"display: block; width: 100%;\" class=\"slide-1330 ms-image \" aria-roledescription=\"slide\" data-date=\"2016-11-01 15:27:14\" data-filename=\"Balade2-Val-de-Ruz-700x500.jpg\" data-slide-type=\"image\"><img loading=\"lazy\" decoding=\"async\" src=\"http:\/\/www.chemins-chouettes.ch\/wp-content\/uploads\/2016\/11\/Balade2-Val-de-Ruz-700x500.jpg\" height=\"500\" width=\"700\" alt=\"\" class=\"slider-1332 slide-1330 msDefaultImage\" \/><\/li>\n                <li style=\"display: none; width: 100%;\" class=\"slide-1848 ms-image \" aria-roledescription=\"slide\" data-date=\"2016-11-25 11:32:57\" data-filename=\"CC-2-Vue-Coty-700x500.jpg\" data-slide-type=\"image\"><img loading=\"lazy\" decoding=\"async\" src=\"http:\/\/www.chemins-chouettes.ch\/wp-content\/uploads\/2016\/11\/CC-2-Vue-Coty-700x500.jpg\" height=\"500\" width=\"700\" alt=\"\" class=\"slider-1332 slide-1848 msDefaultImage\" \/><\/li>\n                <li style=\"display: none; width: 100%;\" class=\"slide-1844 ms-image \" aria-roledescription=\"slide\" data-date=\"2016-11-25 11:32:50\" data-filename=\"CC-2-Combe-Biosse-700x500.jpg\" data-slide-type=\"image\"><img loading=\"lazy\" decoding=\"async\" src=\"http:\/\/www.chemins-chouettes.ch\/wp-content\/uploads\/2016\/11\/CC-2-Combe-Biosse-700x500.jpg\" height=\"500\" width=\"700\" alt=\"\" class=\"slider-1332 slide-1844 msDefaultImage\" \/><\/li>\n                <li style=\"display: none; width: 100%;\" class=\"slide-1327 ms-image \" aria-roledescription=\"slide\" data-date=\"2016-11-01 15:27:09\" data-filename=\"Balade2-Le-Coty-700x500.jpg\" data-slide-type=\"image\"><img loading=\"lazy\" decoding=\"async\" src=\"http:\/\/www.chemins-chouettes.ch\/wp-content\/uploads\/2016\/11\/Balade2-Le-Coty-700x500.jpg\" height=\"500\" width=\"700\" alt=\"\" class=\"slider-1332 slide-1327 msDefaultImage\" \/><\/li>\n                <li style=\"display: none; width: 100%;\" class=\"slide-1329 ms-image \" aria-roledescription=\"slide\" data-date=\"2016-11-01 15:27:13\" data-filename=\"Balade2-Paquier-vue-des-Planches-700x500.jpg\" data-slide-type=\"image\"><img loading=\"lazy\" decoding=\"async\" src=\"http:\/\/www.chemins-chouettes.ch\/wp-content\/uploads\/2016\/11\/Balade2-Paquier-vue-des-Planches-700x500.jpg\" height=\"500\" width=\"700\" alt=\"\" class=\"slider-1332 slide-1329 msDefaultImage\" \/><\/li>\n                <li style=\"display: none; width: 100%;\" class=\"slide-1328 ms-image \" aria-roledescription=\"slide\" data-date=\"2016-11-01 15:27:11\" data-filename=\"Balade2-Metairie-Isle-700x500.jpg\" data-slide-type=\"image\"><img loading=\"lazy\" decoding=\"async\" src=\"http:\/\/www.chemins-chouettes.ch\/wp-content\/uploads\/2016\/11\/Balade2-Metairie-Isle-700x500.jpg\" height=\"500\" width=\"700\" alt=\"\" class=\"slider-1332 slide-1328 msDefaultImage\" \/><\/li>\n                <li style=\"display: none; width: 100%;\" class=\"slide-1319 ms-image \" aria-roledescription=\"slide\" data-date=\"2016-11-01 15:26:53\" data-filename=\"Balade2-Brouillard-Chuffort-700x500.jpg\" data-slide-type=\"image\"><img loading=\"lazy\" decoding=\"async\" src=\"http:\/\/www.chemins-chouettes.ch\/wp-content\/uploads\/2016\/11\/Balade2-Brouillard-Chuffort-700x500.jpg\" height=\"500\" width=\"700\" alt=\"\" class=\"slider-1332 slide-1319 msDefaultImage\" \/><\/li>\n                <li style=\"display: none; width: 100%;\" class=\"slide-1324 ms-image \" aria-roledescription=\"slide\" data-date=\"2016-11-01 15:27:03\" data-filename=\"Balade2-Combe-Biosse-700x500.jpg\" data-slide-type=\"image\"><img loading=\"lazy\" decoding=\"async\" src=\"http:\/\/www.chemins-chouettes.ch\/wp-content\/uploads\/2016\/11\/Balade2-Combe-Biosse-700x500.jpg\" height=\"500\" width=\"700\" alt=\"\" class=\"slider-1332 slide-1324 msDefaultImage\" \/><\/li>\n                <li style=\"display: none; width: 100%;\" class=\"slide-1322 ms-image \" aria-roledescription=\"slide\" data-date=\"2016-11-01 15:26:59\" data-filename=\"Balade2-Chuffort-Paturages-700x500.jpg\" data-slide-type=\"image\"><img loading=\"lazy\" decoding=\"async\" src=\"http:\/\/www.chemins-chouettes.ch\/wp-content\/uploads\/2016\/11\/Balade2-Chuffort-Paturages-700x500.jpg\" height=\"500\" width=\"700\" alt=\"\" class=\"slider-1332 slide-1322 msDefaultImage\" \/><\/li>\n                <li style=\"display: none; width: 100%;\" class=\"slide-1326 ms-image \" aria-roledescription=\"slide\" data-date=\"2016-11-01 15:27:07\" data-filename=\"Balade2-Frienisberg-700x500.jpg\" data-slide-type=\"image\"><img loading=\"lazy\" decoding=\"async\" src=\"http:\/\/www.chemins-chouettes.ch\/wp-content\/uploads\/2016\/11\/Balade2-Frienisberg-700x500.jpg\" height=\"500\" width=\"700\" alt=\"\" class=\"slider-1332 slide-1326 msDefaultImage\" \/><\/li>\n                <li style=\"display: none; width: 100%;\" class=\"slide-1847 ms-image \" aria-roledescription=\"slide\" data-date=\"2016-11-25 11:32:55\" data-filename=\"CC-2-Frinisberg-700x500.jpg\" data-slide-type=\"image\"><img loading=\"lazy\" decoding=\"async\" src=\"http:\/\/www.chemins-chouettes.ch\/wp-content\/uploads\/2016\/11\/CC-2-Frinisberg-700x500.jpg\" height=\"500\" width=\"700\" alt=\"\" class=\"slider-1332 slide-1847 msDefaultImage\" \/><\/li>\n                <li style=\"display: none; width: 100%;\" class=\"slide-1846 ms-image \" aria-roledescription=\"slide\" data-date=\"2016-11-25 11:32:54\" data-filename=\"CC-2-Frinisberg-2-700x500.jpg\" data-slide-type=\"image\"><img loading=\"lazy\" decoding=\"async\" src=\"http:\/\/www.chemins-chouettes.ch\/wp-content\/uploads\/2016\/11\/CC-2-Frinisberg-2-700x500.jpg\" height=\"500\" width=\"700\" alt=\"\" class=\"slider-1332 slide-1846 msDefaultImage\" \/><\/li>\n                <li style=\"display: none; width: 100%;\" class=\"slide-1325 ms-image \" aria-roledescription=\"slide\" data-date=\"2016-11-01 15:27:05\" data-filename=\"Balade2-Dolines-Chasseral-700x500.jpg\" data-slide-type=\"image\"><img loading=\"lazy\" decoding=\"async\" src=\"http:\/\/www.chemins-chouettes.ch\/wp-content\/uploads\/2016\/11\/Balade2-Dolines-Chasseral-700x500.jpg\" height=\"500\" width=\"700\" alt=\"\" class=\"slider-1332 slide-1325 msDefaultImage\" \/><\/li>\n                <li style=\"display: none; width: 100%;\" class=\"slide-1849 ms-image \" aria-roledescription=\"slide\" data-date=\"2016-11-25 11:32:58\" data-filename=\"CC-2-Vue-Lac-NE-700x500.jpg\" data-slide-type=\"image\"><img loading=\"lazy\" decoding=\"async\" src=\"http:\/\/www.chemins-chouettes.ch\/wp-content\/uploads\/2016\/11\/CC-2-Vue-Lac-NE-700x500.jpg\" height=\"500\" width=\"700\" alt=\"\" class=\"slider-1332 slide-1849 msDefaultImage\" \/><\/li>\n                <li style=\"display: none; width: 100%;\" class=\"slide-1323 ms-image \" aria-roledescription=\"slide\" data-date=\"2016-11-01 15:27:01\" data-filename=\"Balade2-Col-Cornette-700x500.jpg\" data-slide-type=\"image\"><img loading=\"lazy\" decoding=\"async\" src=\"http:\/\/www.chemins-chouettes.ch\/wp-content\/uploads\/2016\/11\/Balade2-Col-Cornette-700x500.jpg\" height=\"500\" width=\"700\" alt=\"\" class=\"slider-1332 slide-1323 msDefaultImage\" \/><\/li>\n                <li style=\"display: none; width: 100%;\" class=\"slide-1321 ms-image \" aria-roledescription=\"slide\" data-date=\"2016-11-01 15:26:58\" data-filename=\"Balade2-Chasseral-700x500.jpg\" data-slide-type=\"image\"><img loading=\"lazy\" decoding=\"async\" src=\"http:\/\/www.chemins-chouettes.ch\/wp-content\/uploads\/2016\/11\/Balade2-Chasseral-700x500.jpg\" height=\"500\" width=\"700\" alt=\"\" class=\"slider-1332 slide-1321 msDefaultImage\" \/><\/li>\n                <li style=\"display: none; width: 100%;\" class=\"slide-1318 ms-image \" aria-roledescription=\"slide\" data-date=\"2016-11-01 15:26:51\" data-filename=\"Balade2-Ancien-peage-700x500.jpg\" data-slide-type=\"image\"><img loading=\"lazy\" decoding=\"async\" src=\"http:\/\/www.chemins-chouettes.ch\/wp-content\/uploads\/2016\/11\/Balade2-Ancien-peage-700x500.jpg\" height=\"500\" width=\"700\" alt=\"\" class=\"slider-1332 slide-1318 msDefaultImage\" \/><\/li>\n                <li style=\"display: none; width: 100%;\" class=\"slide-1845 ms-image \" aria-roledescription=\"slide\" data-date=\"2016-11-25 11:32:52\" data-filename=\"CC-2-Coty-700x500.jpg\" data-slide-type=\"image\"><img loading=\"lazy\" decoding=\"async\" src=\"http:\/\/www.chemins-chouettes.ch\/wp-content\/uploads\/2016\/11\/CC-2-Coty-700x500.jpg\" height=\"500\" width=\"700\" alt=\"\" class=\"slider-1332 slide-1845 msDefaultImage\" \/><\/li>\n                <li style=\"display: none; width: 100%;\" class=\"slide-1843 ms-image \" aria-roledescription=\"slide\" data-date=\"2016-11-25 11:32:48\" data-filename=\"CC-2-Chasseral-700x500.jpg\" data-slide-type=\"image\"><img loading=\"lazy\" decoding=\"async\" src=\"http:\/\/www.chemins-chouettes.ch\/wp-content\/uploads\/2016\/11\/CC-2-Chasseral-700x500.jpg\" height=\"500\" width=\"700\" alt=\"\" class=\"slider-1332 slide-1843 msDefaultImage\" \/><\/li>\n                <li style=\"display: none; width: 100%;\" class=\"slide-1320 ms-image \" aria-roledescription=\"slide\" data-date=\"2016-11-01 15:26:55\" data-filename=\"Balade2-Chasseral-Sommet-700x500.jpg\" data-slide-type=\"image\"><img loading=\"lazy\" decoding=\"async\" src=\"http:\/\/www.chemins-chouettes.ch\/wp-content\/uploads\/2016\/11\/Balade2-Chasseral-Sommet-700x500.jpg\" height=\"500\" width=\"700\" alt=\"\" class=\"slider-1332 slide-1320 msDefaultImage\" \/><\/li>\n            <\/ul>\n        <\/div>\n        \n    <\/div>\n<\/div>\n<p><strong>Planen Sie \u00f6ffentliche Verkehrsmittel mit:\u00a0 <span style=\"color: #000000;\"><a href=\"http:\/\/www.sbb.ch\/home.html\" target=\"_blank\">SBB<\/a> &#8211; <a href=\"http:\/\/www.transn.ch\/de\/bienvenue.html\" target=\"_blank\">TransN<\/a><\/span> &#8211; <a href=\"https:\/\/www.postauto.ch\/de\" target=\"_blank\">PostAuto<\/a><\/strong><\/p>\n<table style=\"background-color: #99cc33; width: 700px;\" border=\"0\" cellspacing=\"1\" cellpadding=\"1\">\n<caption style=\"color: #330033;\"><span style=\"font-weight: bold;\"><br \/>\nEin- und Ausstiege f\u00fcr Wanderung 2<\/span><\/caption>\n<tbody>\n<tr>\n<td style=\"background-color: #339933; font-weight: bold; color: white;\">Ort<\/td>\n<td style=\"background-color: #339933; font-weight: bold; color: white;\">Parkplatz<\/td>\n<td style=\"background-color: #339933; font-weight: bold; color: white; width: 300px;\">Bushaltestelle<\/td>\n<td style=\"background-color: #339933; font-weight: bold; color: white;\">Bahnhof\u00a0 SBB<\/td>\n<\/tr>\n<tr>\n<td><span style=\"color: #000000;\">Villiers<\/span><\/td>\n<td><span style=\"color: #000000;\">ja<\/span><\/td>\n<td><span style=\"color: #000000;\">Buslinie 422<\/span><\/td>\n<td><span style=\"color: #000000;\"> &#8211;<\/span><\/td>\n<\/tr>\n<tr>\n<td style=\"background-color: white;\"><span style=\"color: #000000;\">Chasseral, H\u00f4tel<\/span><\/td>\n<td style=\"background-color: white;\"><span style=\"color: #000000;\">ja<\/span><\/td>\n<td style=\"background-color: white;\"><span style=\"color: #000000;\">Der Bus alpin im Regionalpark Chasseral <strong><a href=\"http:\/\/www.busalpin.ch\/site\/downloads\/fahrplaninfo_chasseral.pdf\" target=\"_blank\">Infos und Fahrplan (PDF)<\/a><\/strong><br \/>\n<span style=\"color: #0000ff;\"><strong>BUS 32<\/strong><\/span> ab La Neuveville, Post<br \/>\n<strong><span style=\"color: #0000ff;\">BUS 121<\/span><\/strong> ab St-Imier, Bahnhof<\/span><\/td>\n<td style=\"background-color: white;\"><span style=\"color: #000000;\"> &#8211;<\/span><\/td>\n<\/tr>\n<\/tbody>\n<\/table>\n<table style=\"background-color: #99cc33; width: 700px; height: 41px;\" border=\"1\" cellspacing=\"1\" cellpadding=\"3\">\n<tbody>\n<tr>\n<td style=\"background-color: #339933; font-weight: bold; color: white;\"><big>Karte\u00a0 der Wanderung 2<\/big><\/td>\n<\/tr>\n<\/tbody>\n<tbody>\n<tr>\n<td style=\"text-align: center;\"><span style=\"color: #000000;\"><img loading=\"lazy\" decoding=\"async\" class=\"alignnone wp-image-158\" src=\"http:\/\/www.chemins-chouettes.ch\/wp-content\/uploads\/2016\/09\/CC-balade-2-300x300.jpeg\" width=\"700\" height=\"700\" srcset=\"http:\/\/www.chemins-chouettes.ch\/wp-content\/uploads\/2016\/09\/CC-balade-2-300x300.jpeg 300w, http:\/\/www.chemins-chouettes.ch\/wp-content\/uploads\/2016\/09\/CC-balade-2-1024x1024.jpeg 1024w, http:\/\/www.chemins-chouettes.ch\/wp-content\/uploads\/2016\/09\/CC-balade-2-150x150.jpeg 150w, http:\/\/www.chemins-chouettes.ch\/wp-content\/uploads\/2016\/09\/CC-balade-2-768x768.jpeg 768w, http:\/\/www.chemins-chouettes.ch\/wp-content\/uploads\/2016\/09\/CC-balade-2-1536x1536.jpeg 1536w, http:\/\/www.chemins-chouettes.ch\/wp-content\/uploads\/2016\/09\/CC-balade-2.jpeg 1890w\" sizes=\"auto, (max-width: 700px) 100vw, 700px\" \/><\/span><\/td>\n<\/tr>\n<\/tbody>\n<\/table>\n<table style=\"font-family: Georgia; sans-serif; background-color: #99cc00; width: 701px; height: 280px;\" border=\"1\" cellspacing=\"1\" cellpadding=\"1\">\n<tbody>\n<tr>\n<td style=\"vertical-align: bottom; background-color: #339933; text-align: center; color: white;\">\n<h3><strong>Grosser Rundgang &#8211; Druckbare Version <\/strong><a href=\"http:\/\/www.chemins-chouettes.ch\/wp-content\/uploads\/2016\/10\/Profil-Wanderung-2-grande-boucle-de.pdf\" target=\"_blank\"><img loading=\"lazy\" decoding=\"async\" class=\"alignnone size-full wp-image-167\" src=\"http:\/\/www.chemins-chouettes.ch\/wp-content\/uploads\/2016\/09\/icon-print.png\" alt=\"icon-print\" width=\"40\" height=\"40\" \/><\/a><\/h3>\n<\/td>\n<\/tr>\n<tr>\n<td style=\"font-weight: bold; text-align: center; background-color: #99cc00; height: 200px; vertical-align: top;\"><img loading=\"lazy\" decoding=\"async\" class=\"alignnone wp-image-177\" src=\"http:\/\/www.chemins-chouettes.ch\/wp-content\/uploads\/2016\/09\/Balade-2-grande-boucle-300x118.jpg\" alt=\"balade-2-grande-boucle\" width=\"600\" height=\"237\" srcset=\"http:\/\/www.chemins-chouettes.ch\/wp-content\/uploads\/2016\/09\/Balade-2-grande-boucle-300x118.jpg 300w, http:\/\/www.chemins-chouettes.ch\/wp-content\/uploads\/2016\/09\/Balade-2-grande-boucle-768x303.jpg 768w, http:\/\/www.chemins-chouettes.ch\/wp-content\/uploads\/2016\/09\/Balade-2-grande-boucle.jpg 995w\" sizes=\"auto, (max-width: 600px) 100vw, 600px\" \/><span style=\"color: #000000;\"><br \/>\n<\/span><\/p>\n<table style=\"text-align: left; background-color: #ffcc00; height: 76px; width: 600px; margin-left: auto; margin-right: auto;\" border=\"0\" cellspacing=\"2\" cellpadding=\"2\">\n<tbody>\n<tr>\n<td style=\"vertical-align: top; width: 150px; text-align: left;\"><span style=\"color: #000000; font-size: 14px; text-align: left;\">Distanz<\/span><\/td>\n<td style=\"vertical-align: top; font-weight: bold; width: 150px; text-align: left;\"><span style=\"color: #000000; font-size: 14px; text-align: left;\">21.4 km<\/span><\/td>\n<td style=\"vertical-align: top; width: 150px;\"><span style=\"color: #000000; font-size: 14px; text-align: left;\">Dauer<\/span><\/td>\n<td style=\"vertical-align: top; font-weight: bold; width: 150px; text-align: left;\"><span style=\"color: #000000; font-size: 14px; text-align: left;\">6 Std. 33 Min.<br \/>\n<\/span><\/td>\n<\/tr>\n<tr>\n<td style=\"vertical-align: top; background-color: white; width: 123px; text-align: left;\"><span style=\"color: #000000; font-size: 14px; text-align: left;\">H\u00f6hendifferenz aufw\u00e4rts\u00a0\u00a0\u00a0<\/span><\/td>\n<td style=\"vertical-align: top; background-color: white; font-weight: bold; width: 103px; text-align: left;\"><span style=\"color: #000000; font-size: 14px; text-align: left;\">1&rsquo;052 m<\/span><\/td>\n<td style=\"vertical-align: top; background-color: white; width: 168px;\"><span style=\"color: #000000; font-size: 14px; text-align: left;\">H\u00f6hendifferenz abw\u00e4rts<\/span><\/td>\n<td style=\"vertical-align: top; background-color: white; font-weight: bold; width: 160px; text-align: left;\"><span style=\"color: #000000; font-size: 14px; text-align: left;\">1&rsquo;052 m<\/span><\/td>\n<\/tr>\n<tr>\n<td style=\"vertical-align: top; width: 123px;\"><span style=\"color: #000000; font-size: 14px; text-align: left;\">H\u00f6chster Punkt<\/span><\/td>\n<td style=\"vertical-align: top; font-weight: bold; width: 103px; text-align: left;\"><span style=\"color: #000000; font-size: 14px; text-align: left;\">1&rsquo;556 m<\/span><\/td>\n<td style=\"vertical-align: top; width: 168px;\"><span style=\"color: #000000; font-size: 14px; text-align: left;\">Tiefster Punkt<\/span><\/td>\n<td style=\"vertical-align: top; font-weight: bold; width: 160px; text-align: left;\"><span style=\"color: #000000; font-size: 14px; text-align: left;\">761 m<\/span><\/td>\n<\/tr>\n<\/tbody>\n<\/table>\n<\/td>\n<\/tr>\n<\/tbody>\n<\/table>\n<table style=\"font-family: Georgia; sans-serif; background-color: #99cc00; width: 701px; height: 280px;\" border=\"1\" cellspacing=\"1\" cellpadding=\"1\">\n<tbody>\n<tr>\n<td style=\"vertical-align: bottom; background-color: #339933; text-align: center; color: white;\">\n<h3><strong>Kleiner Rundgang &#8211; Druckbare Version <\/strong><a href=\"http:\/\/www.chemins-chouettes.ch\/wp-content\/uploads\/2016\/10\/Profil-Wanderung-2-petite-boucle-de.pdf\" target=\"_blank\"><img loading=\"lazy\" decoding=\"async\" class=\"alignnone size-full wp-image-167\" src=\"http:\/\/www.chemins-chouettes.ch\/wp-content\/uploads\/2016\/09\/icon-print.png\" alt=\"icon-print\" width=\"40\" height=\"40\" \/><\/a><\/h3>\n<\/td>\n<\/tr>\n<tr>\n<td style=\"font-weight: bold; text-align: center; background-color: #99cc00; height: 200px; vertical-align: top;\"><img loading=\"lazy\" decoding=\"async\" class=\"alignnone wp-image-178\" src=\"http:\/\/www.chemins-chouettes.ch\/wp-content\/uploads\/2016\/09\/Balade-2-petite-boucle-300x92.jpg\" alt=\"balade-2-petite-boucle\" width=\"600\" height=\"183\" srcset=\"http:\/\/www.chemins-chouettes.ch\/wp-content\/uploads\/2016\/09\/Balade-2-petite-boucle-300x92.jpg 300w, http:\/\/www.chemins-chouettes.ch\/wp-content\/uploads\/2016\/09\/Balade-2-petite-boucle-768x235.jpg 768w, http:\/\/www.chemins-chouettes.ch\/wp-content\/uploads\/2016\/09\/Balade-2-petite-boucle-1024x313.jpg 1024w, http:\/\/www.chemins-chouettes.ch\/wp-content\/uploads\/2016\/09\/Balade-2-petite-boucle.jpg 1508w\" sizes=\"auto, (max-width: 600px) 100vw, 600px\" \/><\/p>\n<table style=\"text-align: left; background-color: #ffcc00; height: 76px; width: 600px; margin-left: auto; margin-right: auto;\" border=\"0\" cellspacing=\"2\" cellpadding=\"2\">\n<tbody>\n<tr>\n<td style=\"vertical-align: top; width: 150px; text-align: left;\"><span style=\"color: #000000; font-size: 14px; text-align: left;\">Distanz<\/span><\/td>\n<td style=\"vertical-align: top; font-weight: bold; width: 150px; text-align: left;\"><span style=\"color: #000000; font-size: 14px; text-align: left;\">8.9 km<\/span><\/td>\n<td style=\"vertical-align: top; width: 150px;\"><span style=\"color: #000000; font-size: 14px; text-align: left;\">Dauer<\/span><\/td>\n<td style=\"vertical-align: top; font-weight: bold; width: 150px; text-align: left;\"><span style=\"color: #000000; font-size: 14px; text-align: left;\">2 Std. 35 Min.<br \/>\n<\/span><\/td>\n<\/tr>\n<tr>\n<td style=\"vertical-align: top; background-color: white; width: 123px; text-align: left;\"><span style=\"color: #000000; font-size: 14px; text-align: left;\">H\u00f6hendifferenz aufw\u00e4rts\u00a0\u00a0\u00a0<\/span><\/td>\n<td style=\"vertical-align: top; background-color: white; font-weight: bold; width: 103px; text-align: left;\"><span style=\"color: #000000; font-size: 14px; text-align: left;\">404 m<\/span><\/td>\n<td style=\"vertical-align: top; background-color: white; width: 168px;\"><span style=\"color: #000000; font-size: 14px; text-align: left;\">H\u00f6hendifferenz abw\u00e4rts<\/span><\/td>\n<td style=\"vertical-align: top; background-color: white; font-weight: bold; width: 160px; text-align: left;\"><span style=\"color: #000000; font-size: 14px; text-align: left;\">404 m<\/span><\/td>\n<\/tr>\n<tr>\n<td style=\"vertical-align: top; width: 123px;\"><span style=\"color: #000000; font-size: 14px; text-align: left;\">H\u00f6chster Punkt<\/span><\/td>\n<td style=\"vertical-align: top; font-weight: bold; width: 103px; text-align: left;\"><span style=\"color: #000000; font-size: 14px; text-align: left;\">1&rsquo;003 m<\/span><\/td>\n<td style=\"vertical-align: top; width: 168px;\"><span style=\"color: #000000; font-size: 14px; text-align: left;\">Tiefster Punkt<\/span><\/td>\n<td style=\"vertical-align: top; font-weight: bold; width: 160px; text-align: left;\"><span style=\"color: #000000; font-size: 14px; text-align: left;\">761 m<\/span><\/td>\n<\/tr>\n<\/tbody>\n<\/table>\n<\/td>\n<\/tr>\n<\/tbody>\n<\/table>\n<table style=\"font-family: Georgia; sans-serif; background-color: #99cc00; width: 701px; height: 280px;\" border=\"1\" cellspacing=\"1\" cellpadding=\"1\">\n<tbody>\n<tr>\n<td style=\"vertical-align: bottom; background-color: #339933; text-align: center; color: white;\">\n<h3><strong>Oberer Rundgang &#8211; Druckbare Version <\/strong><a href=\"http:\/\/www.chemins-chouettes.ch\/wp-content\/uploads\/2016\/10\/Profil-Wanderung-2-boucle-superieure-de.pdf\" target=\"_blank\"><img loading=\"lazy\" decoding=\"async\" class=\"alignnone size-full wp-image-167\" src=\"http:\/\/www.chemins-chouettes.ch\/wp-content\/uploads\/2016\/09\/icon-print.png\" alt=\"icon-print\" width=\"40\" height=\"40\" \/><\/a><\/h3>\n<\/td>\n<\/tr>\n<tr>\n<td style=\"font-weight: bold; text-align: center; background-color: #99cc00; height: 200px; vertical-align: top;\"><img loading=\"lazy\" decoding=\"async\" class=\"alignnone wp-image-176\" src=\"http:\/\/www.chemins-chouettes.ch\/wp-content\/uploads\/2016\/09\/Balade-2-boucle-superieure-300x136.jpg\" alt=\"balade-2-boucle-superieure\" width=\"600\" height=\"272\" srcset=\"http:\/\/www.chemins-chouettes.ch\/wp-content\/uploads\/2016\/09\/Balade-2-boucle-superieure-300x136.jpg 300w, http:\/\/www.chemins-chouettes.ch\/wp-content\/uploads\/2016\/09\/Balade-2-boucle-superieure-768x348.jpg 768w, http:\/\/www.chemins-chouettes.ch\/wp-content\/uploads\/2016\/09\/Balade-2-boucle-superieure.jpg 995w\" sizes=\"auto, (max-width: 600px) 100vw, 600px\" \/><\/p>\n<table style=\"text-align: left; background-color: #ffcc00; height: 76px; width: 600px; margin-left: auto; margin-right: auto;\" border=\"0\" cellspacing=\"2\" cellpadding=\"2\">\n<tbody>\n<tr>\n<td style=\"vertical-align: top; width: 150px; text-align: left;\"><span style=\"color: #000000; font-size: 14px; text-align: left;\">Distanz<\/span><\/td>\n<td style=\"vertical-align: top; font-weight: bold; width: 150px; text-align: left;\"><span style=\"color: #000000; font-size: 14px; text-align: left;\">14.5 km<\/span><\/td>\n<td style=\"vertical-align: top; width: 150px;\"><span style=\"color: #000000; font-size: 14px; text-align: left;\">Dauer<\/span><\/td>\n<td style=\"vertical-align: top; font-weight: bold; width: 150px; text-align: left;\"><span style=\"color: #000000; font-size: 14px; text-align: left;\">4 Std. 35 Min.<br \/>\n<\/span><\/td>\n<\/tr>\n<tr>\n<td style=\"vertical-align: top; background-color: white; width: 123px; text-align: left;\"><span style=\"color: #000000; font-size: 14px; text-align: left;\">H\u00f6hendifferenz aufw\u00e4rts\u00a0\u00a0<\/span><strong><span style=\"color: #000000; font-size: 14px; text-align: left;\">\u00a0 <\/span><\/strong><\/td>\n<td style=\"vertical-align: top; background-color: white; font-weight: bold; width: 103px; text-align: left;\"><span style=\"color: #000000; font-size: 14px; text-align: left;\">758 m<\/span><\/td>\n<td style=\"vertical-align: top; background-color: white; width: 168px;\"><span style=\"color: #000000; font-size: 14px; text-align: left;\">H\u00f6hendifferenz abw\u00e4rts<\/span><\/td>\n<td style=\"vertical-align: top; background-color: white; font-weight: bold; width: 160px; text-align: left;\"><span style=\"color: #000000; font-size: 14px; text-align: left;\">758 m<\/span><\/td>\n<\/tr>\n<tr>\n<td style=\"vertical-align: top; width: 123px;\"><span style=\"color: #000000; font-size: 14px; text-align: left;\">H\u00f6chster Punkt<\/span><\/td>\n<td style=\"vertical-align: top; font-weight: bold; width: 103px; text-align: left;\"><span style=\"color: #000000; font-size: 14px; text-align: left;\">1&rsquo;556 m<\/span><\/td>\n<td style=\"vertical-align: top; width: 168px;\"><span style=\"color: #000000; font-size: 14px; text-align: left;\">Tiefster Punkt<\/span><\/td>\n<td style=\"vertical-align: top; font-weight: bold; width: 160px; text-align: left;\"><span style=\"color: #000000; font-size: 14px; text-align: left;\">919 m<\/span><\/td>\n<\/tr>\n<\/tbody>\n<\/table>\n<\/td>\n<\/tr>\n<\/tbody>\n<\/table>\n","protected":false},"excerpt":{"rendered":"<p>Villiers, Les Planches, Le P\u00e2quier, La Combe-Biosse, Chasseral, la m\u00e9tairie de l&rsquo;Ile, Chuffort, Cl\u00e9mesin, Villiers Eine Erweiterung durch Cl\u00e9mesin ist markiert. Planen Sie \u00f6ffentliche Verkehrsmittel mit:\u00a0 SBB &#8211; TransN &#8211; PostAuto Ein- und Ausstiege f\u00fcr Wanderung 2 Ort Parkplatz Bushaltestelle Bahnhof\u00a0 SBB Villiers ja Buslinie 422 &#8211; Chasseral, H\u00f4tel ja Der Bus alpin im Regionalpark &#8230; <a title=\"Wanderung 2 &#8211; Vers Chasseral\" class=\"read-more\" href=\"http:\/\/www.chemins-chouettes.ch\/?page_id=586&#038;lang=de\" aria-label=\"En savoir plus sur Wanderung 2 &#8211; Vers Chasseral\">Read more<\/a><\/p>\n","protected":false},"author":2,"featured_media":0,"parent":61,"menu_order":0,"comment_status":"closed","ping_status":"closed","template":"","meta":{"generate_page_header":"","footnotes":""},"class_list":["post-586","page","type-page","status-publish"],"_links":{"self":[{"href":"http:\/\/www.chemins-chouettes.ch\/index.php?rest_route=\/wp\/v2\/pages\/586","targetHints":{"allow":["GET"]}}],"collection":[{"href":"http:\/\/www.chemins-chouettes.ch\/index.php?rest_route=\/wp\/v2\/pages"}],"about":[{"href":"http:\/\/www.chemins-chouettes.ch\/index.php?rest_route=\/wp\/v2\/types\/page"}],"author":[{"embeddable":true,"href":"http:\/\/www.chemins-chouettes.ch\/index.php?rest_route=\/wp\/v2\/users\/2"}],"replies":[{"embeddable":true,"href":"http:\/\/www.chemins-chouettes.ch\/index.php?rest_route=%2Fwp%2Fv2%2Fcomments&post=586"}],"version-history":[{"count":0,"href":"http:\/\/www.chemins-chouettes.ch\/index.php?rest_route=\/wp\/v2\/pages\/586\/revisions"}],"up":[{"embeddable":true,"href":"http:\/\/www.chemins-chouettes.ch\/index.php?rest_route=\/wp\/v2\/pages\/61"}],"wp:attachment":[{"href":"http:\/\/www.chemins-chouettes.ch\/index.php?rest_route=%2Fwp%2Fv2%2Fmedia&parent=586"}],"curies":[{"name":"wp","href":"https:\/\/api.w.org\/{rel}","templated":true}]}}