{"id":863,"date":"2016-10-12T09:17:47","date_gmt":"2016-10-12T08:17:47","guid":{"rendered":"http:\/\/www.chemins-chouettes.ch\/?page_id=863"},"modified":"2016-11-05T16:10:46","modified_gmt":"2016-11-05T15:10:46","slug":"walk-3-les-boviducs","status":"publish","type":"page","link":"http:\/\/www.chemins-chouettes.ch\/?page_id=863&lang=en","title":{"rendered":"Walk 3 &#8211; Les boviducs"},"content":{"rendered":"<p>Dombresson, Les Planches, Les Vieux-Pr\u00e9s, Montagne de Ch\u00e9zard, Montagne de Cernier, La Vue des Alpes, Les Hauts-Geneveys<\/p>\n<div id=\"metaslider-id-1331\" style=\"max-width: 700px;\" class=\"ml-slider-3-108-0 metaslider metaslider-flex metaslider-1331 ml-slider has-dots-nav ms-theme-default\" role=\"region\" aria-label=\"Balade 3\" data-height=\"500\" data-width=\"700\">\n    <div id=\"metaslider_container_1331\">\n        <div id=\"metaslider_1331\">\n            <ul class='slides'>\n                <li style=\"display: block; width: 100%;\" class=\"slide-1354 ms-image \" aria-roledescription=\"slide\" data-date=\"2016-11-01 15:39:48\" data-filename=\"Balade3-Vue-Alpes-700x500.jpg\" data-slide-type=\"image\"><img loading=\"lazy\" decoding=\"async\" src=\"http:\/\/www.chemins-chouettes.ch\/wp-content\/uploads\/2016\/11\/Balade3-Vue-Alpes-700x500.jpg\" height=\"500\" width=\"700\" alt=\"\" class=\"slider-1331 slide-1354 msDefaultImage\" \/><\/li>\n                <li style=\"display: none; width: 100%;\" class=\"slide-1353 ms-image \" aria-roledescription=\"slide\" data-date=\"2016-11-01 15:39:47\" data-filename=\"Balade3-Val-de-Ruz-700x500.jpg\" data-slide-type=\"image\"><img loading=\"lazy\" decoding=\"async\" src=\"http:\/\/www.chemins-chouettes.ch\/wp-content\/uploads\/2016\/11\/Balade3-Val-de-Ruz-700x500.jpg\" height=\"500\" width=\"700\" alt=\"\" class=\"slider-1331 slide-1353 msDefaultImage\" \/><\/li>\n                <li style=\"display: none; width: 100%;\" class=\"slide-1856 ms-image \" aria-roledescription=\"slide\" data-date=\"2016-11-25 11:48:33\" data-filename=\"CC-3-Point-de-vue-700x500.jpg\" data-slide-type=\"image\"><img loading=\"lazy\" decoding=\"async\" src=\"http:\/\/www.chemins-chouettes.ch\/wp-content\/uploads\/2016\/11\/CC-3-Point-de-vue-700x500.jpg\" height=\"500\" width=\"700\" alt=\"\" class=\"slider-1331 slide-1856 msDefaultImage\" \/><\/li>\n                <li style=\"display: none; width: 100%;\" class=\"slide-1343 ms-image \" aria-roledescription=\"slide\" data-date=\"2016-11-01 15:39:29\" data-filename=\"Balade3-Chantier-mur-pierres-seches-1-700x500.jpg\" data-slide-type=\"image\"><img loading=\"lazy\" decoding=\"async\" src=\"http:\/\/www.chemins-chouettes.ch\/wp-content\/uploads\/2016\/11\/Balade3-Chantier-mur-pierres-seches-1-700x500.jpg\" height=\"500\" width=\"700\" alt=\"\" class=\"slider-1331 slide-1343 msDefaultImage\" \/><\/li>\n                <li style=\"display: none; width: 100%;\" class=\"slide-1344 ms-image \" aria-roledescription=\"slide\" data-date=\"2016-11-01 15:39:31\" data-filename=\"Balade3-Chantier-mur-pierres-seches-700x500.jpg\" data-slide-type=\"image\"><img loading=\"lazy\" decoding=\"async\" src=\"http:\/\/www.chemins-chouettes.ch\/wp-content\/uploads\/2016\/11\/Balade3-Chantier-mur-pierres-seches-700x500.jpg\" height=\"500\" width=\"700\" alt=\"\" class=\"slider-1331 slide-1344 msDefaultImage\" \/><\/li>\n                <li style=\"display: none; width: 100%;\" class=\"slide-1352 ms-image \" aria-roledescription=\"slide\" data-date=\"2016-11-01 15:39:45\" data-filename=\"Balade3-Torree-700x500.jpg\" data-slide-type=\"image\"><img loading=\"lazy\" decoding=\"async\" src=\"http:\/\/www.chemins-chouettes.ch\/wp-content\/uploads\/2016\/11\/Balade3-Torree-700x500.jpg\" height=\"500\" width=\"700\" alt=\"\" class=\"slider-1331 slide-1352 msDefaultImage\" \/><\/li>\n                <li style=\"display: none; width: 100%;\" class=\"slide-1350 ms-image \" aria-roledescription=\"slide\" data-date=\"2016-11-01 15:39:41\" data-filename=\"Balade3-Paturage-boise-700x500.jpg\" data-slide-type=\"image\"><img loading=\"lazy\" decoding=\"async\" src=\"http:\/\/www.chemins-chouettes.ch\/wp-content\/uploads\/2016\/11\/Balade3-Paturage-boise-700x500.jpg\" height=\"500\" width=\"700\" alt=\"\" class=\"slider-1331 slide-1350 msDefaultImage\" \/><\/li>\n                <li style=\"display: none; width: 100%;\" class=\"slide-1347 ms-image \" aria-roledescription=\"slide\" data-date=\"2016-11-01 15:39:36\" data-filename=\"Balade3-Montagne-Cernier-Liniere-700x500.jpg\" data-slide-type=\"image\"><img loading=\"lazy\" decoding=\"async\" src=\"http:\/\/www.chemins-chouettes.ch\/wp-content\/uploads\/2016\/11\/Balade3-Montagne-Cernier-Liniere-700x500.jpg\" height=\"500\" width=\"700\" alt=\"\" class=\"slider-1331 slide-1347 msDefaultImage\" \/><\/li>\n                <li style=\"display: none; width: 100%;\" class=\"slide-1853 ms-image \" aria-roledescription=\"slide\" data-date=\"2016-11-25 11:48:27\" data-filename=\"CC-3-Boviducs-700x500.jpg\" data-slide-type=\"image\"><img loading=\"lazy\" decoding=\"async\" src=\"http:\/\/www.chemins-chouettes.ch\/wp-content\/uploads\/2016\/11\/CC-3-Boviducs-700x500.jpg\" height=\"500\" width=\"700\" alt=\"\" class=\"slider-1331 slide-1853 msDefaultImage\" \/><\/li>\n                <li style=\"display: none; width: 100%;\" class=\"slide-1341 ms-image \" aria-roledescription=\"slide\" data-date=\"2016-11-01 15:39:24\" data-filename=\"Balade3-Boviducs-1-700x500.jpg\" data-slide-type=\"image\"><img loading=\"lazy\" decoding=\"async\" src=\"http:\/\/www.chemins-chouettes.ch\/wp-content\/uploads\/2016\/11\/Balade3-Boviducs-1-700x500.jpg\" height=\"500\" width=\"700\" alt=\"\" class=\"slider-1331 slide-1341 msDefaultImage\" \/><\/li>\n                <li style=\"display: none; width: 100%;\" class=\"slide-1854 ms-image \" aria-roledescription=\"slide\" data-date=\"2016-11-25 11:48:29\" data-filename=\"CC-3-Mur-700x500.jpg\" data-slide-type=\"image\"><img loading=\"lazy\" decoding=\"async\" src=\"http:\/\/www.chemins-chouettes.ch\/wp-content\/uploads\/2016\/11\/CC-3-Mur-700x500.jpg\" height=\"500\" width=\"700\" alt=\"\" class=\"slider-1331 slide-1854 msDefaultImage\" \/><\/li>\n                <li style=\"display: none; width: 100%;\" class=\"slide-1852 ms-image \" aria-roledescription=\"slide\" data-date=\"2016-11-25 11:48:25\" data-filename=\"CC-3-Boviducs-2-700x500.jpg\" data-slide-type=\"image\"><img loading=\"lazy\" decoding=\"async\" src=\"http:\/\/www.chemins-chouettes.ch\/wp-content\/uploads\/2016\/11\/CC-3-Boviducs-2-700x500.jpg\" height=\"500\" width=\"700\" alt=\"\" class=\"slider-1331 slide-1852 msDefaultImage\" \/><\/li>\n                <li style=\"display: none; width: 100%;\" class=\"slide-1342 ms-image \" aria-roledescription=\"slide\" data-date=\"2016-11-01 15:39:27\" data-filename=\"Balade3-Boviducs-700x500.jpg\" data-slide-type=\"image\"><img loading=\"lazy\" decoding=\"async\" src=\"http:\/\/www.chemins-chouettes.ch\/wp-content\/uploads\/2016\/11\/Balade3-Boviducs-700x500.jpg\" height=\"500\" width=\"700\" alt=\"\" class=\"slider-1331 slide-1342 msDefaultImage\" \/><\/li>\n                <li style=\"display: none; width: 100%;\" class=\"slide-1348 ms-image \" aria-roledescription=\"slide\" data-date=\"2016-11-01 15:39:38\" data-filename=\"Balade3-Ouest-700x500.jpg\" data-slide-type=\"image\"><img loading=\"lazy\" decoding=\"async\" src=\"http:\/\/www.chemins-chouettes.ch\/wp-content\/uploads\/2016\/11\/Balade3-Ouest-700x500.jpg\" height=\"500\" width=\"700\" alt=\"\" class=\"slider-1331 slide-1348 msDefaultImage\" \/><\/li>\n                <li style=\"display: none; width: 100%;\" class=\"slide-1351 ms-image \" aria-roledescription=\"slide\" data-date=\"2016-11-01 15:39:43\" data-filename=\"Balade3-Tilleul-Les-Planches-700x500.jpg\" data-slide-type=\"image\"><img loading=\"lazy\" decoding=\"async\" src=\"http:\/\/www.chemins-chouettes.ch\/wp-content\/uploads\/2016\/11\/Balade3-Tilleul-Les-Planches-700x500.jpg\" height=\"500\" width=\"700\" alt=\"\" class=\"slider-1331 slide-1351 msDefaultImage\" \/><\/li>\n                <li style=\"display: none; width: 100%;\" class=\"slide-2122 ms-image \" aria-roledescription=\"slide\" data-date=\"2016-12-28 17:26:48\" data-filename=\"Chantier-Boviducs-Pouette-Mange-700x500.jpg\" data-slide-type=\"image\"><img loading=\"lazy\" decoding=\"async\" src=\"http:\/\/www.chemins-chouettes.ch\/wp-content\/uploads\/2016\/12\/Chantier-Boviducs-Pouette-Mange-700x500.jpg\" height=\"500\" width=\"700\" alt=\"\" class=\"slider-1331 slide-2122 msDefaultImage\" \/><\/li>\n                <li style=\"display: none; width: 100%;\" class=\"slide-1851 ms-image \" aria-roledescription=\"slide\" data-date=\"2016-11-25 11:48:23\" data-filename=\"CC-3-Boviducs-1-700x500.jpg\" data-slide-type=\"image\"><img loading=\"lazy\" decoding=\"async\" src=\"http:\/\/www.chemins-chouettes.ch\/wp-content\/uploads\/2016\/11\/CC-3-Boviducs-1-700x500.jpg\" height=\"500\" width=\"700\" alt=\"\" class=\"slider-1331 slide-1851 msDefaultImage\" \/><\/li>\n                <li style=\"display: none; width: 100%;\" class=\"slide-1855 ms-image \" aria-roledescription=\"slide\" data-date=\"2016-11-25 11:48:31\" data-filename=\"CC-3-Planches-700x500.jpg\" data-slide-type=\"image\"><img loading=\"lazy\" decoding=\"async\" src=\"http:\/\/www.chemins-chouettes.ch\/wp-content\/uploads\/2016\/11\/CC-3-Planches-700x500.jpg\" height=\"500\" width=\"700\" alt=\"\" class=\"slider-1331 slide-1855 msDefaultImage\" \/><\/li>\n                <li style=\"display: none; width: 100%;\" class=\"slide-1345 ms-image \" aria-roledescription=\"slide\" data-date=\"2016-11-01 15:39:33\" data-filename=\"Balade3-Chasseral-700x500.jpg\" data-slide-type=\"image\"><img loading=\"lazy\" decoding=\"async\" src=\"http:\/\/www.chemins-chouettes.ch\/wp-content\/uploads\/2016\/11\/Balade3-Chasseral-700x500.jpg\" height=\"500\" width=\"700\" alt=\"\" class=\"slider-1331 slide-1345 msDefaultImage\" \/><\/li>\n                <li style=\"display: none; width: 100%;\" class=\"slide-1850 ms-image \" aria-roledescription=\"slide\" data-date=\"2016-11-25 11:48:21\" data-filename=\"CC-3-Allees-700x500.jpg\" data-slide-type=\"image\"><img loading=\"lazy\" decoding=\"async\" src=\"http:\/\/www.chemins-chouettes.ch\/wp-content\/uploads\/2016\/11\/CC-3-Allees-700x500.jpg\" height=\"500\" width=\"700\" alt=\"\" class=\"slider-1331 slide-1850 msDefaultImage\" \/><\/li>\n            <\/ul>\n        <\/div>\n        \n    <\/div>\n<\/div>\n<p>Through the Vieux-Pr\u00e9s, you can sing\u00a0 the <strong>\u201eChanson des Vieux-Pr\u00e9s\u201c<\/strong> : Online music score <a href=\"http:\/\/www.chemins-chouettes.ch\/wp-content\/uploads\/2016\/09\/Chanson-Vieux-Pres.pdf\" target=\"_blank\"><strong>HERE<\/strong><\/a>. Listen to it for 30 seconds on iTunes <a href=\"https:\/\/itunes.apple.com\/fr\/album\/les-plus-belles-chansons-romandie\/id613230417\" target=\"_blank\"><strong>HERE<\/strong><\/a>.<\/p>\n<p><strong>Find your public transport schedule with : <span style=\"color: #000000;\"><a href=\"http:\/\/www.sbb.ch\/en\/timetable.html\" target=\"_blank\">SBB<\/a> &#8211; <a href=\"http:\/\/www.transn.ch\/de\/bienvenue.html\" target=\"_blank\">TransN<\/a><\/span> &#8211; <a href=\"https:\/\/www.postauto.ch\/en\" target=\"_blank\">PostBus<\/a><\/strong><\/p>\n<table style=\"background-color: #99cc33; width: 700px;\" border=\"0\" cellspacing=\"1\" cellpadding=\"1\">\n<caption style=\"color: #330033;\"><span style=\"font-weight: bold;\"><br \/>\nYour access points for walk 3<\/span><\/caption>\n<tbody>\n<tr>\n<td style=\"background-color: #339933; width: 150px; font-weight: bold; color: white;\">Place<\/td>\n<td style=\"background-color: #339933; width: 80px; font-weight: bold; color: white;\">Parking<\/td>\n<td style=\"background-color: #339933; width: 280px; font-weight: bold; color: white;\">Bus Station<\/td>\n<td style=\"background-color: #339933; width: 80px; font-weight: bold; color: white;\">SBB station<\/td>\n<\/tr>\n<tr>\n<td><span style=\"color: #000000;\">Dombresson<\/span><\/td>\n<td><span style=\"color: #000000;\">yes<\/span><\/td>\n<td><span style=\"color: #000000;\">Line 422<\/span><\/td>\n<td><span style=\"color: #000000;\"> &#8211;<\/span><\/td>\n<\/tr>\n<tr>\n<td style=\"background-color: white;\">La Vue-des-Alpes<\/td>\n<td style=\"background-color: white;\"><span style=\"color: #000000;\">yes<\/span><\/td>\n<td style=\"background-color: white;\">Line 370 from La Chaux-de-Fonds ==&gt;<br \/>\n<strong><a href=\"http:\/\/www.transn.ch\/fr\/reseau-horaires\/la-chaux-de-fonds\/chaux-de-fonds-jour.html?l=370&amp;s=0&amp;d=1&amp;p=\" target=\"_blank\">Line schedule 370<\/a><\/strong><br \/>\n<strong>Attention <\/strong>: Reservation mini. 30 min<br \/>\nbefore the start time at 079 637 51 64<\/td>\n<td style=\"background-color: white;\"><span style=\"color: #000000;\"> &#8211;<\/span><\/td>\n<\/tr>\n<tr>\n<td>Les Hauts-Geneveys<\/td>\n<td><span style=\"color: #000000;\">yes<\/span><\/td>\n<td><span style=\"color: #000000;\">Line 423<\/span><\/td>\n<td><span style=\"color: #000000;\">yes<\/span><\/td>\n<\/tr>\n<\/tbody>\n<\/table>\n<table style=\"background-color: #99cc33; width: 700px; height: 41px;\" border=\"1\" cellspacing=\"1\" cellpadding=\"3\">\n<tbody>\n<tr>\n<td style=\"background-color: #339933; font-weight: bold; color: white;\"><big>Map of walk 3<\/big><\/td>\n<\/tr>\n<\/tbody>\n<tbody>\n<tr>\n<td style=\"text-align: center;\"><span style=\"color: #000000;\"><img loading=\"lazy\" decoding=\"async\" class=\"alignnone wp-image-159 size-full\" src=\"http:\/\/www.chemins-chouettes.ch\/wp-content\/uploads\/2016\/09\/CC-balade-3.jpeg\" alt=\"cc-balade-3\" width=\"886\" height=\"886\" srcset=\"http:\/\/www.chemins-chouettes.ch\/wp-content\/uploads\/2016\/09\/CC-balade-3.jpeg 1890w, http:\/\/www.chemins-chouettes.ch\/wp-content\/uploads\/2016\/09\/CC-balade-3-300x300.jpeg 300w, http:\/\/www.chemins-chouettes.ch\/wp-content\/uploads\/2016\/09\/CC-balade-3-1024x1024.jpeg 1024w, http:\/\/www.chemins-chouettes.ch\/wp-content\/uploads\/2016\/09\/CC-balade-3-150x150.jpeg 150w, http:\/\/www.chemins-chouettes.ch\/wp-content\/uploads\/2016\/09\/CC-balade-3-768x768.jpeg 768w, http:\/\/www.chemins-chouettes.ch\/wp-content\/uploads\/2016\/09\/CC-balade-3-1536x1536.jpeg 1536w\" sizes=\"auto, (max-width: 886px) 100vw, 886px\" \/><\/span><\/td>\n<\/tr>\n<\/tbody>\n<\/table>\n<table style=\"font-family: Georgia; sans-serif; background-color: #99cc00; width: 701px; height: 280px;\" border=\"1\" cellspacing=\"1\" cellpadding=\"1\">\n<tbody>\n<tr>\n<td style=\"vertical-align: bottom; background-color: #339933; text-align: center; color: white;\">\n<h3><strong>Course Dombresson &#8211; Les Hauts-Geneveys &#8211; (print) <\/strong><a href=\"http:\/\/www.chemins-chouettes.ch\/wp-content\/uploads\/2016\/10\/Record-Walk-3-en.pdf\" target=\"_blank\"><img loading=\"lazy\" decoding=\"async\" class=\"alignnone size-full wp-image-167\" src=\"http:\/\/www.chemins-chouettes.ch\/wp-content\/uploads\/2016\/09\/icon-print.png\" alt=\"icon-print\" width=\"40\" height=\"40\" \/><\/a><\/h3>\n<\/td>\n<\/tr>\n<tr>\n<td style=\"font-weight: bold; text-align: center; background-color: #99cc00; height: 200px; vertical-align: top;\"><img loading=\"lazy\" decoding=\"async\" class=\"alignnone wp-image-179\" src=\"http:\/\/www.chemins-chouettes.ch\/wp-content\/uploads\/2016\/09\/Balade-3-300x119.jpg\" alt=\"balade-3\" width=\"600\" height=\"237\" srcset=\"http:\/\/www.chemins-chouettes.ch\/wp-content\/uploads\/2016\/09\/Balade-3-300x119.jpg 300w, http:\/\/www.chemins-chouettes.ch\/wp-content\/uploads\/2016\/09\/Balade-3-768x304.jpg 768w, http:\/\/www.chemins-chouettes.ch\/wp-content\/uploads\/2016\/09\/Balade-3.jpg 1016w\" sizes=\"auto, (max-width: 600px) 100vw, 600px\" \/><\/p>\n<table style=\"text-align: left; background-color: #ffcc00; height: 76px; width: 600px; margin-left: auto; margin-right: auto;\" border=\"0\" cellspacing=\"2\" cellpadding=\"2\">\n<tbody>\n<tr>\n<td style=\"vertical-align: top; width: 150px; text-align: left;\"><span style=\"color: #000000; font-size: 14px; text-align: left;\">Distance<\/span><\/td>\n<td style=\"vertical-align: top; font-weight: bold; width: 150px; text-align: left;\"><span style=\"color: #000000; font-size: 14px; text-align: left;\">15.4 km<\/span><\/td>\n<td style=\"vertical-align: top; width: 150px;\"><span style=\"color: #000000; font-size: 14px; text-align: left;\">Duration<\/span><\/td>\n<td style=\"vertical-align: top; font-weight: bold; width: 150px; text-align: left;\"><span style=\"color: #000000; font-size: 14px; text-align: left;\">4 h 26<\/span><\/td>\n<\/tr>\n<tr>\n<td style=\"vertical-align: top; background-color: white; width: 123px; text-align: left;\"><span style=\"color: #000000; font-size: 14px; text-align: left;\">Gain<\/span><\/td>\n<td style=\"vertical-align: top; background-color: white; font-weight: bold; width: 103px; text-align: left;\"><span style=\"color: #000000; font-size: 14px; text-align: left;\">683 m<\/span><\/td>\n<td style=\"vertical-align: top; background-color: white; width: 168px;\">Loss<\/td>\n<td style=\"vertical-align: top; background-color: white; font-weight: bold; width: 160px; text-align: left;\"><span style=\"color: #000000; font-size: 14px; text-align: left;\">468 m<\/span><\/td>\n<\/tr>\n<tr>\n<td style=\"vertical-align: top; width: 123px;\"><span style=\"color: #000000; font-size: 14px; text-align: left;\">Highest elevation<\/span><\/td>\n<td style=\"vertical-align: top; font-weight: bold; width: 103px; text-align: left;\"><span style=\"color: #000000; font-size: 14px; text-align: left;\">1&rsquo;300 m<\/span><\/td>\n<td style=\"vertical-align: top; width: 168px;\"><span style=\"color: #000000; font-size: 14px; text-align: left;\">Lowest elevation<\/span><\/td>\n<td style=\"vertical-align: top; font-weight: bold; width: 160px; text-align: left;\"><span style=\"color: #000000; font-size: 14px; text-align: left;\">739 m<\/span><\/td>\n<\/tr>\n<\/tbody>\n<\/table>\n<\/td>\n<\/tr>\n<\/tbody>\n<\/table>\n","protected":false},"excerpt":{"rendered":"<p>Dombresson, Les Planches, Les Vieux-Pr\u00e9s, Montagne de Ch\u00e9zard, Montagne de Cernier, La Vue des Alpes, Les Hauts-Geneveys Through the Vieux-Pr\u00e9s, you can sing\u00a0 the \u201eChanson des Vieux-Pr\u00e9s\u201c : Online music score HERE. Listen to it for 30 seconds on iTunes HERE. Find your public transport schedule with : SBB &#8211; TransN &#8211; PostBus Your access &#8230; <a title=\"Walk 3 &#8211; Les boviducs\" class=\"read-more\" href=\"http:\/\/www.chemins-chouettes.ch\/?page_id=863&#038;lang=en\" aria-label=\"En savoir plus sur Walk 3 &#8211; Les boviducs\">Read more<\/a><\/p>\n","protected":false},"author":2,"featured_media":0,"parent":63,"menu_order":0,"comment_status":"closed","ping_status":"closed","template":"","meta":{"generate_page_header":"","footnotes":""},"class_list":["post-863","page","type-page","status-publish"],"_links":{"self":[{"href":"http:\/\/www.chemins-chouettes.ch\/index.php?rest_route=\/wp\/v2\/pages\/863","targetHints":{"allow":["GET"]}}],"collection":[{"href":"http:\/\/www.chemins-chouettes.ch\/index.php?rest_route=\/wp\/v2\/pages"}],"about":[{"href":"http:\/\/www.chemins-chouettes.ch\/index.php?rest_route=\/wp\/v2\/types\/page"}],"author":[{"embeddable":true,"href":"http:\/\/www.chemins-chouettes.ch\/index.php?rest_route=\/wp\/v2\/users\/2"}],"replies":[{"embeddable":true,"href":"http:\/\/www.chemins-chouettes.ch\/index.php?rest_route=%2Fwp%2Fv2%2Fcomments&post=863"}],"version-history":[{"count":0,"href":"http:\/\/www.chemins-chouettes.ch\/index.php?rest_route=\/wp\/v2\/pages\/863\/revisions"}],"up":[{"embeddable":true,"href":"http:\/\/www.chemins-chouettes.ch\/index.php?rest_route=\/wp\/v2\/pages\/63"}],"wp:attachment":[{"href":"http:\/\/www.chemins-chouettes.ch\/index.php?rest_route=%2Fwp%2Fv2%2Fmedia&parent=863"}],"curies":[{"name":"wp","href":"https:\/\/api.w.org\/{rel}","templated":true}]}}