{"id":1108,"date":"2016-10-26T16:21:03","date_gmt":"2016-10-26T15:21:03","guid":{"rendered":"http:\/\/www.chemins-chouettes.ch\/?page_id=1108"},"modified":"2020-09-18T14:48:21","modified_gmt":"2020-09-18T13:48:21","slug":"actualites","status":"publish","type":"page","link":"https:\/\/www.chemins-chouettes.ch\/?page_id=1108&lang=fr","title":{"rendered":"Actualit\u00e9s"},"content":{"rendered":"\n<h2 class=\"wp-block-heading\">Visite guid\u00e9e \u00ab\u00a0Balade 4 des Chemins chouettes\u00a0\u00bb le dimanche 4 octobre 2020<\/h2>\n\n\n\n<p>Espace Val-de-Ruz propose une balade \u00e0 la <strong>d\u00e9couverte des arbres<\/strong>, des symboles et des valeurs m\u00e9dicinales qu\u2019on leur attribue ainsi quelques curiosit\u00e9s locales. D\u00e9part de l\u2019arr\u00eat du bus \u00ab\u00a0Le Temple\u00a0\u00bb \u00e0 <strong>Dombresson<\/strong> \u00e0 <strong>8h45<\/strong>. Arriv\u00e9e \u00e0 Cernier &#8211; La Fontenelle vers <strong>11h15<\/strong>.<\/p>\n\n\n\n<p>Uniquement sur inscription \u00e0 Espace Val-de-Ruz par email <strong>espacevalderuz@gmail.com<\/strong> (maximum 20 personnes). <br>Renseignements\u00a0: 079 543 93 82<\/p>\n\n\n\n<p><\/p>\n\n\n<h2>La carte des perturbations sur les chemins forestiers<\/h2>\n<p>Les donn\u00e9es sont mises \u00e0 jour en temps r\u00e9el par les garde-forestiers. Cliquer <a href=\"http:\/\/newis.maps.arcgis.com\/apps\/MapSeries\/index.html?appid=caf9d506384745eda66d4daacb09e91c\" target=\"_blank\" rel=\"noopener noreferrer\"><strong>ICI<\/strong><\/a>.<\/p>\n<h2>\u00c9tat du projet \u00e0 fin ao\u00fbt 2019<\/h2>\n<p>Tous les parcours sont balis\u00e9s. Tous les miniguides sont disponibles. Ils sont disponibles soit par t\u00e9l\u00e9chargement, soit aux guichets des communes de VdR et Valangin, aux Offices de tourisme de Cernier, Neuch\u00e2tel, La Chaux-de-Fonds, le Locle et St-Imier.\u00a0 Voir tableau <a href=\"http:\/\/www.chemins-chouettes.ch\/?page_id=1619&amp;lang=fr\"><strong>ICI<\/strong><\/a>.<\/p>\n<p><strong>50<\/strong> panneaux d&rsquo;information historiques (posters) sont plac\u00e9es aux endroits les plus appropri\u00e9s le long des parcours, pour fournir des indications sur telle ou telle caract\u00e9ristique marquante des paysages travers\u00e9s, b\u00e2timents ou autres \u00e9l\u00e9ment d\u2019int\u00e9r\u00eat rencontr\u00e9s.<\/p>\n<h2><img loading=\"lazy\" decoding=\"async\" class=\"wp-image-1253 size-medium alignnone\" src=\"http:\/\/www.chemins-chouettes.ch\/wp-content\/uploads\/2016\/10\/Panneau-CC-general-212x300.jpg\" alt=\"panneau-cc-general\" width=\"212\" height=\"300\" srcset=\"https:\/\/www.chemins-chouettes.ch\/wp-content\/uploads\/2016\/10\/Panneau-CC-general-212x300.jpg 212w, https:\/\/www.chemins-chouettes.ch\/wp-content\/uploads\/2016\/10\/Panneau-CC-general.jpg 472w\" sizes=\"auto, (max-width: 212px) 100vw, 212px\" \/><\/h2>\n<hr \/>\n<h2>Visite guid\u00e9e \u00ab\u00a0Balade 5 des Chemins chouettes\u00a0\u00bb le samedi 4 juin 2016<\/h2>\n<p>Rendez-vous des participants et des accompagnants \u00e0 l\u2019arr\u00eat de bus de Villiers Centre \u00e0 15h15. La balade finit vers 17h30 environ \u00e0 Ch\u00e9zard.<br \/>Voici une <strong><a href=\"http:\/\/www.chemins-chouettes.ch\/wp-content\/uploads\/2016\/10\/Excursions-24et25mai2014.pdf\">galerie de photos <\/a><\/strong> montrant l&rsquo;ambiance d&rsquo;un de ces week-ends de balade.<\/p>","protected":false},"excerpt":{"rendered":"<p>Visite guid\u00e9e \u00ab\u00a0Balade 4 des Chemins chouettes\u00a0\u00bb le dimanche 4 octobre 2020 Espace Val-de-Ruz propose une balade \u00e0 la d\u00e9couverte des arbres, des symboles et des valeurs m\u00e9dicinales qu\u2019on leur attribue ainsi quelques curiosit\u00e9s locales. D\u00e9part de l\u2019arr\u00eat du bus \u00ab\u00a0Le Temple\u00a0\u00bb \u00e0 Dombresson \u00e0 8h45. Arriv\u00e9e \u00e0 Cernier &#8211; La Fontenelle vers 11h15. Uniquement &#8230; <a title=\"Actualit\u00e9s\" class=\"read-more\" href=\"https:\/\/www.chemins-chouettes.ch\/?page_id=1108&#038;lang=fr\" aria-label=\"En savoir plus sur Actualit\u00e9s\">Read more<\/a><\/p>\n","protected":false},"author":2,"featured_media":0,"parent":38,"menu_order":1,"comment_status":"closed","ping_status":"closed","template":"","meta":{"generate_page_header":"","footnotes":""},"class_list":["post-1108","page","type-page","status-publish"],"_links":{"self":[{"href":"https:\/\/www.chemins-chouettes.ch\/index.php?rest_route=\/wp\/v2\/pages\/1108","targetHints":{"allow":["GET"]}}],"collection":[{"href":"https:\/\/www.chemins-chouettes.ch\/index.php?rest_route=\/wp\/v2\/pages"}],"about":[{"href":"https:\/\/www.chemins-chouettes.ch\/index.php?rest_route=\/wp\/v2\/types\/page"}],"author":[{"embeddable":true,"href":"https:\/\/www.chemins-chouettes.ch\/index.php?rest_route=\/wp\/v2\/users\/2"}],"replies":[{"embeddable":true,"href":"https:\/\/www.chemins-chouettes.ch\/index.php?rest_route=%2Fwp%2Fv2%2Fcomments&post=1108"}],"version-history":[{"count":2,"href":"https:\/\/www.chemins-chouettes.ch\/index.php?rest_route=\/wp\/v2\/pages\/1108\/revisions"}],"predecessor-version":[{"id":2349,"href":"https:\/\/www.chemins-chouettes.ch\/index.php?rest_route=\/wp\/v2\/pages\/1108\/revisions\/2349"}],"up":[{"embeddable":true,"href":"https:\/\/www.chemins-chouettes.ch\/index.php?rest_route=\/wp\/v2\/pages\/38"}],"wp:attachment":[{"href":"https:\/\/www.chemins-chouettes.ch\/index.php?rest_route=%2Fwp%2Fv2%2Fmedia&parent=1108"}],"curies":[{"name":"wp","href":"https:\/\/api.w.org\/{rel}","templated":true}]}}