{"id":1273,"date":"2016-10-30T16:35:15","date_gmt":"2016-10-30T15:35:15","guid":{"rendered":"http:\/\/www.chemins-chouettes.ch\/?page_id=1273"},"modified":"2022-07-04T13:56:16","modified_gmt":"2022-07-04T12:56:16","slug":"panneaux-didactiques-des-balades","status":"publish","type":"page","link":"https:\/\/www.chemins-chouettes.ch\/?page_id=1273&lang=fr","title":{"rendered":"Panneaux"},"content":{"rendered":"\n<div class=\"wp-block-columns is-layout-flex wp-container-core-columns-is-layout-9d6595d7 wp-block-columns-is-layout-flex\">\n<div class=\"wp-block-column is-layout-flow wp-block-column-is-layout-flow\" style=\"flex-basis:30%\">\n<h2 class=\"wp-block-heading\">Panneaux didactiques<\/h2>\n\n\n<div class=\"wp-block-image\">\n<figure class=\"aligncenter size-full is-resized\"><img loading=\"lazy\" decoding=\"async\" src=\"http:\/\/www.chemins-chouettes.ch\/wp-content\/uploads\/2016\/10\/Panneau-CC-general.jpg\" alt=\"\" class=\"wp-image-1253\" width=\"236\" height=\"335\" srcset=\"https:\/\/www.chemins-chouettes.ch\/wp-content\/uploads\/2016\/10\/Panneau-CC-general.jpg 472w, https:\/\/www.chemins-chouettes.ch\/wp-content\/uploads\/2016\/10\/Panneau-CC-general-212x300.jpg 212w\" sizes=\"auto, (max-width: 236px) 100vw, 236px\" \/><figcaption><strong>Panneau g\u00e9n\u00e9ral des Chemins chouettes<\/strong><\/figcaption><\/figure>\n<\/div><\/div>\n\n\n\n<div class=\"wp-block-column is-layout-flow wp-block-column-is-layout-flow\" style=\"flex-basis:70%\">\n<h3 class=\"wp-block-heading\"><strong>D\u00e9couvrir des \u00e9l\u00e9ments du patrimoine naturel et socioculturel du Val-de-Ruz, de ce qui fait son caract\u00e8re et son int\u00e9r\u00eat, tout en se baladant au fil de ses chemins et de ses rues les plus attrayants. C\u2019est ce que proposent les panneaux didactiques des Chemins chouettes d\u2019Espace Val-de-Ruz.&nbsp;<\/strong><\/h3>\n\n\n\n<h3 class=\"wp-block-heading\"><strong>Leur couleur de fond signale leur th\u00e9matique&nbsp;:<\/strong><br><strong>&#8211;<\/strong> <strong><strong><span style=\"background-color: #339966;\"><span style=\"color: #ffffff;\"> vert<\/span>&nbsp;<\/span>  <strong>pour les sujets \u00ab&nbsp;nature et environnement\u00bb <\/strong><\/strong>,<\/strong><br><strong>&#8211;<\/strong> <strong><span style=\"background-color: #800000;\"><span style=\"color: #ffffff;\"> rouge-brun<\/span> <\/span>  pour les sujets \u00ab&nbsp;culture, patrimoine et histoire \u00bb.<\/strong><\/h3>\n\n\n\n<h3 class=\"wp-block-heading\"><strong>Leur mise en page permet une lecture \u00e0 plusieurs niveaux, en fonction de la curiosit\u00e9 de chacun, avec une partie r\u00e9sum\u00e9e et quelques d\u00e9veloppements compl\u00e9mentaires.<\/strong><\/h3>\n\n\n\n<p class=\"has-medium-font-size\"><strong>Dans la coh\u00e9rence d\u2019un parcours \u00e9cotouristique, ils sont d\u2019un format limit\u00e9, et install\u00e9s, autant que possible, en fa\u00e7ade, \u00e0 l\u2019int\u00e9rieur ou \u00e0 proximit\u00e9 de b\u00e2timents accessibles au public, plut\u00f4t qu\u2019en pleine nature, de mani\u00e8re \u00e0 \u00eatre visibles et lisibles sans alt\u00e9rer l\u2019environnement.<\/strong><\/p>\n<\/div>\n<\/div>\n\n\n\n<p class=\"has-medium-font-size\"><strong>Localisation des panneaux didactiques ; cliquez<\/strong> sur un des <strong>points rouges<\/strong>&nbsp;sur cette carte pour acc\u00e9der \u00e0 la liste des panneaux d&rsquo;une de ces balades.<\/p>\n\n\n<p><img loading=\"lazy\" decoding=\"async\" class=\"alignnone wp-image-2071 size-large\" src=\"http:\/\/www.chemins-chouettes.ch\/wp-content\/uploads\/2016\/12\/Carte-Panneaux-didactiques-1008x1024.png\" alt=\"\" usemap=\"#image-map\" width=\"1008\" height=\"1024\" srcset=\"https:\/\/www.chemins-chouettes.ch\/wp-content\/uploads\/2016\/12\/Carte-Panneaux-didactiques-1008x1024.png 1008w, https:\/\/www.chemins-chouettes.ch\/wp-content\/uploads\/2016\/12\/Carte-Panneaux-didactiques-295x300.png 295w, https:\/\/www.chemins-chouettes.ch\/wp-content\/uploads\/2016\/12\/Carte-Panneaux-didactiques-768x780.png 768w, https:\/\/www.chemins-chouettes.ch\/wp-content\/uploads\/2016\/12\/Carte-Panneaux-didactiques.png 1032w\" sizes=\"auto, (max-width: 1008px) 100vw, 1008px\" \/><\/p>\n<map name=\"image-map\">\n<area title=\"Panneaux de la balade 1\" alt=\"Panneaux de la balade 1\" coords=\"246,757,263,711,338,635,329,466,362,423,479,517,534,589,495,669,433,724,385,775,314,791\" shape=\"poly\" href=\"http:\/\/www.chemins-chouettes.ch\/?page_id=1256&amp;lang=fr\" target=\"_blank\">\n<area title=\"Panneaux de la balade 2\" alt=\"Panneaux de la balade 2\" coords=\"959,8,822,16,636,167,600,278,610,392,708,388,860,202,957,64\" shape=\"poly\" href=\"http:\/\/www.chemins-chouettes.ch\/?page_id=1434&amp;lang=fr\" target=\"_blank\">\n<area title=\"Panneaux de la balade 3\" alt=\"Panneaux de la balade 3\" coords=\"605,415,589,283,190,330,153,356,123,531,185,535,240,397,451,353,523,344,548,419\" shape=\"poly\" href=\"http:\/\/www.chemins-chouettes.ch\/?page_id=1434&amp;lang=fr\" target=\"_blank\">\n<area title=\"Panneaux de la balade 4\" alt=\"Panneaux de la balade 4\" coords=\"190,548,242,443,292,395,370,390,321,476,283,555\" shape=\"poly\" href=\"http:\/\/www.chemins-chouettes.ch\/?page_id=1440&amp;lang=\" target=\"_blank\">\n<area title=\"Panneaux de la balade 5\" alt=\"Panneaux de la balade 5\" coords=\"381,414,482,357,546,428,614,425,678,340,721,376,601,578,555,581\" shape=\"poly\" href=\"http:\/\/www.chemins-chouettes.ch\/?page_id=1442&amp;lang=fr\" target=\"_blank\">\n<area title=\"Panneaux de la balade 6\" alt=\"Panneaux de la balade 6\" coords=\"170,305,118,290,54,351,19,447,6,528,12,583,86,584,125,478\" shape=\"poly\" href=\"http:\/\/www.chemins-chouettes.ch\/?page_id=1445&amp;lang=fr\" target=\"_blank\">\n<area title=\"Panneaux de la balade 7\" alt=\"Panneaux de la balade 7\" coords=\"305,566,124,556,7,698,7,943,159,940,254,703,301,656,326,603\" shape=\"poly\" href=\"http:\/\/www.chemins-chouettes.ch\/?page_id=1448&amp;lang=fr\" target=\"\">\n <\/map>","protected":false},"excerpt":{"rendered":"<p>Panneaux didactiques D\u00e9couvrir des \u00e9l\u00e9ments du patrimoine naturel et socioculturel du Val-de-Ruz, de ce qui fait son caract\u00e8re et son int\u00e9r\u00eat, tout en se baladant au fil de ses chemins et de ses rues les plus attrayants. C\u2019est ce que proposent les panneaux didactiques des Chemins chouettes d\u2019Espace Val-de-Ruz.&nbsp; Leur couleur de fond signale leur &#8230; <a title=\"Panneaux\" class=\"read-more\" href=\"https:\/\/www.chemins-chouettes.ch\/?page_id=1273&#038;lang=fr\" aria-label=\"En savoir plus sur Panneaux\">Read more<\/a><\/p>\n","protected":false},"author":2,"featured_media":0,"parent":0,"menu_order":2,"comment_status":"closed","ping_status":"closed","template":"","meta":{"generate_page_header":"","footnotes":""},"class_list":["post-1273","page","type-page","status-publish"],"_links":{"self":[{"href":"https:\/\/www.chemins-chouettes.ch\/index.php?rest_route=\/wp\/v2\/pages\/1273","targetHints":{"allow":["GET"]}}],"collection":[{"href":"https:\/\/www.chemins-chouettes.ch\/index.php?rest_route=\/wp\/v2\/pages"}],"about":[{"href":"https:\/\/www.chemins-chouettes.ch\/index.php?rest_route=\/wp\/v2\/types\/page"}],"author":[{"embeddable":true,"href":"https:\/\/www.chemins-chouettes.ch\/index.php?rest_route=\/wp\/v2\/users\/2"}],"replies":[{"embeddable":true,"href":"https:\/\/www.chemins-chouettes.ch\/index.php?rest_route=%2Fwp%2Fv2%2Fcomments&post=1273"}],"version-history":[{"count":28,"href":"https:\/\/www.chemins-chouettes.ch\/index.php?rest_route=\/wp\/v2\/pages\/1273\/revisions"}],"predecessor-version":[{"id":2495,"href":"https:\/\/www.chemins-chouettes.ch\/index.php?rest_route=\/wp\/v2\/pages\/1273\/revisions\/2495"}],"wp:attachment":[{"href":"https:\/\/www.chemins-chouettes.ch\/index.php?rest_route=%2Fwp%2Fv2%2Fmedia&parent=1273"}],"curies":[{"name":"wp","href":"https:\/\/api.w.org\/{rel}","templated":true}]}}