{"id":1434,"date":"2016-11-03T08:56:48","date_gmt":"2016-11-03T07:56:48","guid":{"rendered":"http:\/\/www.chemins-chouettes.ch\/?page_id=1434"},"modified":"2022-08-31T15:02:49","modified_gmt":"2022-08-31T14:02:49","slug":"panneaux-didactiques-de-la-balade-1","status":"publish","type":"page","link":"https:\/\/www.chemins-chouettes.ch\/?page_id=1434&lang=fr","title":{"rendered":"Panneaux didactiques &#8211; Balade 2 \u2013 Vers Chasseral"},"content":{"rendered":"<table>\n<tbody>\n<tr style=\"height: 36px;\">\n<td style=\"background-color: #339933; color: white; width: 163.683px; height: 36px;\"><strong><span style=\"font-size: 16pt; font-family: georgia,palatino,serif;\">Vignette<\/span><\/strong><\/td>\n<td style=\"background-color: #339933; color: white; font-family: monospace; width: 264px; height: 36px;\"><strong><span style=\"font-size: 16pt; font-family: georgia,palatino,serif;\">Titre &amp; Lieu<br \/>\n<\/span><\/strong><\/td>\n<td style=\"background-color: #339933; color: white; width: 501px; height: 36px;\"><strong><span style=\"font-size: 16pt; font-family: georgia,palatino,serif;\">Description succincte<\/span><\/strong><\/td>\n<\/tr>\n<tr>\n<td style=\"vertical-align: top; width: 163.683px; text-align: center;\">&nbsp;<a href=\"http:\/\/www.chemins-chouettes.ch\/wp-content\/uploads\/2022\/07\/CCVR-pan30_MoulinsVilliers.pdf\" target=\"_blank\" rel=\"noopener\"><img loading=\"lazy\" decoding=\"async\" class=\"alignnone size-medium wp-image-2015\" src=\"http:\/\/www.chemins-chouettes.ch\/wp-content\/uploads\/2016\/12\/2.1_MoulinsVilliers_vign-212x300.png\" alt=\"2-1_moulinsvilliers_vign\" width=\"212\" height=\"300\" srcset=\"https:\/\/www.chemins-chouettes.ch\/wp-content\/uploads\/2016\/12\/2.1_MoulinsVilliers_vign-212x300.png 212w, https:\/\/www.chemins-chouettes.ch\/wp-content\/uploads\/2016\/12\/2.1_MoulinsVilliers_vign.png 472w\" sizes=\"auto, (max-width: 212px) 100vw, 212px\" \/><\/a><\/td>\n<td style=\"vertical-align: top; width: 264px;\"><strong>Les anciens moulins du Seyon \u00e0 Villiers <\/strong><br \/>\nAbribus TransN, Villiers<iframe loading=\"lazy\" src=\"https:\/\/map.geo.admin.ch\/embed.html?lang=fr&amp;topic=ech&amp;bgLayer=ch.swisstopo.pixelkarte-farbe&amp;layers=ch.swisstopo.zeitreihen,ch.bfs.gebaeude_wohnungs_register,ch.bav.haltestellen-oev,ch.swisstopo.swisstlm3d-wanderwege,KML%7C%7Chttps:%2F%2Fpublic.geo.admin.ch%2Fapi%2Fkml%2Ffiles%2F52nOvEo7Q0OyAFIzP8X20w&amp;layers_visibility=false,false,false,true,true&amp;layers_timestamp=18641231,,,,&amp;zoom=10&amp;layers_opacity=1,1,1,0.8,1&amp;E=2564527.23&amp;N=1213846.92\" style=\"border:0\" allow=\"geolocation\" width=\"400\" height=\"300\" frameborder=\"0\"><\/iframe><\/td>\n<td style=\"vertical-align: top; width: 501px;\">A Villiers, o\u00f9 le Seyon prend sa source, on ne pouvait manquer d\u2019\u00e9voquer, comme \u00e0 Valangin en aval et \u00e0 Bayerel entre deux, les multiples anciens moulins qu\u2019animait, pendant des si\u00e8cles, le principal cours d\u2019eau du Val-de-Ruz. Le panneau de Villiers illustre quelques-uns des anciens moulins d\u2019amont, et explique surtout la diversit\u00e9 technique, les r\u00f4les-cl\u00e9s de ces premi\u00e8res \u00ab&nbsp;usines&nbsp;\u00bb, et l\u2019importance du patrimoine protoindustriel que leurs vestiges constitue.<\/td>\n<\/tr>\n<tr style=\"background-color: #e6e6e6;\">\n<td style=\"vertical-align: top; width: 163.683px; text-align: center;\">&nbsp;<a href=\"http:\/\/www.chemins-chouettes.ch\/wp-content\/uploads\/2022\/07\/CCVR-pan24_Puisoirs.pdf\" target=\"_blank\" rel=\"noopener\"><img loading=\"lazy\" decoding=\"async\" class=\"alignnone size-medium wp-image-2032\" src=\"http:\/\/www.chemins-chouettes.ch\/wp-content\/uploads\/2016\/12\/5.1_Puisoirs_vign-212x300.png\" alt=\"5-1_puisoirs_vign\" width=\"212\" height=\"300\" srcset=\"https:\/\/www.chemins-chouettes.ch\/wp-content\/uploads\/2016\/12\/5.1_Puisoirs_vign-212x300.png 212w, https:\/\/www.chemins-chouettes.ch\/wp-content\/uploads\/2016\/12\/5.1_Puisoirs_vign.png 472w\" sizes=\"auto, (max-width: 212px) 100vw, 212px\" \/><\/a><\/td>\n<td style=\"vertical-align: top; width: 264px;\"><strong>\u00abLes Puisoirs\u00bb, mais pourquoi donc&nbsp;?<\/strong><br \/>\nAbribus TransN, Villiers<iframe loading=\"lazy\" style=\"border: 0;\" src=\"https:\/\/map.geo.admin.ch\/embed.html?lang=fr&amp;topic=ech&amp;bgLayer=ch.swisstopo.pixelkarte-farbe&amp;layers=ch.swisstopo.zeitreihen,ch.bfs.gebaeude_wohnungs_register,ch.bav.haltestellen-oev,ch.swisstopo.swisstlm3d-wanderwege,KML%7C%7Chttps:%2F%2Fpublic.geo.admin.ch%2Fapi%2Fkml%2Ffiles%2F52nOvEo7Q0OyAFIzP8X20w&amp;layers_visibility=false,false,false,true,true&amp;layers_timestamp=18641231,,,,&amp;zoom=10&amp;layers_opacity=1,1,1,0.8,1&amp;E=2564527.23&amp;N=1213846.92\" width=\"400\" height=\"300\" frameborder=\"0\"><\/iframe><\/td>\n<td style=\"vertical-align: top; width: 501px;\">Les <em>Puisoirs<\/em>, c\u2019est le sobriquet des habitants de Villiers. Parce que jusqu\u2019\u00e0 la fin du 20<sup>e<\/sup> si\u00e8cle, de fr\u00e9quentes inondations dues \u00e0 la situation g\u00e9ologique du village obligeaient les habitants de Villiers \u00e0 \u00e9coper l\u2019eau qui envahissait leurs maisons. Et qu\u2019un puisoir est un r\u00e9cipient destin\u00e9 \u00e0 puiser un liquide \u2013 ce mot, plut\u00f4t rare en fran\u00e7ais courant, d\u00e9signant surtout, dans la r\u00e9gion, un ustensile \u00e0 long manche muni d\u2019un godet de bonne contenance, destin\u00e9 \u00e0 cette t\u00e2che. Le panneau rappelle, illustrations \u00e0 l\u2019appui, cette histoire.<\/td>\n<\/tr>\n<tr>\n<td style=\"vertical-align: top; width: 163.683px; text-align: center;\">&nbsp;<a href=\"http:\/\/www.chemins-chouettes.ch\/wp-content\/uploads\/2022\/07\/CCVR-pan12_LisieresHaies.pdf\" target=\"_blank\" rel=\"noopener\"><img loading=\"lazy\" decoding=\"async\" class=\"alignnone size-medium wp-image-2016\" src=\"http:\/\/www.chemins-chouettes.ch\/wp-content\/uploads\/2016\/12\/2.2_LisieresHaies_vign-212x300.png\" alt=\"2-2_lisiereshaies_vign\" width=\"212\" height=\"300\" srcset=\"https:\/\/www.chemins-chouettes.ch\/wp-content\/uploads\/2016\/12\/2.2_LisieresHaies_vign-212x300.png 212w, https:\/\/www.chemins-chouettes.ch\/wp-content\/uploads\/2016\/12\/2.2_LisieresHaies_vign.png 472w\" sizes=\"auto, (max-width: 212px) 100vw, 212px\" \/><\/a><\/td>\n<td style=\"vertical-align: top; width: 264px;\"><strong>Lisi\u00e8res et haies, pr\u00e9cieux biotopes&nbsp; <\/strong>La Vieille Fontaine, Le P\u00e2quier<iframe loading=\"lazy\" src=\"https:\/\/map.geo.admin.ch\/embed.html?lang=fr&amp;topic=ech&amp;bgLayer=ch.swisstopo.pixelkarte-farbe&amp;layers=ch.swisstopo.zeitreihen,ch.bfs.gebaeude_wohnungs_register,ch.bav.haltestellen-oev,ch.swisstopo.swisstlm3d-wanderwege,KML%7C%7Chttps:%2F%2Fpublic.geo.admin.ch%2Fapi%2Fkml%2Ffiles%2F52nOvEo7Q0OyAFIzP8X20w&amp;layers_visibility=false,false,false,true,true&amp;layers_timestamp=18641231,,,,&amp;zoom=10&amp;layers_opacity=1,1,1,0.8,1&amp;E=2565146.23&amp;N=1216219.92\" style=\"border:0\" allow=\"geolocation\" width=\"400\" height=\"300\" frameborder=\"0\"><\/iframe><\/td>\n<td style=\"vertical-align: top; width: 501px;\">Ce panneau pr\u00e9sente et explique la grande valeur \u00e9cologique que repr\u00e9sentent les lisi\u00e8res et les haies, ces derni\u00e8res \u00e9tant des doubles lisi\u00e8res cr\u00e9\u00e9es conjointement par l\u2019homme et la nature. Elles sont le refuge d\u2019une flore et d\u2019une faune locales tr\u00e8s diversifi\u00e9es, et constituent ainsi des \u00e9cosyst\u00e8mes pr\u00e9cieux y compris pour l\u2019exploitation agricole et sylvicole. Longtemps n\u00e9glig\u00e9e, cette importance est \u00e0 nouveau reconnue et l\u2019entretien de ces espaces de transition donne droit \u00e0 des prestations \u00e9cologiques en faveur des exploitants<\/td>\n<\/tr>\n<tr style=\"background-color: #e6e6e6;\">\n<td style=\"vertical-align: top; width: 163.683px; text-align: center;\">&nbsp;<a href=\"http:\/\/www.chemins-chouettes.ch\/wp-content\/uploads\/2022\/07\/CCVR-pan11_ForgePaquier.pdf\" target=\"_blank\" rel=\"noopener\"><img loading=\"lazy\" decoding=\"async\" class=\"alignnone size-medium wp-image-2017\" src=\"http:\/\/www.chemins-chouettes.ch\/wp-content\/uploads\/2016\/12\/2.3_Forge_vign-212x300.png\" alt=\"2-3_forge_vign\" width=\"212\" height=\"300\" srcset=\"https:\/\/www.chemins-chouettes.ch\/wp-content\/uploads\/2016\/12\/2.3_Forge_vign-212x300.png 212w, https:\/\/www.chemins-chouettes.ch\/wp-content\/uploads\/2016\/12\/2.3_Forge_vign.png 472w\" sizes=\"auto, (max-width: 212px) 100vw, 212px\" \/><\/a><\/td>\n<td style=\"vertical-align: top; width: 264px;\"><strong>La Forge du P\u00e2quier<\/strong><br \/>\nLa forge, Le P\u00e2quier<iframe loading=\"lazy\" src=\"https:\/\/map.geo.admin.ch\/embed.html?lang=fr&amp;topic=ech&amp;bgLayer=ch.swisstopo.pixelkarte-farbe&amp;layers=ch.swisstopo.zeitreihen,ch.bfs.gebaeude_wohnungs_register,ch.bav.haltestellen-oev,ch.swisstopo.swisstlm3d-wanderwege,KML%7C%7Chttps:%2F%2Fpublic.geo.admin.ch%2Fapi%2Fkml%2Ffiles%2F52nOvEo7Q0OyAFIzP8X20w&amp;layers_visibility=false,false,false,true,true&amp;layers_timestamp=18641231,,,,&amp;zoom=10&amp;layers_opacity=1,1,1,0.8,1&amp;E=2565716.23&amp;N=1216508.92\" style=\"border:0\" allow=\"geolocation\" width=\"400\" height=\"300\" frameborder=\"0\"><\/iframe><\/td>\n<td style=\"vertical-align: top; width: 501px;\">La Fondation de la Forge du P\u00e2quier s\u2019emploie \u00e0 maintenir en vie l\u2019ancienne forge communale pour en perp\u00e9tuer le savoir-faire et la valeur culturelle. Ses membres y effectuent des travaux de ferronnerie et de soudure. Pour faire conna\u00eetre l\u2019artisanat du pass\u00e9, la Fondation propose aussi des cours et des visites comment\u00e9es et r\u00e9unit les habitants du village et les amateurs d\u2019artisanat traditionnel au cours d\u2019une f\u00eate annuelle. Le panneau rappelle l\u2019histoire de cet atelier villageois et l\u2019importance du r\u00f4le qu\u2019il jouait dans la vie communautaire d\u2019autrefois.<\/td>\n<\/tr>\n<tr>\n<td style=\"vertical-align: top; width: 163.683px; text-align: center;\">&nbsp;<a href=\"http:\/\/www.chemins-chouettes.ch\/wp-content\/uploads\/2022\/07\/CCVR-pan17_Simples.pdf\" target=\"_blank\" rel=\"noopener\"><img loading=\"lazy\" decoding=\"async\" class=\"alignnone size-medium wp-image-2018\" src=\"http:\/\/www.chemins-chouettes.ch\/wp-content\/uploads\/2016\/12\/2.4_Simples_vign-212x300.png\" alt=\"2-4_simples_vign\" width=\"212\" height=\"300\" srcset=\"https:\/\/www.chemins-chouettes.ch\/wp-content\/uploads\/2016\/12\/2.4_Simples_vign-212x300.png 212w, https:\/\/www.chemins-chouettes.ch\/wp-content\/uploads\/2016\/12\/2.4_Simples_vign.png 472w\" sizes=\"auto, (max-width: 212px) 100vw, 212px\" \/><\/a><\/td>\n<td style=\"vertical-align: top; width: 264px;\"><strong>Simples\u2026 et efficaces&nbsp;!<\/strong><br \/>\nRestaurant La Petite Combe, Le P\u00e2quier<iframe loading=\"lazy\" src=\"https:\/\/map.geo.admin.ch\/embed.html?lang=fr&amp;topic=ech&amp;bgLayer=ch.swisstopo.pixelkarte-farbe&amp;layers=ch.swisstopo.zeitreihen,ch.bfs.gebaeude_wohnungs_register,ch.bav.haltestellen-oev,ch.swisstopo.swisstlm3d-wanderwege,KML%7C%7Chttps:%2F%2Fpublic.geo.admin.ch%2Fapi%2Fkml%2Ffiles%2F52nOvEo7Q0OyAFIzP8X20w&amp;layers_visibility=false,false,false,true,true&amp;layers_timestamp=18641231,,,,&amp;zoom=10&amp;layers_opacity=1,1,1,0.8,1&amp;E=2565943.23&amp;N=1216701.92\" style=\"border:0\" allow=\"geolocation\" width=\"400\" height=\"300\" frameborder=\"0\"><\/iframe><\/td>\n<td style=\"vertical-align: top; width: 501px;\">Les simples sont les plantes m\u00e9dicinales utilis\u00e9es telles quelles, par opposition aux rem\u00e8des compos\u00e9s de m\u00e9langes plus complexes de substances. On en a connu les effets b\u00e9n\u00e9fiques sur la sant\u00e9 bien avant de pouvoir les comprendre et les expliquer ! Ces \u00absavoirs\u00bb ancestraux \u00e9taient transmis de g\u00e9n\u00e9ration en g\u00e9n\u00e9ration, de m\u00eame que les endroits o\u00f9 les plantes sauvages pouvaient \u00eatre cueillies. Le village du P\u00e2quier \u00e9tait, ainsi, mentionn\u00e9 d\u00e8s le 17<sup>e<\/sup> si\u00e8cle pour la qualit\u00e9 de ses plantes m\u00e9dicinales sauvages. Le panneau qui en rappelle les vertus \u2013 mais aussi les risques en cas d\u2019usage inconsid\u00e9r\u00e9 \u2013 et pr\u00e9sente quelques exemples de ces recettes \u00absimples\u00bb\u2026 et efficaces, s\u2019y trouve donc \u00ab&nbsp;au c\u0153ur du sujet&nbsp;\u00bb.<\/td>\n<\/tr>\n<tr style=\"background-color: #e6e6e6;\">\n<td style=\"vertical-align: top; width: 163.683px; text-align: center;\">&nbsp;<a href=\"http:\/\/www.chemins-chouettes.ch\/wp-content\/uploads\/2022\/07\/CCVR-pan4_Marmottes.pdf\" target=\"_blank\" rel=\"noopener\"><img loading=\"lazy\" decoding=\"async\" class=\"alignnone size-medium wp-image-2019\" src=\"http:\/\/www.chemins-chouettes.ch\/wp-content\/uploads\/2016\/12\/2.5_Marmottes_vign-212x300.png\" alt=\"2-5_marmottes_vign\" width=\"212\" height=\"300\" srcset=\"https:\/\/www.chemins-chouettes.ch\/wp-content\/uploads\/2016\/12\/2.5_Marmottes_vign-212x300.png 212w, https:\/\/www.chemins-chouettes.ch\/wp-content\/uploads\/2016\/12\/2.5_Marmottes_vign.png 472w\" sizes=\"auto, (max-width: 212px) 100vw, 212px\" \/><\/a><\/td>\n<td style=\"vertical-align: top; width: 264px;\"><strong>Les marmottes de la Combe Biosse&nbsp; <\/strong>M\u00e9tairie de Dombresson<iframe loading=\"lazy\" src=\"https:\/\/map.geo.admin.ch\/embed.html?lang=fr&amp;topic=ech&amp;bgLayer=ch.swisstopo.pixelkarte-farbe&amp;layers=ch.swisstopo.zeitreihen,ch.bfs.gebaeude_wohnungs_register,ch.bav.haltestellen-oev,ch.swisstopo.swisstlm3d-wanderwege,KML%7C%7Chttps:%2F%2Fpublic.geo.admin.ch%2Fapi%2Fkml%2Ffiles%2F52nOvEo7Q0OyAFIzP8X20w&amp;layers_visibility=false,false,false,true,true&amp;layers_timestamp=18641231,,,,&amp;zoom=10&amp;layers_opacity=1,1,1,0.8,1&amp;E=2568889.23&amp;N=1219013.92\" style=\"border:0\" allow=\"geolocation\" width=\"400\" height=\"300\" frameborder=\"0\"><\/iframe><\/td>\n<td style=\"vertical-align: top; width: 501px;\">Observer des marmottes est un privil\u00e8ge plus rare dans le Jura que dans les Alpes. On a souvent la chance de pouvoir le faire, du printemps \u00e0 l\u2019automne, \u00e0 la m\u00e9tairie de Dombresson. A l\u2019ouest de celle-ci s\u2019est install\u00e9e une colonie de ces sympathiques rongeurs, et une autre est \u00e9tablie juste en face, sur le flanc nord de la Combe-Biosse. Le panneau vous explique comment les marmottes, qui vivent habituellement au-dessus de la limite foresti\u00e8re, prosp\u00e8rent maintenant dans cette r\u00e9gion, et comment elles y vivent.<\/td>\n<\/tr>\n<tr>\n<td style=\"vertical-align: top; width: 163.683px; text-align: center;\">&nbsp;<a href=\"http:\/\/www.chemins-chouettes.ch\/wp-content\/uploads\/2022\/07\/CCVR-pan5_Metairies.pdf\" target=\"_blank\" rel=\"noopener\"><img loading=\"lazy\" decoding=\"async\" class=\"alignnone size-medium wp-image-2020\" src=\"http:\/\/www.chemins-chouettes.ch\/wp-content\/uploads\/2016\/12\/2.6_Metairies_vign-213x300.png\" alt=\"2-6_metairies_vign\" width=\"213\" height=\"300\" srcset=\"https:\/\/www.chemins-chouettes.ch\/wp-content\/uploads\/2016\/12\/2.6_Metairies_vign-213x300.png 213w, https:\/\/www.chemins-chouettes.ch\/wp-content\/uploads\/2016\/12\/2.6_Metairies_vign.png 472w\" sizes=\"auto, (max-width: 213px) 100vw, 213px\" \/><\/a><\/td>\n<td style=\"vertical-align: top; width: 264px;\"><strong>Les m\u00e9tairies de l\u2019ouest de Chasseral&nbsp; <\/strong>M\u00e9tairie d\u2019Aarberg<iframe loading=\"lazy\" src=\"https:\/\/map.geo.admin.ch\/embed.html?lang=fr&amp;topic=ech&amp;bgLayer=ch.swisstopo.pixelkarte-farbe&amp;layers=ch.swisstopo.zeitreihen,ch.bfs.gebaeude_wohnungs_register,ch.bav.haltestellen-oev,ch.swisstopo.swisstlm3d-wanderwege,KML%7C%7Chttps:%2F%2Fpublic.geo.admin.ch%2Fapi%2Fkml%2Ffiles%2F52nOvEo7Q0OyAFIzP8X20w&amp;layers_visibility=false,false,false,true,true&amp;layers_timestamp=18641231,,,,&amp;zoom=10&amp;layers_opacity=1,1,1,0.8,1&amp;E=2567130.23&amp;N=1216607.92\" style=\"border:0\" allow=\"geolocation\" width=\"400\" height=\"300\" frameborder=\"0\"><\/iframe><\/td>\n<td style=\"vertical-align: top; width: 501px;\">La colonisation des cr\u00eates jurassiennes au-dessus de 1200 \u00e0 1600 m\u00e8tres est li\u00e9e \u00e0 une exploitation estivale au cours de la quelle le b\u00e9tail monte des vall\u00e9es et du Mitteland pour pa\u00eetre dans de vastes p\u00e2turages. Le panneau rappelle cette origine des premi\u00e8res implantations humaines sur nos cr\u00eates et explique quelques-unes des d\u00e9nominations qu\u2019en ont gard\u00e9es les actuelles m\u00e9tairies, qui constituent aujourd\u2019hui surtout des fermes-auberges appr\u00e9ci\u00e9es des randonneurs.<\/td>\n<\/tr>\n<tr style=\"background-color: #e6e6e6;\">\n<td style=\"vertical-align: top; width: 163.683px; text-align: center;\">&nbsp;<a href=\"http:\/\/www.chemins-chouettes.ch\/wp-content\/uploads\/2022\/07\/CCVR-pan3_Chaufour.pdf\" target=\"_blank\" rel=\"noopener\"><img loading=\"lazy\" decoding=\"async\" class=\"alignnone size-medium wp-image-2021\" src=\"http:\/\/www.chemins-chouettes.ch\/wp-content\/uploads\/2016\/12\/2.7_Chaufour_vign-212x300.png\" alt=\"2-7_chaufour_vign\" width=\"212\" height=\"300\" srcset=\"https:\/\/www.chemins-chouettes.ch\/wp-content\/uploads\/2016\/12\/2.7_Chaufour_vign-212x300.png 212w, https:\/\/www.chemins-chouettes.ch\/wp-content\/uploads\/2016\/12\/2.7_Chaufour_vign.png 472w\" sizes=\"auto, (max-width: 212px) 100vw, 212px\" \/><\/a><\/td>\n<td style=\"vertical-align: top; width: 264px;\"><strong>Les chaufours, anciens fours \u00e0 chaux <\/strong>M\u00e9tairie de Chuffort<iframe loading=\"lazy\" src=\"https:\/\/map.geo.admin.ch\/embed.html?lang=fr&amp;topic=ech&amp;bgLayer=ch.swisstopo.pixelkarte-farbe&amp;layers=ch.swisstopo.zeitreihen,ch.bfs.gebaeude_wohnungs_register,ch.bav.haltestellen-oev,ch.swisstopo.swisstlm3d-wanderwege,KML%7C%7Chttps:%2F%2Fpublic.geo.admin.ch%2Fapi%2Fkml%2Ffiles%2F52nOvEo7Q0OyAFIzP8X20w&amp;layers_visibility=false,false,false,true,true&amp;layers_timestamp=18641231,,,,&amp;zoom=10&amp;layers_opacity=1,1,1,0.8,1&amp;E=2567242.23&amp;N=1216279.92\" style=\"border:0\" allow=\"geolocation\" width=\"400\" height=\"300\" frameborder=\"0\"><\/iframe><\/td>\n<td style=\"vertical-align: top; width: 501px;\">Le lieudit Chuffort est une forme patoise du mot chaufour qui d\u00e9signe un four \u00e0 chaux. On a construit un bon nombre de ces fours jusqu\u2019\u00e0 la fin du 19e si\u00e8cle, dans les for\u00eats et p\u00e2turages jurassiens, qui fournissaient en abondance le calcaire et le bois de feu n\u00e9cessaires. Les vestiges sont encore nombreux dans le terrain. Le panneau rappelle l\u2019importance qu\u2019avait dans les activit\u00e9s fortement autarciques des paysans d\u2019autrefois, en explique le processus de production et montre que notre \u00e9poque red\u00e9couvre les qualit\u00e9s de ce mat\u00e9riau, dont la production industrielle est une transposition d\u2019un savoir-faire ancestral admirable.<\/td>\n<\/tr>\n<\/tbody>\n<\/table>\n","protected":false},"excerpt":{"rendered":"<p>Vignette Titre &amp; Lieu Description succincte &nbsp; Les anciens moulins du Seyon \u00e0 Villiers Abribus TransN, Villiers A Villiers, o\u00f9 le Seyon prend sa source, on ne pouvait manquer d\u2019\u00e9voquer, comme \u00e0 Valangin en aval et \u00e0 Bayerel entre deux, les multiples anciens moulins qu\u2019animait, pendant des si\u00e8cles, le principal cours d\u2019eau du Val-de-Ruz. Le &#8230; <a title=\"Panneaux didactiques &#8211; Balade 2 \u2013 Vers Chasseral\" class=\"read-more\" href=\"https:\/\/www.chemins-chouettes.ch\/?page_id=1434&#038;lang=fr\" aria-label=\"En savoir plus sur Panneaux didactiques &#8211; Balade 2 \u2013 Vers Chasseral\">Read more<\/a><\/p>\n","protected":false},"author":2,"featured_media":0,"parent":1273,"menu_order":2,"comment_status":"closed","ping_status":"closed","template":"","meta":{"generate_page_header":"","footnotes":""},"class_list":["post-1434","page","type-page","status-publish"],"_links":{"self":[{"href":"https:\/\/www.chemins-chouettes.ch\/index.php?rest_route=\/wp\/v2\/pages\/1434","targetHints":{"allow":["GET"]}}],"collection":[{"href":"https:\/\/www.chemins-chouettes.ch\/index.php?rest_route=\/wp\/v2\/pages"}],"about":[{"href":"https:\/\/www.chemins-chouettes.ch\/index.php?rest_route=\/wp\/v2\/types\/page"}],"author":[{"embeddable":true,"href":"https:\/\/www.chemins-chouettes.ch\/index.php?rest_route=\/wp\/v2\/users\/2"}],"replies":[{"embeddable":true,"href":"https:\/\/www.chemins-chouettes.ch\/index.php?rest_route=%2Fwp%2Fv2%2Fcomments&post=1434"}],"version-history":[{"count":18,"href":"https:\/\/www.chemins-chouettes.ch\/index.php?rest_route=\/wp\/v2\/pages\/1434\/revisions"}],"predecessor-version":[{"id":2737,"href":"https:\/\/www.chemins-chouettes.ch\/index.php?rest_route=\/wp\/v2\/pages\/1434\/revisions\/2737"}],"up":[{"embeddable":true,"href":"https:\/\/www.chemins-chouettes.ch\/index.php?rest_route=\/wp\/v2\/pages\/1273"}],"wp:attachment":[{"href":"https:\/\/www.chemins-chouettes.ch\/index.php?rest_route=%2Fwp%2Fv2%2Fmedia&parent=1434"}],"curies":[{"name":"wp","href":"https:\/\/api.w.org\/{rel}","templated":true}]}}