{"id":1440,"date":"2016-11-03T08:59:58","date_gmt":"2016-11-03T07:59:58","guid":{"rendered":"http:\/\/www.chemins-chouettes.ch\/?page_id=1440"},"modified":"2022-08-31T14:47:25","modified_gmt":"2022-08-31T13:47:25","slug":"panneaux-didactiques-de-la-balade-4","status":"publish","type":"page","link":"https:\/\/www.chemins-chouettes.ch\/?page_id=1440&lang=fr","title":{"rendered":"Panneaux didactiques &#8211; Balade 4 \u2013 La lisi\u00e8re"},"content":{"rendered":"<table>\n<tbody>\n<tr style=\"height: 36px;\">\n<td style=\"background-color: #339933; color: white; width: 163.683px; height: 36px;\"><strong><span style=\"font-size: 16pt; font-family: georgia,palatino,serif;\">Vignette<\/span><\/strong><\/td>\n<td style=\"background-color: #339933; color: white; font-family: monospace; width: 264px; height: 36px;\"><strong><span style=\"font-size: 16pt; font-family: georgia,palatino,serif;\">Titre &amp; Lieu<br \/>\n<\/span><\/strong><\/td>\n<td style=\"background-color: #339933; color: white; width: 501px; height: 36px;\"><strong><span style=\"font-size: 16pt; font-family: georgia,palatino,serif;\">Description succincte<\/span><\/strong><\/td>\n<\/tr>\n<tr style=\"background-color: #e6e6e6;\">\n<td style=\"vertical-align: top; width: 163.683px; text-align: center;\">&nbsp;<a href=\"http:\/\/www.chemins-chouettes.ch\/wp-content\/uploads\/2016\/12\/4.1_SeptSuperBalades_vign.png\" target=\"_blank\" rel=\"noopener\"><img loading=\"lazy\" decoding=\"async\" class=\"alignnone size-medium wp-image-2027\" src=\"http:\/\/www.chemins-chouettes.ch\/wp-content\/uploads\/2016\/12\/4.1_SeptSuperBalades_vign-212x300.png\" alt=\"4-1_septsuperbalades_vign\" width=\"212\" height=\"300\" srcset=\"https:\/\/www.chemins-chouettes.ch\/wp-content\/uploads\/2016\/12\/4.1_SeptSuperBalades_vign-212x300.png 212w, https:\/\/www.chemins-chouettes.ch\/wp-content\/uploads\/2016\/12\/4.1_SeptSuperBalades_vign.png 472w\" sizes=\"auto, (max-width: 212px) 100vw, 212px\" \/><\/a><\/td>\n<td style=\"vertical-align: top; width: 264px;\"><strong>Sept super balades-d\u00e9couvertes !&nbsp;&nbsp;<\/strong><br \/>\nGare CFF, Les Hauts-Geneveys<iframe loading=\"lazy\" style=\"border: 0;\" src=\"https:\/\/map.geo.admin.ch\/embed.html?lang=fr&amp;topic=ech&amp;bgLayer=ch.swisstopo.pixelkarte-farbe&amp;layers=ch.swisstopo.zeitreihen,ch.bfs.gebaeude_wohnungs_register,ch.bav.haltestellen-oev,ch.swisstopo.swisstlm3d-wanderwege,KML%7C%7Chttps:%2F%2Fpublic.geo.admin.ch%2Fapi%2Fkml%2Ffiles%2F52nOvEo7Q0OyAFIzP8X20w&amp;layers_visibility=false,false,false,true,true&amp;layers_timestamp=18641231,,,,&amp;zoom=10&amp;layers_opacity=1,1,1,0.8,1&amp;E=2557142.50&amp;N=1210850.63\" width=\"400\" height=\"300\" frameborder=\"0\"><\/iframe><\/td>\n<td style=\"vertical-align: top; width: 501px;\">Panneau-cl\u00e9 des Chemins chouettes d\u2019Espace Val-de- Ruz, il en fait la synth\u00e8se devant l\u2019un des beaux panoramas sur le vallon, pr\u00e9sentant la globalit\u00e9 de ces sept balades vari\u00e9es qui permettent d\u2019en d\u00e9couvrir l\u2019essentiel du patrimoine culturel et naturel. Il en explique aussi l\u2019id\u00e9e-ma\u00eetresse de constituer ainsi un r\u00e9seau coh\u00e9rent d\u2019itin\u00e9raires \u00e9cotouristiques, au service de la promotion r\u00e9gionale.<\/td>\n<\/tr>\n<tr>\n<td style=\"vertical-align: top; width: 163.683px; text-align: center;\">&nbsp;<a href=\"http:\/\/www.chemins-chouettes.ch\/wp-content\/uploads\/2016\/12\/4.2_JuraIndus_vign.png\" target=\"_blank\" rel=\"noopener\"><img loading=\"lazy\" decoding=\"async\" class=\"alignnone size-medium wp-image-2028\" src=\"http:\/\/www.chemins-chouettes.ch\/wp-content\/uploads\/2016\/12\/4.2_JuraIndus_vign-212x300.png\" alt=\"4-2_juraindus_vign\" width=\"212\" height=\"300\" srcset=\"https:\/\/www.chemins-chouettes.ch\/wp-content\/uploads\/2016\/12\/4.2_JuraIndus_vign-212x300.png 212w, https:\/\/www.chemins-chouettes.ch\/wp-content\/uploads\/2016\/12\/4.2_JuraIndus_vign.png 472w\" sizes=\"auto, (max-width: 212px) 100vw, 212px\" \/><\/a><\/td>\n<td style=\"vertical-align: top; width: 264px;\"><strong>Une \u00e9pop\u00e9e ferroviaire&nbsp;: le Jura industriel<\/strong><br \/>\nGare CFF, Les Hauts-Geneveys<iframe loading=\"lazy\" style=\"border: 0;\" src=\"https:\/\/map.geo.admin.ch\/embed.html?lang=fr&amp;topic=ech&amp;bgLayer=ch.swisstopo.pixelkarte-farbe&amp;layers=ch.swisstopo.zeitreihen,ch.bfs.gebaeude_wohnungs_register,ch.bav.haltestellen-oev,ch.swisstopo.swisstlm3d-wanderwege,KML%7C%7Chttps:%2F%2Fpublic.geo.admin.ch%2Fapi%2Fkml%2Ffiles%2F52nOvEo7Q0OyAFIzP8X20w&amp;layers_visibility=false,false,false,true,true&amp;layers_timestamp=18641231,,,,&amp;zoom=10&amp;layers_opacity=1,1,1,0.8,1&amp;E=2557142.50&amp;N=1210850.63\" width=\"400\" height=\"300\" frameborder=\"0\"><\/iframe><\/td>\n<td style=\"vertical-align: top; width: 501px;\">Premi\u00e8re voie ferr\u00e9e mise en service dans le canton de Neuch\u00e2tel, comptant le plus long tunnel de Suisse \u00e0 l\u2019\u00e9poque, la ligne de chemin de fer dite alors du Jura-industriel, Le Locle &#8211; La Chaux-de-Fonds \u2013 Neuch\u00e2tel (37,2 km), est une v\u00e9ritable \u00e9pop\u00e9e, \u00e9maill\u00e9e de conflits, d\u2019intrigues, de gouffres financiers, voire de drames individuels. Face \u00e0 la gare des Hauts-Geneveys, le panneau rappelle cette histoire mouvement\u00e9e qui est aussi repr\u00e9sentative d\u2019une \u00e9poque de grands bouleversements \u00e9conomiques, politiques, sociaux, techniques. Et pourtant marqu\u00e9e par une foi dans le progr\u00e8s qui, \u00e0 d\u00e9faut de renverser les montagnes, voulait \u00e0 tout prix les traverser&#8230;<\/td>\n<\/tr>\n<tr style=\"background-color: #e6e6e6;\">\n<td style=\"vertical-align: top; width: 163.683px; text-align: center;\">&nbsp;<a href=\"http:\/\/www.chemins-chouettes.ch\/wp-content\/uploads\/2022\/07\/CCVR-pan48_FHF.pdf\" target=\"_blank\" rel=\"noopener\"><img loading=\"lazy\" decoding=\"async\" class=\"alignnone wp-image-2202 size-medium\" src=\"http:\/\/www.chemins-chouettes.ch\/wp-content\/uploads\/2018\/06\/EVR_CCpan49_FHF_vign-211x300.png\" alt=\"\" width=\"211\" height=\"300\" srcset=\"https:\/\/www.chemins-chouettes.ch\/wp-content\/uploads\/2018\/06\/EVR_CCpan49_FHF_vign-211x300.png 211w, https:\/\/www.chemins-chouettes.ch\/wp-content\/uploads\/2018\/06\/EVR_CCpan49_FHF_vign.png 472w\" sizes=\"auto, (max-width: 211px) 100vw, 211px\" \/><\/a><\/td>\n<td style=\"vertical-align: top; width: 264px;\"><b>\u00ab\u00a0La fabrique\u00a0\u00bb: fleuron horloger de Fontainemelon<\/b><br \/>\nAbribus TransN Fontainemelon<iframe loading=\"lazy\" style=\"border: 0;\" src=\"https:\/\/map.geo.admin.ch\/embed.html?lang=fr&amp;topic=ech&amp;bgLayer=ch.swisstopo.pixelkarte-farbe&amp;layers=ch.swisstopo.zeitreihen,ch.bfs.gebaeude_wohnungs_register,ch.bav.haltestellen-oev,ch.swisstopo.swisstlm3d-wanderwege,KML%7C%7Chttps:%2F%2Fpublic.geo.admin.ch%2Fapi%2Fkml%2Ffiles%2F52nOvEo7Q0OyAFIzP8X20w&amp;layers_visibility=false,false,false,true,true&amp;layers_timestamp=18641231,,,,&amp;zoom=10&amp;layers_opacity=1,1,1,0.8,1&amp;E=2558255.50&amp;N=1211765.63\" width=\"400\" height=\"300\" frameborder=\"0\"><\/iframe><\/td>\n<td style=\"vertical-align: top; width: 501px;\">L\u2019imposante pr\u00e9sence, au c\u0153ur de la localit\u00e9, d\u2019un site industriel, est significative de son r\u00f4le, central lui aussi \u00e0 plus d\u2019un titre. Ce panneau l\u2019explique. La \u00ab&nbsp;Fabrique d\u2019horlogerie de Fontainemelon&nbsp;\u00bb (qui ne porte plus officiellement ce nom mais l\u2019a gard\u00e9 au sens g\u00e9n\u00e9rique) dont l\u2019origine remonte \u00e0 1793, a notamment employ\u00e9 jusqu\u2019\u00e0 la moiti\u00e9 des habitants du lieu, \u00e9t\u00e9 la premi\u00e8re manufacture d\u2019\u00e9bauches de Suisse, puis l\u2019un des protagonistes majeurs du mouvement de restructuration de l\u2019horlogerie helv\u00e9tique et de la naissance de la plus importante entreprise horlog\u00e8re du monde, le Swatch Group. Dans un Val-de-Ruz majoritairement rural, Fontainemelon a connu ainsi un destin tout \u00e0 fait particulier.<\/td>\n<\/tr>\n<tr>\n<td style=\"vertical-align: top; width: 163.683px; text-align: center;\">&nbsp;<a href=\"http:\/\/www.chemins-chouettes.ch\/wp-content\/uploads\/2022\/07\/CCVR-pan39_CernierMeubles.pdf\" target=\"_blank\" rel=\"noopener\"><img loading=\"lazy\" decoding=\"async\" class=\"alignnone size-medium wp-image-2029\" src=\"http:\/\/www.chemins-chouettes.ch\/wp-content\/uploads\/2016\/12\/4.4_CernierMeubles_vign-213x300.png\" alt=\"4-4_cerniermeubles_vign\" width=\"213\" height=\"300\" srcset=\"https:\/\/www.chemins-chouettes.ch\/wp-content\/uploads\/2016\/12\/4.4_CernierMeubles_vign-213x300.png 213w, https:\/\/www.chemins-chouettes.ch\/wp-content\/uploads\/2016\/12\/4.4_CernierMeubles_vign.png 472w\" sizes=\"auto, (max-width: 213px) 100vw, 213px\" \/><\/a><\/td>\n<td style=\"vertical-align: top; width: 264px;\"><strong>Quand Cernier fabriquait des meubles<\/strong><br \/>\nCentre Jeunesse, Cernier<iframe loading=\"lazy\" style=\"border: 0;\" src=\"https:\/\/map.geo.admin.ch\/embed.html?lang=fr&amp;topic=ech&amp;bgLayer=ch.swisstopo.pixelkarte-farbe&amp;layers=ch.swisstopo.zeitreihen,ch.bfs.gebaeude_wohnungs_register,ch.bav.haltestellen-oev,ch.swisstopo.swisstlm3d-wanderwege,KML%7C%7Chttps:%2F%2Fpublic.geo.admin.ch%2Fapi%2Fkml%2Ffiles%2F52nOvEo7Q0OyAFIzP8X20w&amp;layers_visibility=false,false,false,true,true&amp;layers_timestamp=18641231,,,,&amp;zoom=10&amp;layers_opacity=1,1,1,0.8,1&amp;E=2559154.50&amp;N=1212078.63\" width=\"400\" height=\"300\" frameborder=\"0\"><\/iframe><\/td>\n<td style=\"vertical-align: top; width: 501px;\">La fabrication de meubles a dot\u00e9 Cernier du site industriel le plus important de son histoire: l\u2019entreprise Jules Perrenoud &amp; Cie. Elle n\u2019a pas dur\u00e9 tr\u00e8s longtemps: environ un si\u00e8cle, mais s\u2019\u00e9tait acquis une belle r\u00e9putation de bienfacture. Ce qu\u2019il en reste, un ensemble de b\u00e2timents r\u00e9affect\u00e9s \u00e0 d\u2019autres fonctions, modifi\u00e9s dans leur aspect, rend aujourd\u2019hui moins perceptible l\u2019ampleur de cette usine (une vingtaine de b\u00e2timents sur deux hectares). D\u2019o\u00f9 l\u2019importance de rappeler par ce panneau sur la fa\u00e7ade d\u2019un de ces \u00e9difices cette page marquante de la chronique locale. D\u2019autant que dans le Jura horloger, les exemples de production industrielle \u00e0 haute valeur ajout\u00e9e bas\u00e9e sur le bois sont rest\u00e9es assez rares, au contraire de l\u2019abondance de cette ressource naturelle.<\/td>\n<\/tr>\n<tr style=\"background-color: #e6e6e6;\">\n<td style=\"vertical-align: top; width: 163.683px; text-align: center;\">&nbsp;<a href=\"http:\/\/www.chemins-chouettes.ch\/wp-content\/uploads\/2022\/07\/CCVR-pan32_Zimmermann.pdf\" target=\"_blank\" rel=\"noopener\"><img loading=\"lazy\" decoding=\"async\" class=\"alignnone size-medium wp-image-2030\" src=\"http:\/\/www.chemins-chouettes.ch\/wp-content\/uploads\/2016\/12\/4.5_Zimmermann_vign-212x300.png\" alt=\"4-5_zimmermann_vign\" width=\"212\" height=\"300\" srcset=\"https:\/\/www.chemins-chouettes.ch\/wp-content\/uploads\/2016\/12\/4.5_Zimmermann_vign-212x300.png 212w, https:\/\/www.chemins-chouettes.ch\/wp-content\/uploads\/2016\/12\/4.5_Zimmermann_vign.png 472w\" sizes=\"auto, (max-width: 212px) 100vw, 212px\" \/><\/a><\/td>\n<td style=\"vertical-align: top; width: 264px;\"><strong>Jean-Paul Zimmermann&nbsp;&nbsp;<\/strong><br \/>\nCernier Centre &#8211; Nord, Cernier<iframe loading=\"lazy\" style=\"border: 0;\" src=\"https:\/\/map.geo.admin.ch\/embed.html?lang=fr&amp;topic=ech&amp;bgLayer=ch.swisstopo.pixelkarte-farbe&amp;layers=ch.swisstopo.zeitreihen,ch.bfs.gebaeude_wohnungs_register,ch.bav.haltestellen-oev,ch.swisstopo.swisstlm3d-wanderwege,KML%7C%7Chttps:%2F%2Fpublic.geo.admin.ch%2Fapi%2Fkml%2Ffiles%2F52nOvEo7Q0OyAFIzP8X20w&amp;layers_visibility=false,false,false,true,true&amp;layers_timestamp=18641231,,,,&amp;zoom=10&amp;layers_opacity=1,1,1,0.8,1&amp;E=2559154.50&amp;N=1212078.63\" width=\"400\" height=\"300\" frameborder=\"0\"><\/iframe><\/td>\n<td style=\"vertical-align: top; width: 501px;\">Jean-Paul Zimmermann, n\u00e9 \u00e0 Cernier en 1889, mort \u00e0 La Chaux-de-Fonds en 1952, fut une personnalit\u00e9 hors du commun. Esprit cultiv\u00e9 et apparence physique d\u00e9routante ; professeur admir\u00e9 et redout\u00e9 ; auteur encens\u00e9 et m\u00e9sestim\u00e9 ; orateur captivant mais mal vivant ; homme ardent et passionn\u00e9 mais prisonnier de ses tourments, il se d\u00e9crivit lui m\u00eame comme un avatar du Dr Jekyll et de Mr Hyde&#8230; Il a pourtant \u00e9t\u00e9 un \u00ab passeur culturel \u00bb marquant, avide d\u2019ouvrir les esprits \u00e0 la vie intellectuelle, aux diff\u00e9rents arts, \u00e0 la nature, \u00e0 la beaut\u00e9. A la fois profond\u00e9ment attach\u00e9 \u00e0 sa terre et \u00ab arpenteur de la culture universelle \u00bb comme l\u2019a \u00e9crit l\u2019un de ses \u00e9l\u00e8ves. Ce panneau qui rappelle sa m\u00e9moire est appos\u00e9 sur sa maison natale.<\/td>\n<\/tr>\n<tr>\n<td style=\"vertical-align: top; width: 163.683px; text-align: center;\">&nbsp;<a href=\"http:\/\/www.chemins-chouettes.ch\/wp-content\/uploads\/2022\/07\/CCVR-pan34_Villages.pdf\" target=\"_blank\" rel=\"noopener\"><img loading=\"lazy\" decoding=\"async\" class=\"alignnone size-medium wp-image-2031\" src=\"http:\/\/www.chemins-chouettes.ch\/wp-content\/uploads\/2016\/12\/4.6_Villages_vign-212x300.png\" alt=\"4-6_villages_vign\" width=\"212\" height=\"300\" srcset=\"https:\/\/www.chemins-chouettes.ch\/wp-content\/uploads\/2016\/12\/4.6_Villages_vign-212x300.png 212w, https:\/\/www.chemins-chouettes.ch\/wp-content\/uploads\/2016\/12\/4.6_Villages_vign.png 472w\" sizes=\"auto, (max-width: 212px) 100vw, 212px\" \/><\/a><\/td>\n<td style=\"vertical-align: top; width: 264px;\"><strong>Villages vaudruziens : blasons, noms, surnoms<\/strong><br \/>\nCernier Centre &#8211; Sud, Cernier<iframe loading=\"lazy\" style=\"border: 0;\" src=\"https:\/\/map.geo.admin.ch\/embed.html?lang=fr&amp;topic=ech&amp;bgLayer=ch.swisstopo.pixelkarte-farbe&amp;layers=ch.swisstopo.zeitreihen,ch.bfs.gebaeude_wohnungs_register,ch.bav.haltestellen-oev,ch.swisstopo.swisstlm3d-wanderwege,KML%7C%7Chttps:%2F%2Fpublic.geo.admin.ch%2Fapi%2Fkml%2Ffiles%2F52nOvEo7Q0OyAFIzP8X20w&amp;layers_visibility=false,false,false,true,true&amp;layers_timestamp=18641231,,,,&amp;zoom=10&amp;layers_opacity=1,1,1,0.8,1&amp;E=2559154.50&amp;N=1212078.63\" width=\"400\" height=\"300\" frameborder=\"0\"><\/iframe><\/td>\n<td style=\"vertical-align: top; width: 501px;\">Quinze des seize communes du Val-de-Ruz ont fusionn\u00e9 en une seule en 2012.&nbsp; L\u2019\u00e9tymologie, le blason et le sobriquet des communes \u00abhistoriques\u00bb du vallon est une mani\u00e8re de comm\u00e9morer cette \u00e9volution structurelle tout en affirmant la p\u00e9rennit\u00e9 du charme des sp\u00e9cificit\u00e9s villageoises. Le panneau qui les \u00e9voque se trouve logiquement au centre administratif de la nouvelle commune, chez les \u00ab&nbsp;Eperviers&nbsp;\u00bb de Cernier&nbsp;!<\/td>\n<\/tr>\n<tr style=\"background-color: #e6e6e6;\">\n<td style=\"vertical-align: top; width: 163.683px; text-align: center;\"><a href=\"http:\/\/www.chemins-chouettes.ch\/wp-content\/uploads\/2022\/07\/CCVR-pan51_PruneauChe\u0301zard.pdf\" target=\"_blank\" rel=\"noopener\"><img loading=\"lazy\" decoding=\"async\" class=\"alignnone size-medium wp-image-2410\" src=\"http:\/\/www.chemins-chouettes.ch\/wp-content\/uploads\/2022\/04\/5.5_Pruneau_vign-212x300.png\" alt=\"\" width=\"212\" height=\"300\" srcset=\"https:\/\/www.chemins-chouettes.ch\/wp-content\/uploads\/2022\/04\/5.5_Pruneau_vign-212x300.png 212w, https:\/\/www.chemins-chouettes.ch\/wp-content\/uploads\/2022\/04\/5.5_Pruneau_vign.png 620w\" sizes=\"auto, (max-width: 212px) 100vw, 212px\" \/><\/a><\/td>\n<td style=\"vertical-align: top; width: 264px;\"><strong>Le pruneau de Ch\u00e9zard<br \/>\n<\/strong>Parking Restaurant Croix-d\u2019Or, Ch\u00e9zard-Saint-Martin<iframe loading=\"lazy\" style=\"border: 0;\" src=\"https:\/\/map.geo.admin.ch\/embed.html?lang=fr&amp;topic=ech&amp;bgLayer=ch.swisstopo.pixelkarte-farbe&amp;layers=ch.swisstopo.zeitreihen,ch.bfs.gebaeude_wohnungs_register,ch.bav.haltestellen-oev,ch.swisstopo.swisstlm3d-wanderwege,KML%7C%7Chttps:%2F%2Fpublic.geo.admin.ch%2Fapi%2Fkml%2Ffiles%2F52nOvEo7Q0OyAFIzP8X20w&amp;layers_visibility=false,false,false,true,true&amp;layers_timestamp=18641231,,,,&amp;zoom=10&amp;layers_opacity=1,1,1,0.8,1&amp;E=2560694.50&amp;N=1212717.63\" width=\"400\" height=\"300\" frameborder=\"0\"><\/iframe><\/td>\n<td style=\"vertical-align: top; width: 501px;\">Les fruits sont moyennement grands (34 \u00e0 44 mm). La ligne de suture est bien marqu\u00e9e, sa chair verd\u00e2tre est ferme, assez juteuse et sucr\u00e9e, elle n\u2019adh\u00e8re pas au noyau. Il est excellent pour les g\u00e2teaux et les confitures. Le pruneau de Ch\u00e9zard convient \u00e9galement bien pour le s\u00e9chage et la distillation. D\u2019autres recettes sont encore \u00e0 inventer pour valoriser sa production ! Le pruneau de Ch\u00e9zard m\u00e9riterait-il une appellation d\u2019origine contr\u00f4l\u00e9e AOC ?<\/td>\n<\/tr>\n<tr>\n<td style=\"vertical-align: top; width: 163.683px; text-align: center;\">&nbsp;<a href=\"http:\/\/www.chemins-chouettes.ch\/wp-content\/uploads\/2022\/07\/CCVR-pan15_Drainages.pdf\" target=\"_blank\" rel=\"noopener\"><img loading=\"lazy\" decoding=\"async\" class=\"alignnone size-medium wp-image-2035\" src=\"http:\/\/www.chemins-chouettes.ch\/wp-content\/uploads\/2016\/12\/5.4_Drainages_vign-212x300.png\" alt=\"5-4_drainages_vign\" width=\"212\" height=\"300\" srcset=\"https:\/\/www.chemins-chouettes.ch\/wp-content\/uploads\/2016\/12\/5.4_Drainages_vign-212x300.png 212w, https:\/\/www.chemins-chouettes.ch\/wp-content\/uploads\/2016\/12\/5.4_Drainages_vign.png 472w\" sizes=\"auto, (max-width: 212px) 100vw, 212px\" \/><\/a><\/td>\n<td style=\"vertical-align: top; width: 264px;\"><strong>Les drainages du Val-de-Ruz<br \/>\n<\/strong>Parking Restaurant Croix-d\u2019Or, Ch\u00e9zard-Saint-Martin<iframe loading=\"lazy\" style=\"border: 0;\" src=\"https:\/\/map.geo.admin.ch\/embed.html?lang=fr&amp;topic=ech&amp;bgLayer=ch.swisstopo.pixelkarte-farbe&amp;layers=ch.swisstopo.zeitreihen,ch.bfs.gebaeude_wohnungs_register,ch.bav.haltestellen-oev,ch.swisstopo.swisstlm3d-wanderwege,KML%7C%7Chttps:%2F%2Fpublic.geo.admin.ch%2Fapi%2Fkml%2Ffiles%2F52nOvEo7Q0OyAFIzP8X20w&amp;layers_visibility=false,false,false,true,true&amp;layers_timestamp=18641231,,,,&amp;zoom=10&amp;layers_opacity=1,1,1,0.8,1&amp;E=2560694.50&amp;N=1212717.63\" width=\"400\" height=\"300\" frameborder=\"0\"><\/iframe><\/td>\n<td style=\"vertical-align: top; width: 501px;\">Le rapport particulier que le Val-de-Ruz entretient avec l\u2019hydrog\u00e9ologie s\u2019illustre encore dans ce panneau. Il explique pourquoi et comment l\u2019agriculture r\u00e9gionale a remarquablement am\u00e9lior\u00e9 ses conditions d\u2019exploitation, \u00e0 la fin du 19<sup>e<\/sup> si\u00e8cle et au d\u00e9but du 20<sup>e<\/sup>, en r\u00e9alisant un impressionnant r\u00e9seau de drainages. Les trois-quarts des 3&rsquo;300 hectares de surface cultivable de la vall\u00e9e, soit 2\u2019420 ha, ont \u00e9t\u00e9 ainsi assainis par 1&rsquo;500 km de canalisations (la distance de Neuch\u00e2tel \u00e0 Lisbonne&nbsp;!) pos\u00e9es \u00e0 1m20 de profondeur, \u00e0 la main\u2026 C\u2019est aussi l\u2019occasion d\u2019un hommage rendu \u00e0 la personnalit\u00e9 marquante de Fr\u00e9d\u00e9ric Soguel, conseiller d\u2019Etat, conseiller national (1841-1903) initiateur non seulement des drainages, mais aussi du tram Villiers &#8211; Les Hauts-Geneveys, de l\u2019alimentation des villages en eau potable et en \u00e9lectricit\u00e9, de l\u2019Ecole d\u2019agriculture, etc.<\/td>\n<\/tr>\n<tr style=\"background-color: #e6e6e6;\">\n<td style=\"vertical-align: top; width: 163.683px; text-align: center;\">&nbsp;<a href=\"http:\/\/www.chemins-chouettes.ch\/wp-content\/uploads\/2022\/07\/CCVR-pan21_TresorDombresson.pdf\" target=\"_blank\" rel=\"noopener\"><img loading=\"lazy\" decoding=\"async\" class=\"alignnone size-medium wp-image-2025\" src=\"http:\/\/www.chemins-chouettes.ch\/wp-content\/uploads\/2016\/12\/3.4_TresorDomb_vign-212x300.png\" alt=\"3-4_tresordomb_vign\" width=\"212\" height=\"300\" srcset=\"https:\/\/www.chemins-chouettes.ch\/wp-content\/uploads\/2016\/12\/3.4_TresorDomb_vign-212x300.png 212w, https:\/\/www.chemins-chouettes.ch\/wp-content\/uploads\/2016\/12\/3.4_TresorDomb_vign.png 472w\" sizes=\"auto, (max-width: 212px) 100vw, 212px\" \/><\/a><\/td>\n<td style=\"vertical-align: top; width: 264px;\"><strong>Le Tr\u00e9sor de Dombresson &#8211; vestige de l\u2019\u00e8re romaine&nbsp;&nbsp;<\/strong><br \/>\nH\u00f4tel de Commune, Dombresson<iframe loading=\"lazy\" style=\"border: 0;\" src=\"https:\/\/map.geo.admin.ch\/embed.html?lang=fr&amp;topic=ech&amp;bgLayer=ch.swisstopo.pixelkarte-farbe&amp;layers=ch.swisstopo.zeitreihen,ch.bfs.gebaeude_wohnungs_register,ch.bav.haltestellen-oev,ch.swisstopo.swisstlm3d-wanderwege,KML%7C%7Chttps:%2F%2Fpublic.geo.admin.ch%2Fapi%2Fkml%2Ffiles%2F52nOvEo7Q0OyAFIzP8X20w&amp;layers_visibility=false,false,false,true,true&amp;layers_timestamp=18641231,,,,&amp;zoom=10&amp;layers_opacity=1,1,1,0.8,1&amp;E=2563458.50&amp;N=1213524.63\" width=\"400\" height=\"300\" frameborder=\"0\"><\/iframe><\/td>\n<td style=\"vertical-align: top; width: 501px;\">Le 24 septembre 1824, un tr\u00e9sor de plusieurs centaines de monnaies romaines a \u00e9t\u00e9 d\u00e9couvert au nord du village de Dombresson. Le panneau consacr\u00e9 \u00e0 cette trouvaille insolite en situe le lieu, en illustre et d\u00e9crit quelques-unes des pi\u00e8ces, en explique l\u2019importance, notamment comme t\u00e9moin de la pr\u00e9sence romaine dans les Val-de-Ruz. Mais il montre aussi qu\u2019il reste autour de ce tr\u00e9sor de larges parts de myst\u00e8re\u2026 ce qui le rend d\u2019autant plus int\u00e9ressant&nbsp;!<\/td>\n<\/tr>\n<\/tbody>\n<\/table>\n","protected":false},"excerpt":{"rendered":"<p>Vignette Titre &amp; Lieu Description succincte &nbsp; Sept super balades-d\u00e9couvertes !&nbsp;&nbsp; Gare CFF, Les Hauts-Geneveys Panneau-cl\u00e9 des Chemins chouettes d\u2019Espace Val-de- Ruz, il en fait la synth\u00e8se devant l\u2019un des beaux panoramas sur le vallon, pr\u00e9sentant la globalit\u00e9 de ces sept balades vari\u00e9es qui permettent d\u2019en d\u00e9couvrir l\u2019essentiel du patrimoine culturel et naturel. Il en &#8230; <a title=\"Panneaux didactiques &#8211; Balade 4 \u2013 La lisi\u00e8re\" class=\"read-more\" href=\"https:\/\/www.chemins-chouettes.ch\/?page_id=1440&#038;lang=fr\" aria-label=\"En savoir plus sur Panneaux didactiques &#8211; Balade 4 \u2013 La lisi\u00e8re\">Read more<\/a><\/p>\n","protected":false},"author":2,"featured_media":0,"parent":1273,"menu_order":4,"comment_status":"closed","ping_status":"closed","template":"","meta":{"generate_page_header":"","footnotes":""},"class_list":["post-1440","page","type-page","status-publish"],"_links":{"self":[{"href":"https:\/\/www.chemins-chouettes.ch\/index.php?rest_route=\/wp\/v2\/pages\/1440","targetHints":{"allow":["GET"]}}],"collection":[{"href":"https:\/\/www.chemins-chouettes.ch\/index.php?rest_route=\/wp\/v2\/pages"}],"about":[{"href":"https:\/\/www.chemins-chouettes.ch\/index.php?rest_route=\/wp\/v2\/types\/page"}],"author":[{"embeddable":true,"href":"https:\/\/www.chemins-chouettes.ch\/index.php?rest_route=\/wp\/v2\/users\/2"}],"replies":[{"embeddable":true,"href":"https:\/\/www.chemins-chouettes.ch\/index.php?rest_route=%2Fwp%2Fv2%2Fcomments&post=1440"}],"version-history":[{"count":18,"href":"https:\/\/www.chemins-chouettes.ch\/index.php?rest_route=\/wp\/v2\/pages\/1440\/revisions"}],"predecessor-version":[{"id":2726,"href":"https:\/\/www.chemins-chouettes.ch\/index.php?rest_route=\/wp\/v2\/pages\/1440\/revisions\/2726"}],"up":[{"embeddable":true,"href":"https:\/\/www.chemins-chouettes.ch\/index.php?rest_route=\/wp\/v2\/pages\/1273"}],"wp:attachment":[{"href":"https:\/\/www.chemins-chouettes.ch\/index.php?rest_route=%2Fwp%2Fv2%2Fmedia&parent=1440"}],"curies":[{"name":"wp","href":"https:\/\/api.w.org\/{rel}","templated":true}]}}