{"id":1445,"date":"2016-11-03T09:01:20","date_gmt":"2016-11-03T08:01:20","guid":{"rendered":"http:\/\/www.chemins-chouettes.ch\/?page_id=1445"},"modified":"2022-08-31T15:32:09","modified_gmt":"2022-08-31T14:32:09","slug":"6-2","status":"publish","type":"page","link":"https:\/\/www.chemins-chouettes.ch\/?page_id=1445&lang=fr","title":{"rendered":"Panneaux didactiques &#8211; Balade 6 \u2013 Les cr\u00eates"},"content":{"rendered":"<table>\n<tbody>\n<tr style=\"height: 36px;\">\n<td style=\"background-color: #339933; color: white; width: 163.683px; height: 36px;\"><strong><span style=\"font-size: 16pt; font-family: georgia,palatino,serif;\">Vignette<\/span><\/strong><\/td>\n<td style=\"background-color: #339933; color: white; font-family: monospace; width: 264px; height: 36px;\"><strong><span style=\"font-size: 16pt; font-family: georgia,palatino,serif;\">Titre &amp; Lieu<br \/>\n<\/span><\/strong><\/td>\n<td style=\"background-color: #339933; color: white; width: 501px; height: 36px;\"><strong><span style=\"font-size: 16pt; font-family: georgia,palatino,serif;\">Description succincte<\/span><\/strong><\/td>\n<\/tr>\n<tr style=\"background-color: #e6e6e6;\">\n<td style=\"vertical-align: top; width: 163.683px; text-align: center;\">&nbsp;<a href=\"http:\/\/www.chemins-chouettes.ch\/wp-content\/uploads\/2022\/07\/CCVR-pan27_Gentiane.pdf\" target=\"_blank\" rel=\"noopener\"><img loading=\"lazy\" decoding=\"async\" class=\"alignnone size-medium wp-image-2036\" src=\"http:\/\/www.chemins-chouettes.ch\/wp-content\/uploads\/2016\/12\/6.1_Gentiane_vign-212x300.png\" alt=\"6-1_gentiane_vign\" width=\"212\" height=\"300\" srcset=\"https:\/\/www.chemins-chouettes.ch\/wp-content\/uploads\/2016\/12\/6.1_Gentiane_vign-212x300.png 212w, https:\/\/www.chemins-chouettes.ch\/wp-content\/uploads\/2016\/12\/6.1_Gentiane_vign.png 472w\" sizes=\"auto, (max-width: 212px) 100vw, 212px\" \/><\/a><\/td>\n<td style=\"vertical-align: top; width: 264px;\"><strong>La gentiane jaune, reine des p\u00e2turages bois\u00e9s jurassiens<\/strong><br \/>\nParking de La Vue-des-Alpes<iframe loading=\"lazy\" src=\"https:\/\/map.geo.admin.ch\/embed.html?lang=fr&amp;topic=ech&amp;bgLayer=ch.swisstopo.pixelkarte-farbe&amp;layers=ch.swisstopo.zeitreihen,ch.bfs.gebaeude_wohnungs_register,ch.bav.haltestellen-oev,ch.swisstopo.swisstlm3d-wanderwege,KML%7C%7Chttps:%2F%2Fpublic.geo.admin.ch%2Fapi%2Fkml%2Ffiles%2FK1rS5-OdQqCgtZCjNw81TA&amp;layers_visibility=false,false,false,true,true&amp;layers_timestamp=18641231,,,,&amp;zoom=10&amp;layers_opacity=1,1,1,0.8,1&amp;E=2556844.75&amp;N=1213684.50\" style=\"border:0\" allow=\"geolocation\" width=\"400\" height=\"300\" frameborder=\"0\"><\/iframe><\/td>\n<td style=\"vertical-align: top; width: 501px;\">La gentiane jaune <em>gentiana lutea<\/em>, appel\u00e9e aussi grande gentiane, est une plante herbac\u00e9e \u00e0 suc amer qui pousse dans les p\u00e2turages de montagne encore riches en biodiversit\u00e9, en particulier dans le Jura, les Pr\u00e9alpes, le Massif central, les Vosges, les Pyr\u00e9n\u00e9es\u2026 Ses propri\u00e9t\u00e9s toniques et digestives sont connues depuis l\u2019Antiquit\u00e9. On la nomme d\u2019ailleurs aussi parfois gentiane officinale. L\u2019exploitation plus intensive des p\u00e2turages, et aussi les contraintes qu\u2019impose sa r\u00e9colte, l\u2019ont rendue moins fr\u00e9quente qu\u2019autrefois. Le panneau, qui pr\u00e9sente les caract\u00e9ristiques de cette plante, explique pourtant quel renouveau d\u2019int\u00e9r\u00eat elle conna\u00eet en Europe. Et raconte forc\u00e9ment aussi quel lien particulier la Vue-des-Alpes entretient avec la gentiane&nbsp;: c\u2019est sur son versant nord que prend sa source la Suze, qui arrose le vallon de Saint-Imier, et qui pourrait avoir donn\u00e9 son nom \u00e0 un fameux ap\u00e9ritif \u00e0 la gentiane&nbsp;!<\/td>\n<\/tr>\n<tr>\n<td style=\"vertical-align: top; width: 163.683px; text-align: center;\">&nbsp;<a href=\"http:\/\/www.chemins-chouettes.ch\/wp-content\/uploads\/2022\/07\/CCVR-pan28_Gu\u0308mmenen.pdf\" target=\"_blank\" rel=\"noopener\"><img loading=\"lazy\" decoding=\"async\" class=\"alignnone size-medium wp-image-2037\" src=\"http:\/\/www.chemins-chouettes.ch\/wp-content\/uploads\/2016\/12\/6.2_Gummenen_vign-212x300.png\" alt=\"6-2_gummenen_vign\" width=\"212\" height=\"300\" srcset=\"https:\/\/www.chemins-chouettes.ch\/wp-content\/uploads\/2016\/12\/6.2_Gummenen_vign-212x300.png 212w, https:\/\/www.chemins-chouettes.ch\/wp-content\/uploads\/2016\/12\/6.2_Gummenen_vign.png 472w\" sizes=\"auto, (max-width: 212px) 100vw, 212px\" \/><\/a><\/td>\n<td style=\"vertical-align: top; width: 264px;\"><strong>Pourquoi les G\u00fcmmenen&nbsp;?<\/strong><br \/>\nM\u00e9tairie Derri\u00e8re T\u00eate de Ran<iframe loading=\"lazy\" src=\"https:\/\/map.geo.admin.ch\/embed.html?lang=fr&amp;topic=ech&amp;bgLayer=ch.swisstopo.pixelkarte-farbe&amp;layers=ch.swisstopo.zeitreihen,ch.bfs.gebaeude_wohnungs_register,ch.bav.haltestellen-oev,ch.swisstopo.swisstlm3d-wanderwege,KML%7C%7Chttps:%2F%2Fpublic.geo.admin.ch%2Fapi%2Fkml%2Ffiles%2F52nOvEo7Q0OyAFIzP8X20w&amp;layers_visibility=false,false,false,true,true&amp;layers_timestamp=18641231,,,,&amp;zoom=9&amp;layers_opacity=1,1,1,0.8,1&amp;E=2555843.68&amp;N=1212646.01\" style=\"border:0\" allow=\"geolocation\" width=\"400\" height=\"300\" frameborder=\"0\"><\/iframe><\/td>\n<td style=\"vertical-align: top; width: 501px;\">Dans le paisible vallon \u00e9lev\u00e9 qui relie la Vue des Alpes \u00e0 T\u00eate de Ran, \u00e0 plus de 1\u2019300 m d\u2019altitude, l\u2019accueillante m\u00e9tairie du domaine \u00abLes Gu\u0308mmenen\u00bb invite \u00e0 s\u2019arr\u00eater un instant pour se restaurer et se laisser impr\u00e9gner par la beaut\u00e9, la s\u00e9r\u00e9nit\u00e9 du site. Et aussi par son histoire. L\u2019endroit est en effet repr\u00e9sentatif de l\u2019\u00e9volution de l\u2019occupation humaine des cr\u00eates jurassiennes. Le panneau qui y est appos\u00e9 explique l\u2019origine de cette m\u00e9tairie cr\u00e9\u00e9e en 1918 et toujours exploit\u00e9e par une coop\u00e9rative d\u2019\u00e9leveurs de la commune bernoise de M\u00fchleberg, dont le b\u00e9tail y estive. \u00c0 l\u2019\u00e9poque, on a donc d\u00e9sign\u00e9, dans la r\u00e9gion, le domaine comme celui des \u00ab (gens de) G\u00fcmmenen \u00bb, village qui \u00e9tait alors plus connu, par son fameux pont couvert sur la Sarine, que M\u00fchleberg dont il fait partie et qui l\u2019a depuis d\u00e9pass\u00e9 en notori\u00e9t\u00e9 gr\u00e2ce \u00e0 sa centrale \u00e9lectrique\u2026 dont le bois de construction a \u00e9t\u00e9 d\u2019ailleurs en partie fourni par la m\u00e9tairie&nbsp;!<\/td>\n<\/tr>\n<tr style=\"background-color: #e6e6e6;\">\n<td style=\"vertical-align: top; width: 163.683px; text-align: center;\">&nbsp;<a href=\"http:\/\/www.chemins-chouettes.ch\/wp-content\/uploads\/2022\/07\/CCVR-pan25_TeteDeRan.pdf\" target=\"_blank\" rel=\"noopener\"><img loading=\"lazy\" decoding=\"async\" class=\"alignnone size-medium wp-image-2038\" src=\"http:\/\/www.chemins-chouettes.ch\/wp-content\/uploads\/2016\/12\/6.3_TeteRan_vign-213x300.png\" alt=\"6-3_teteran_vign\" width=\"213\" height=\"300\" srcset=\"https:\/\/www.chemins-chouettes.ch\/wp-content\/uploads\/2016\/12\/6.3_TeteRan_vign-213x300.png 213w, https:\/\/www.chemins-chouettes.ch\/wp-content\/uploads\/2016\/12\/6.3_TeteRan_vign.png 472w\" sizes=\"auto, (max-width: 213px) 100vw, 213px\" \/><\/a><\/td>\n<td style=\"vertical-align: top; width: 264px;\"><strong>T\u00eate-de-Ran&nbsp;: la bosse\u2026 des sciences naturelles&nbsp;!<\/strong><br \/>\nEx-h\u00f4tel de la Clef des Champs, T\u00eate de Ran<iframe loading=\"lazy\" src=\"https:\/\/map.geo.admin.ch\/embed.html?lang=fr&amp;topic=ech&amp;bgLayer=ch.swisstopo.pixelkarte-farbe&amp;layers=ch.swisstopo.zeitreihen,ch.bfs.gebaeude_wohnungs_register,ch.bav.haltestellen-oev,ch.swisstopo.swisstlm3d-wanderwege,KML%7C%7Chttps:%2F%2Fpublic.geo.admin.ch%2Fapi%2Fkml%2Ffiles%2F52nOvEo7Q0OyAFIzP8X20w&amp;layers_visibility=false,false,false,true,true&amp;layers_timestamp=18641231,,,,&amp;zoom=10&amp;layers_opacity=1,1,1,0.8,1&amp;E=2555776.68&amp;N=1211777.01\" style=\"border:0\" allow=\"geolocation\" width=\"400\" height=\"300\" frameborder=\"0\"><\/iframe><\/td>\n<td style=\"vertical-align: top; width: 501px;\">Au pied de \u00abLa Bosse\u00bb, comme on appelle famili\u00e8rement la T\u00eate de Ran, ce panneau a de quoi vous donner la bosse\u2026 des sciences naturelles&nbsp;! Il explique en effet tout l\u2019int\u00e9r\u00eat g\u00e9ologique et botanique de ce mamelon montagneux caract\u00e9ristique, qui se distingue de loin sur la 2<sup>e<\/sup> cr\u00eate jurassienne. Son flanc sur est form\u00e9 de roches s\u00e9dimentaires, c\u2019est-\u00e0-dire d\u2019origine maritime, datant de 150 millions d\u2019ann\u00e9es, tandis que sur son versant nord affleurent de roches encore plus anciennes de 5 millions d\u2019ann\u00e9es, dat\u00e9es gr\u00e2ce aux fossiles qu\u2019elles contiennent. Embl\u00e9matique donc du plissement du Jura,&nbsp; ce site est en outre un remarquable jardin botanique o\u00f9 peuvent \u00eatre admir\u00e9es du printemps \u00e0 l\u2019automne, une grande vari\u00e9t\u00e9 de fleurs de montagne. Et de son sommet, \u00e0 1&rsquo;422 m d\u2019altitude, s\u2019ouvre un superbe panorama de 360\u00b0.<\/td>\n<\/tr>\n<tr>\n<td style=\"vertical-align: top; width: 163.683px; text-align: center;\">&nbsp;<a href=\"http:\/\/www.chemins-chouettes.ch\/wp-content\/uploads\/2022\/07\/CCVR-pan49_MontRacine.pdf\" target=\"_blank\" rel=\"noopener\"><img loading=\"lazy\" decoding=\"async\" class=\"alignnone size-medium wp-image-2237\" src=\"http:\/\/www.chemins-chouettes.ch\/wp-content\/uploads\/2018\/10\/EVR_CCpan50_MontRacine_vign-212x300.png\" alt=\"\" width=\"212\" height=\"300\" srcset=\"https:\/\/www.chemins-chouettes.ch\/wp-content\/uploads\/2018\/10\/EVR_CCpan50_MontRacine_vign-212x300.png 212w, https:\/\/www.chemins-chouettes.ch\/wp-content\/uploads\/2018\/10\/EVR_CCpan50_MontRacine_vign.png 472w\" sizes=\"auto, (max-width: 212px) 100vw, 212px\" \/><\/a><\/td>\n<td style=\"vertical-align: top; width: 264px;\"><span style=\"color: #000000;\"><b>Mont Racine,<\/b><b> <\/b><\/span><b>haut-lieu de la protection des sites<\/b><br \/>\nLoge des Pradi\u00e8res-Dessus, (\u00ab\u00a0Le Chalet-Neuf\u00a0\u00bb)<iframe loading=\"lazy\" src=\"https:\/\/map.geo.admin.ch\/embed.html?lang=fr&amp;topic=ech&amp;bgLayer=ch.swisstopo.pixelkarte-farbe&amp;layers=ch.swisstopo.zeitreihen,ch.bfs.gebaeude_wohnungs_register,ch.bav.haltestellen-oev,ch.swisstopo.swisstlm3d-wanderwege,KML%7C%7Chttps:%2F%2Fpublic.geo.admin.ch%2Fapi%2Fkml%2Ffiles%2FK1rS5-OdQqCgtZCjNw81TA&amp;layers_visibility=false,false,false,true,true&amp;layers_timestamp=18641231,,,,&amp;zoom=10&amp;layers_opacity=1,1,1,0.8,1&amp;E=2553625.75&amp;N=1209197.50\" style=\"border:0\" allow=\"geolocation\" width=\"400\" height=\"300\" frameborder=\"0\"><\/iframe><\/td>\n<td style=\"vertical-align: top; width: 501px;\">Le Mont-Racine, c\u2019est un peu la \u00abmontagne sacr\u00e9e\u00bb du Jura neuch\u00e2telois, \u00e0 d\u00e9faut d\u2019en \u00eatre le point culminant. Ce lieu \u00e0 la sereine majest\u00e9 et aux larges horizons est aussi embl\u00e9matique de l\u2019attachement vou\u00e9 par la population \u00e0 son patrimoine naturel. Ce panneau, appos\u00e9 sur le fief des Amis du Mont-Racine, rappelle les combats d\u00e9mocratiques men\u00e9s par cette association citoyenne pour pr\u00e9server l\u2019int\u00e9grit\u00e9 du site, et la l\u00e9gislation pionni\u00e8re de protection des cr\u00eates et des rives qu\u2019ils ont suscit\u00e9e.<\/td>\n<\/tr>\n<\/tbody>\n<\/table>\n","protected":false},"excerpt":{"rendered":"<p>Vignette Titre &amp; Lieu Description succincte &nbsp; La gentiane jaune, reine des p\u00e2turages bois\u00e9s jurassiens Parking de La Vue-des-Alpes La gentiane jaune gentiana lutea, appel\u00e9e aussi grande gentiane, est une plante herbac\u00e9e \u00e0 suc amer qui pousse dans les p\u00e2turages de montagne encore riches en biodiversit\u00e9, en particulier dans le Jura, les Pr\u00e9alpes, le Massif &#8230; <a title=\"Panneaux didactiques &#8211; Balade 6 \u2013 Les cr\u00eates\" class=\"read-more\" href=\"https:\/\/www.chemins-chouettes.ch\/?page_id=1445&#038;lang=fr\" aria-label=\"En savoir plus sur Panneaux didactiques &#8211; Balade 6 \u2013 Les cr\u00eates\">Read more<\/a><\/p>\n","protected":false},"author":2,"featured_media":0,"parent":1273,"menu_order":6,"comment_status":"closed","ping_status":"closed","template":"","meta":{"generate_page_header":"","footnotes":""},"class_list":["post-1445","page","type-page","status-publish"],"_links":{"self":[{"href":"https:\/\/www.chemins-chouettes.ch\/index.php?rest_route=\/wp\/v2\/pages\/1445","targetHints":{"allow":["GET"]}}],"collection":[{"href":"https:\/\/www.chemins-chouettes.ch\/index.php?rest_route=\/wp\/v2\/pages"}],"about":[{"href":"https:\/\/www.chemins-chouettes.ch\/index.php?rest_route=\/wp\/v2\/types\/page"}],"author":[{"embeddable":true,"href":"https:\/\/www.chemins-chouettes.ch\/index.php?rest_route=\/wp\/v2\/users\/2"}],"replies":[{"embeddable":true,"href":"https:\/\/www.chemins-chouettes.ch\/index.php?rest_route=%2Fwp%2Fv2%2Fcomments&post=1445"}],"version-history":[{"count":22,"href":"https:\/\/www.chemins-chouettes.ch\/index.php?rest_route=\/wp\/v2\/pages\/1445\/revisions"}],"predecessor-version":[{"id":2754,"href":"https:\/\/www.chemins-chouettes.ch\/index.php?rest_route=\/wp\/v2\/pages\/1445\/revisions\/2754"}],"up":[{"embeddable":true,"href":"https:\/\/www.chemins-chouettes.ch\/index.php?rest_route=\/wp\/v2\/pages\/1273"}],"wp:attachment":[{"href":"https:\/\/www.chemins-chouettes.ch\/index.php?rest_route=%2Fwp%2Fv2%2Fmedia&parent=1445"}],"curies":[{"name":"wp","href":"https:\/\/api.w.org\/{rel}","templated":true}]}}