{"id":3004,"date":"2026-01-08T15:46:58","date_gmt":"2026-01-08T14:46:58","guid":{"rendered":"https:\/\/www.chemins-chouettes.ch\/?page_id=3004"},"modified":"2026-01-08T16:03:01","modified_gmt":"2026-01-08T15:03:01","slug":"liens-vers-fichiers-de-balisage","status":"publish","type":"page","link":"https:\/\/www.chemins-chouettes.ch\/?page_id=3004&lang=fr","title":{"rendered":"Fichiers de balisage"},"content":{"rendered":"\n<figure class=\"wp-block-table\"><table><thead><tr><th class=\"has-text-align-center\" data-align=\"center\"><strong>Balade n\u00b0<\/strong><\/th><th><strong>Liens vers les fichiers de balisage des Chemins chouettes<\/strong><\/th><\/tr><\/thead><tbody><tr><td class=\"has-text-align-center\" data-align=\"center\"><strong>1<\/strong><\/td><td><a href=\"http:\/\/www.chemins-chouettes.ch\/wp-content\/uploads\/2026\/01\/CC_balade_1_V2.0.pdf\"><strong>Balade du chemin chouettes n\u00b0 1<\/strong><\/a><\/td><\/tr><tr><td class=\"has-text-align-center\" data-align=\"center\"><strong>2<\/strong><\/td><td><a href=\"http:\/\/www.chemins-chouettes.ch\/wp-content\/uploads\/2026\/01\/CC_balade_2_V2.0.pdf\"><strong>Balade du chemin chouettes n\u00b0 2<\/strong><\/a><\/td><\/tr><tr><td class=\"has-text-align-center\" data-align=\"center\"><strong>3<\/strong><\/td><td><a href=\"http:\/\/www.chemins-chouettes.ch\/wp-content\/uploads\/2026\/01\/CC_Balade_3_V2.0.pdf\"><strong>Balade du chemin chouettes n\u00b0 3<\/strong><\/a><\/td><\/tr><tr><td class=\"has-text-align-center\" data-align=\"center\"><strong>4<\/strong><\/td><td><a href=\"http:\/\/www.chemins-chouettes.ch\/wp-content\/uploads\/2026\/01\/CC_balade_4_V2.0.pdf\"><strong>Balade du chemin chouettes n\u00b0 4<\/strong><\/a><\/td><\/tr><tr><td class=\"has-text-align-center\" data-align=\"center\"><strong>5<\/strong><\/td><td><a href=\"http:\/\/www.chemins-chouettes.ch\/wp-content\/uploads\/2026\/01\/CC_balade_5_V2.0.pdf\"><strong>Balade du chemin chouettes n\u00b0 5<\/strong><\/a><\/td><\/tr><tr><td class=\"has-text-align-center\" data-align=\"center\"><strong>6<\/strong><\/td><td><a href=\"http:\/\/www.chemins-chouettes.ch\/wp-content\/uploads\/2026\/01\/CC_Balade_6_V2.0.pdf\"><strong>Balade du chemin chouettes n\u00b0 6<\/strong><\/a><\/td><\/tr><tr><td class=\"has-text-align-center\" data-align=\"center\"><strong>7<\/strong><\/td><td><a href=\"http:\/\/www.chemins-chouettes.ch\/wp-content\/uploads\/2026\/01\/CC_balade7a_V2.1.pdf\"><strong>Balade du chemin chouettes n\u00b0 7 section A<\/strong><\/a><br><br><a href=\"http:\/\/www.chemins-chouettes.ch\/wp-content\/uploads\/2026\/01\/CC_balade7b_V2.2.pdf\"><strong>Balade du chemin chouettes n\u00b0 7 section B<\/strong><\/a><br><br><a href=\"http:\/\/www.chemins-chouettes.ch\/wp-content\/uploads\/2026\/01\/CC_balade7c_V2.2.pdf\"><strong>Balade du chemin chouettes n\u00b0 7 section C<\/strong><\/a><\/td><\/tr><\/tbody><\/table><\/figure>\n\n\n\n<p>Ces fichiers permettent aux inspecteurs de parcourir nos Chemins chouettes et de d\u00e9celer des d\u00e9fauts de balisages.  Dans ce cas, veuillez pr\u00e9cisez le lieu exact du d\u00e9rangement (pour que nous puissions intervenir). Si vous avez une photo, veuillez la joindre \u00e0 l&rsquo;envoi (max 3Mb). <\/p>\n\n\n\n<p>Merci d&rsquo;avance. Adresse de l\u2019envoi&nbsp;: <a href=\"mailto:espacevalderuz@gmail.com\"><strong>espacevalderuz@gmail.com<\/strong><\/a><\/p>\n\n\n\n<p>Merci de votre collaboration.<\/p>\n\n\n\n<p>Le Groupe de travail des Chemins chouettes reconnaissant.<\/p>\n","protected":false},"excerpt":{"rendered":"<p>Balade n\u00b0 Liens vers les fichiers de balisage des Chemins chouettes 1 Balade du chemin chouettes n\u00b0 1 2 Balade du chemin chouettes n\u00b0 2 3 Balade du chemin chouettes n\u00b0 3 4 Balade du chemin chouettes n\u00b0 4 5 Balade du chemin chouettes n\u00b0 5 6 Balade du chemin chouettes n\u00b0 6 7 Balade &#8230; <a title=\"Fichiers de balisage\" class=\"read-more\" href=\"https:\/\/www.chemins-chouettes.ch\/?page_id=3004&#038;lang=fr\" aria-label=\"En savoir plus sur Fichiers de balisage\">Read more<\/a><\/p>\n","protected":false},"author":2,"featured_media":0,"parent":38,"menu_order":5,"comment_status":"closed","ping_status":"closed","template":"","meta":{"generate_page_header":"","footnotes":""},"class_list":["post-3004","page","type-page","status-publish"],"_links":{"self":[{"href":"https:\/\/www.chemins-chouettes.ch\/index.php?rest_route=\/wp\/v2\/pages\/3004","targetHints":{"allow":["GET"]}}],"collection":[{"href":"https:\/\/www.chemins-chouettes.ch\/index.php?rest_route=\/wp\/v2\/pages"}],"about":[{"href":"https:\/\/www.chemins-chouettes.ch\/index.php?rest_route=\/wp\/v2\/types\/page"}],"author":[{"embeddable":true,"href":"https:\/\/www.chemins-chouettes.ch\/index.php?rest_route=\/wp\/v2\/users\/2"}],"replies":[{"embeddable":true,"href":"https:\/\/www.chemins-chouettes.ch\/index.php?rest_route=%2Fwp%2Fv2%2Fcomments&post=3004"}],"version-history":[{"count":6,"href":"https:\/\/www.chemins-chouettes.ch\/index.php?rest_route=\/wp\/v2\/pages\/3004\/revisions"}],"predecessor-version":[{"id":3013,"href":"https:\/\/www.chemins-chouettes.ch\/index.php?rest_route=\/wp\/v2\/pages\/3004\/revisions\/3013"}],"up":[{"embeddable":true,"href":"https:\/\/www.chemins-chouettes.ch\/index.php?rest_route=\/wp\/v2\/pages\/38"}],"wp:attachment":[{"href":"https:\/\/www.chemins-chouettes.ch\/index.php?rest_route=%2Fwp%2Fv2%2Fmedia&parent=3004"}],"curies":[{"name":"wp","href":"https:\/\/api.w.org\/{rel}","templated":true}]}}