{"id":35,"date":"2016-01-19T17:57:02","date_gmt":"2016-01-19T16:57:02","guid":{"rendered":"http:\/\/www.chemins-chouettes.ch\/?page_id=35"},"modified":"2022-07-08T04:04:25","modified_gmt":"2022-07-08T03:04:25","slug":"balades","status":"publish","type":"page","link":"https:\/\/www.chemins-chouettes.ch\/?lang=fr","title":{"rendered":"Balades"},"content":{"rendered":"<p>Au nom g\u00e9n\u00e9rique les <strong>Chemins chouettes<\/strong> viennent se combiner des noms sp\u00e9cifiques de parcours. Le terme de <em>balade<\/em> est ainsi utilis\u00e9 pour d\u00e9signer les diff\u00e9rents itin\u00e9raires propos\u00e9s. <strong>Toutes ces balades peuvent \u00eatre modul\u00e9es<\/strong> en fonction du go\u00fbt et des possibilit\u00e9s de chacun et accomplies par tron\u00e7ons distincts, ou selon des variantes raccourcies.<\/p>\n<p>Cliquez sur la balade de votre choix sur la carte ci-dessous pour en d\u00e9couvrir les d\u00e9tails.<\/p>\n<table style=\"text-align: left; width: 900px;\" border=\"0\" cellspacing=\"2\" cellpadding=\"2\">\n<tbody>\n<tr>\n<td style=\"vertical-align: top; width: 650px;\"><img loading=\"lazy\" decoding=\"async\" class=\"alignnone wp-image-289 size-full\" src=\"http:\/\/www.chemins-chouettes.ch\/wp-content\/uploads\/2016\/09\/Chemins-Chouettes-orthophotos.jpg\" alt=\"\" width=\"621\" height=\"540\" srcset=\"https:\/\/www.chemins-chouettes.ch\/wp-content\/uploads\/2016\/09\/Chemins-Chouettes-orthophotos.jpg 621w, https:\/\/www.chemins-chouettes.ch\/wp-content\/uploads\/2016\/09\/Chemins-Chouettes-orthophotos-300x261.jpg 300w\" sizes=\"auto, (max-width: 621px) 100vw, 621px\" \/><\/p>\n<map name=\"map\">\n<area alt=\"Balade 1 - Autour du Seyon\" coords=\"212,280,254,260,354,355,245,446,221,374\" shape=\"poly\" href=\"http:\/\/www.chemins-chouettes.ch\/?page_id=146&amp;lang=fr\" target=\"_blank\" \/>\n<area alt=\"Balade 2 - Vers Chasseral\" coords=\"415,217,395,201,387,136,497,8,620,4,512,139,438,213\" shape=\"poly\" href=\"http:\/\/www.chemins-chouettes.ch\/?page_id=377&amp;lang=fr\" target=\"_blank\" \/>\n<area alt=\"Balade 3 - Les Boviducs\" coords=\"146,195,166,247,222,234,383,200,384,224,405,221,393,195,382,131\" shape=\"poly\" href=\"http:\/\/www.chemins-chouettes.ch\/?page_id=379&amp;lang=fr\" target=\"_blank\" \/>\n<area alt=\"Balade 4 - La Lisi\u00e8re\" coords=\"175,316,153,298,165,251,377,207,382,227,281,249,229,265,209,278\" shape=\"poly\" href=\"http:\/\/www.chemins-chouettes.ch\/?page_id=381&amp;lang=fr\" target=\"_blank\" \/>\n<area alt=\"Balade 5 - Par La Rinceure\" coords=\"279,258,412,224,453,216,426,295,376,347,325,308\" shape=\"poly\" href=\"http:\/\/www.chemins-chouettes.ch\/?page_id=385&amp;lang=fr\" target=\"_blank\" \/>\n<area alt=\"Balade 6 - Les Cr\u00eates\" coords=\"136,193,3,194,3,480,98,435,99,406,159,244\" shape=\"poly\" href=\"http:\/\/www.chemins-chouettes.ch\/?page_id=387&amp;lang=fr\" target=\"_blank\" \/>\n<area alt=\"Balade 7 - Perspectives Sud-Ouest\" coords=\"148,303,182,328,224,408,242,449,171,516,68,538,49,481,108,435,103,408,128,346\" shape=\"poly\" href=\"http:\/\/www.chemins-chouettes.ch\/?page_id=389&amp;lang=fr\" target=\"_blank\" \/>\n <\/map>\n<\/td>\n<td style=\"vertical-align: top; width: 250px;\"><a href=\"http:\/\/www.chemins-chouettes.ch\/?page_id=146&amp;lang=fr\" target=\"_blank\" rel=\"noopener noreferrer\">Balade 1 \u2013 Autour du Seyon<\/a><br \/>\n<a href=\"http:\/\/www.chemins-chouettes.ch\/?page_id=377&amp;lang=fr\" target=\"_blank\" rel=\"noopener noreferrer\">Balade 2 \u2013 Vers Chasseral<\/a><br \/>\n<a href=\"http:\/\/www.chemins-chouettes.ch\/?page_id=379&amp;lang=fr\" target=\"_blank\" rel=\"noopener noreferrer\">Balade 3 \u2013 Les boviducs<\/a><br \/>\n<a href=\"http:\/\/www.chemins-chouettes.ch\/?page_id=381&amp;lang=fr\" target=\"_blank\" rel=\"noopener noreferrer\">Balade 4 \u2013 La lisi\u00e8re<\/a><br \/>\n<a href=\"http:\/\/www.chemins-chouettes.ch\/?page_id=385&amp;lang=fr\" target=\"_blank\" rel=\"noopener noreferrer\">Balade 5 \u2013 Par la Rincieure<\/a><br \/>\n<a href=\"http:\/\/www.chemins-chouettes.ch\/?page_id=387&amp;lang=fr\" target=\"_blank\" rel=\"noopener noreferrer\">Balade 6 \u2013 Les cr\u00eates<\/a><br \/>\n<a href=\"http:\/\/www.chemins-chouettes.ch\/?page_id=389&amp;lang=fr\" target=\"_blank\" rel=\"noopener noreferrer\">Balade 7 \u2013 Perspectives sud-ouest<\/a><\/p>\n<p><img loading=\"lazy\" decoding=\"async\" class=\"alignnone size-medium wp-image-1311\" src=\"http:\/\/www.chemins-chouettes.ch\/wp-content\/uploads\/2016\/11\/Balades-Tourisme-294x300.jpg\" alt=\"Rep\u00e9rage balade 7 - 09\" width=\"294\" height=\"300\" srcset=\"https:\/\/www.chemins-chouettes.ch\/wp-content\/uploads\/2016\/11\/Balades-Tourisme-294x300.jpg 294w, https:\/\/www.chemins-chouettes.ch\/wp-content\/uploads\/2016\/11\/Balades-Tourisme-768x783.jpg 768w, https:\/\/www.chemins-chouettes.ch\/wp-content\/uploads\/2016\/11\/Balades-Tourisme-1004x1024.jpg 1004w, https:\/\/www.chemins-chouettes.ch\/wp-content\/uploads\/2016\/11\/Balades-Tourisme.jpg 2031w\" sizes=\"auto, (max-width: 294px) 100vw, 294px\" \/><\/td>\n<\/tr>\n<\/tbody>\n<\/table>\n","protected":false},"excerpt":{"rendered":"<p>Au nom g\u00e9n\u00e9rique les Chemins chouettes viennent se combiner des noms sp\u00e9cifiques de parcours. Le terme de balade est ainsi utilis\u00e9 pour d\u00e9signer les diff\u00e9rents itin\u00e9raires propos\u00e9s. Toutes ces balades peuvent \u00eatre modul\u00e9es en fonction du go\u00fbt et des possibilit\u00e9s de chacun et accomplies par tron\u00e7ons distincts, ou selon des variantes raccourcies. Cliquez sur la &#8230; <a title=\"Balades\" class=\"read-more\" href=\"https:\/\/www.chemins-chouettes.ch\/?lang=fr\" aria-label=\"En savoir plus sur Balades\">Read more<\/a><\/p>\n","protected":false},"author":2,"featured_media":0,"parent":0,"menu_order":1,"comment_status":"closed","ping_status":"closed","template":"","meta":{"generate_page_header":"","footnotes":""},"class_list":["post-35","page","type-page","status-publish"],"_links":{"self":[{"href":"https:\/\/www.chemins-chouettes.ch\/index.php?rest_route=\/wp\/v2\/pages\/35","targetHints":{"allow":["GET"]}}],"collection":[{"href":"https:\/\/www.chemins-chouettes.ch\/index.php?rest_route=\/wp\/v2\/pages"}],"about":[{"href":"https:\/\/www.chemins-chouettes.ch\/index.php?rest_route=\/wp\/v2\/types\/page"}],"author":[{"embeddable":true,"href":"https:\/\/www.chemins-chouettes.ch\/index.php?rest_route=\/wp\/v2\/users\/2"}],"replies":[{"embeddable":true,"href":"https:\/\/www.chemins-chouettes.ch\/index.php?rest_route=%2Fwp%2Fv2%2Fcomments&post=35"}],"version-history":[{"count":2,"href":"https:\/\/www.chemins-chouettes.ch\/index.php?rest_route=\/wp\/v2\/pages\/35\/revisions"}],"predecessor-version":[{"id":2640,"href":"https:\/\/www.chemins-chouettes.ch\/index.php?rest_route=\/wp\/v2\/pages\/35\/revisions\/2640"}],"wp:attachment":[{"href":"https:\/\/www.chemins-chouettes.ch\/index.php?rest_route=%2Fwp%2Fv2%2Fmedia&parent=35"}],"curies":[{"name":"wp","href":"https:\/\/api.w.org\/{rel}","templated":true}]}}