{"id":38,"date":"2016-01-19T18:00:05","date_gmt":"2016-01-19T17:00:05","guid":{"rendered":"http:\/\/www.chemins-chouettes.ch\/?page_id=38"},"modified":"2025-03-27T15:46:54","modified_gmt":"2025-03-27T14:46:54","slug":"infos-pratiques","status":"publish","type":"page","link":"https:\/\/www.chemins-chouettes.ch\/?page_id=38&lang=fr","title":{"rendered":"Infos pratiques"},"content":{"rendered":"<h3><strong><a name=\"top\"><\/a>Contenu de la page <\/strong><\/h3>\n<h3><a href=\"http:\/\/www.chemins-chouettes.ch\/?page_id=38&amp;lang=fr#balisage\"><strong>Balisage<\/strong><\/a> Informations sur le balisage des Chemins chouettes<\/h3>\n<h3><a href=\"http:\/\/www.chemins-chouettes.ch\/?page_id=38&amp;lang=fr#murs\"><strong>Murs de pierres s\u00e8ches<\/strong><\/a> Informations sur la reconstruction des murs de pierres s\u00e8ches<\/h3>\n<h3><a href=\"http:\/\/www.chemins-chouettes.ch\/?page_id=38&amp;lang=fr#gps\"><strong>Applications GPS<\/strong><\/a> Pour les gens branch\u00e9s sur mobiles ou tablettes d\u00e9sirant t\u00e9l\u00e9charger les traces<\/h3>\n<h3><a href=\"http:\/\/www.chemins-chouettes.ch\/?page_id=38&amp;lang=fr#suivi\"><strong>Suivi qualit\u00e9<\/strong><\/a> Formulaire du randonneur pour signaler un probl\u00e8me sur les Chemins chouettes<\/h3>\n<hr \/>\n<h3><strong><a name=\"balisage\"><\/a><\/strong><strong>Balisage<\/strong> : Informations sur le balisage des Chemins chouettes<\/h3>\n<p>Vous reconna\u00eetrez facilement le balisage sp\u00e9cifique aux Chemins chouettes.<\/p>\n<div id=\"metaslider-id-1883\" style=\"max-width: 700px;\" class=\"ml-slider-3-108-0 metaslider metaslider-flex metaslider-1883 ml-slider has-dots-nav ms-theme-default\" role=\"region\" aria-label=\"Balisage\" data-height=\"500\" data-width=\"700\">\n    <div id=\"metaslider_container_1883\">\n        <div id=\"metaslider_1883\">\n            <ul class='slides'>\n                <li style=\"display: block; width: 100%;\" class=\"slide-1878 ms-image \" aria-roledescription=\"slide\" data-date=\"2016-11-25 17:17:51\" data-filename=\"Balisage-1-700x500.jpg\" data-slide-type=\"image\"><img loading=\"lazy\" decoding=\"async\" src=\"https:\/\/www.chemins-chouettes.ch\/wp-content\/uploads\/2016\/11\/Balisage-1-700x500.jpg\" height=\"500\" width=\"700\" alt=\"\" class=\"slider-1883 slide-1878 msDefaultImage\" \/><\/li>\n                <li style=\"display: none; width: 100%;\" class=\"slide-1880 ms-image \" aria-roledescription=\"slide\" data-date=\"2016-11-25 17:17:55\" data-filename=\"Balisage-3-700x500.jpg\" data-slide-type=\"image\"><img loading=\"lazy\" decoding=\"async\" src=\"https:\/\/www.chemins-chouettes.ch\/wp-content\/uploads\/2016\/11\/Balisage-3-700x500.jpg\" height=\"500\" width=\"700\" alt=\"\" class=\"slider-1883 slide-1880 msDefaultImage\" \/><\/li>\n                <li style=\"display: none; width: 100%;\" class=\"slide-1882 ms-image \" aria-roledescription=\"slide\" data-date=\"2016-11-25 17:18:00\" data-filename=\"Balisage-5-700x500.jpg\" data-slide-type=\"image\"><img loading=\"lazy\" decoding=\"async\" src=\"https:\/\/www.chemins-chouettes.ch\/wp-content\/uploads\/2016\/11\/Balisage-5-700x500.jpg\" height=\"500\" width=\"700\" alt=\"\" class=\"slider-1883 slide-1882 msDefaultImage\" \/><\/li>\n                <li style=\"display: none; width: 100%;\" class=\"slide-371 ms-image \" aria-roledescription=\"slide\" data-date=\"2016-09-21 14:01:30\" data-filename=\"panneau-700x500.jpg\" data-slide-type=\"image\"><img loading=\"lazy\" decoding=\"async\" src=\"https:\/\/www.chemins-chouettes.ch\/wp-content\/uploads\/2016\/09\/panneau-700x500.jpg\" height=\"500\" width=\"700\" alt=\"\" class=\"slider-1883 slide-371 msDefaultImage\" \/><\/li>\n                <li style=\"display: none; width: 100%;\" class=\"slide-1879 ms-image \" aria-roledescription=\"slide\" data-date=\"2016-11-25 17:17:54\" data-filename=\"Balisage-2-700x500.jpg\" data-slide-type=\"image\"><img loading=\"lazy\" decoding=\"async\" src=\"https:\/\/www.chemins-chouettes.ch\/wp-content\/uploads\/2016\/11\/Balisage-2-700x500.jpg\" height=\"500\" width=\"700\" alt=\"\" class=\"slider-1883 slide-1879 msDefaultImage\" \/><\/li>\n                <li style=\"display: none; width: 100%;\" class=\"slide-1877 ms-image \" aria-roledescription=\"slide\" data-date=\"2016-11-25 12:37:38\" data-filename=\"CC-6-Baume-700x500.jpg\" data-slide-type=\"image\"><img loading=\"lazy\" decoding=\"async\" src=\"https:\/\/www.chemins-chouettes.ch\/wp-content\/uploads\/2016\/11\/CC-6-Baume-700x500.jpg\" height=\"500\" width=\"700\" alt=\"\" class=\"slider-1883 slide-1877 msDefaultImage\" \/><\/li>\n            <\/ul>\n        <\/div>\n        \n    <\/div>\n<\/div>\n<p>Les diff\u00e9rents parcours des Chemins chouettes seront balis\u00e9s de mani\u00e8re uniforme par le pictogramme\u00a0 vert sur fond blanc. Celui-ci est plac\u00e9 en compl\u00e9ment des indicateurs normalis\u00e9s de Neuch\u00e2telRando l\u00e0 o\u00f9 les parcours empruntent des itin\u00e9raires officiels. Il est fix\u00e9 sur des jalons sp\u00e9cifiques en bois, de section carr\u00e9e, sur les autres tron\u00e7ons. Selon les besoins, le pictogramme est compl\u00e9t\u00e9 par des indicateurs de direction additionnels assortis.<\/p>\n<hr \/>\n<h3><strong><a name=\"murs\"><\/a>Murs pierres s\u00e8ches :<\/strong> Informations sur la reconstruction des murs de pierres s\u00e8ches<\/h3>\n<p>Brochure pour la promotion des cours li\u00e9s \u00e0 la reconstruction des murs en pierres s\u00e8ches<\/p>\n<p><a href=\"http:\/\/www.chemins-chouettes.ch\/wp-content\/uploads\/2016\/09\/Murs-pierres-seches-entete.jpg\"><img loading=\"lazy\" decoding=\"async\" class=\"alignleft wp-image-335\" src=\"http:\/\/www.chemins-chouettes.ch\/wp-content\/uploads\/2016\/09\/Murs-pierres-seches-entete.jpg\" alt=\"murs-pierres-seches-entete\" width=\"240\" height=\"437\" srcset=\"https:\/\/www.chemins-chouettes.ch\/wp-content\/uploads\/2016\/09\/Murs-pierres-seches-entete.jpg 379w, https:\/\/www.chemins-chouettes.ch\/wp-content\/uploads\/2016\/09\/Murs-pierres-seches-entete-165x300.jpg 165w\" sizes=\"auto, (max-width: 240px) 100vw, 240px\" \/><\/a><\/p>\n<p><strong>Page recto :<\/strong> Cliquez sur la page pour l&rsquo;agrandir<\/p>\n<p><a href=\"http:\/\/www.chemins-chouettes.ch\/wp-content\/uploads\/2016\/09\/Murs-pierres-seches-2.jpg\" target=\"_blank\" rel=\"noopener\"><img loading=\"lazy\" decoding=\"async\" class=\"alignnone wp-image-334 size-medium\" src=\"http:\/\/www.chemins-chouettes.ch\/wp-content\/uploads\/2016\/09\/Murs-pierres-seches-2-300x121.jpg\" alt=\"murs-pierres-seches-2\" width=\"300\" height=\"121\" srcset=\"https:\/\/www.chemins-chouettes.ch\/wp-content\/uploads\/2016\/09\/Murs-pierres-seches-2-300x121.jpg 300w, https:\/\/www.chemins-chouettes.ch\/wp-content\/uploads\/2016\/09\/Murs-pierres-seches-2-768x311.jpg 768w, https:\/\/www.chemins-chouettes.ch\/wp-content\/uploads\/2016\/09\/Murs-pierres-seches-2-1024x415.jpg 1024w, https:\/\/www.chemins-chouettes.ch\/wp-content\/uploads\/2016\/09\/Murs-pierres-seches-2.jpg 1850w\" sizes=\"auto, (max-width: 300px) 100vw, 300px\" \/><\/a><\/p>\n<p><strong>Page verso :<\/strong> Cliquez sur la page pour l&rsquo;agrandir<\/p>\n<p><a href=\"http:\/\/www.chemins-chouettes.ch\/wp-content\/uploads\/2016\/09\/Murs-pierres-seches-1.jpg\" target=\"_blank\" rel=\"noopener\"><img loading=\"lazy\" decoding=\"async\" class=\"alignnone wp-image-333 size-medium\" src=\"http:\/\/www.chemins-chouettes.ch\/wp-content\/uploads\/2016\/09\/Murs-pierres-seches-1-300x121.jpg\" alt=\"murs-pierres-seches-1\" width=\"300\" height=\"121\" srcset=\"https:\/\/www.chemins-chouettes.ch\/wp-content\/uploads\/2016\/09\/Murs-pierres-seches-1-300x121.jpg 300w, https:\/\/www.chemins-chouettes.ch\/wp-content\/uploads\/2016\/09\/Murs-pierres-seches-1-768x311.jpg 768w, https:\/\/www.chemins-chouettes.ch\/wp-content\/uploads\/2016\/09\/Murs-pierres-seches-1-1024x415.jpg 1024w, https:\/\/www.chemins-chouettes.ch\/wp-content\/uploads\/2016\/09\/Murs-pierres-seches-1.jpg 1850w\" sizes=\"auto, (max-width: 300px) 100vw, 300px\" \/><\/a><\/p>\n<hr \/>\n<h3><strong><a name=\"gps\"><\/a>Applications GPS : <\/strong>Pour les gens branch\u00e9s sur mobiles ou tablettes d\u00e9sirant t\u00e9l\u00e9charger les traces des Chemins chouettes<\/h3>\n<p><strong>Traces des balades des Chemins chouettes \u00e0 t\u00e9l\u00e9charger <a href=\"https:\/\/drive.google.com\/drive\/folders\/1rjcSoCjg8WTPdV8CNKAhf5xcDnDwATGL?usp=sharing\" target=\"_blank\" rel=\"noopener\">ICI<\/a><br \/><\/strong><\/p>\n<p>Voici les fichier <strong>.GPS ou . KML<\/strong> contenant les traces de tous les parcours propos\u00e9s dans les 7 balades des Chemins chouettes<strong>.<\/strong> Elles peuvent \u00eatre import\u00e9es sur vos \u00e9quipements mobiles gr\u00e2ce aux applications suivantes :<\/p>\n<p><strong>IOS<\/strong> : Trails pour iPod et iPad. Elle vous permet \u00e9galement d\u2019enregistrer vos propres itin\u00e9raires de rando, jogging ou v\u00e9lo. Elle est disponible dans l&rsquo;AppStore au prix de CHF 4.-<\/p>\n<p><strong>Android<\/strong> : TripTrack pour Android. Statistiques de la vitesse, altitude, distance&#8230; sont g\u00e9n\u00e9r\u00e9s en temps r\u00e9el. Il vous en co\u00fbtera 2\u20ac env.<\/p>\n<hr \/>\n<h3><strong><a name=\"suivi\"><\/a>Suivi qualit\u00e9 :\u00a0<\/strong> Formulaire du randonneur pour signaler un probl\u00e8me sur les Chemins chouettes<\/h3>\n<h3><span style=\"text-decoration: underline;\">Signaler une anomalie<\/span><\/h3>\n<p>La veille de nos sentiers est une d\u00e9marche de qualit\u00e9 participative. Mais il n&rsquo;y a pas de qualit\u00e9 de vie sans \u00e9change et collaboration. Gr\u00e2ce \u00e0 cette d\u00e9marche participative, les Chemins chouettes verront s&rsquo;instaurer un v\u00e9ritable partenariat avec vous, les randonneurs et visiteurs.<\/p>\n<p>Elle a pour but, s&rsquo;il le fallait encore le pr\u00e9ciser, de sensibiliser les randonneurs de tous \u00e2ges (adultes, enfants, scolaires) \u00e0 la protection de l\u2019environnement et plus particuli\u00e8rement \u00e0 la pr\u00e9servation des chemins et sentiers de randonn\u00e9e p\u00e9destre.<\/p>\n\n\n<p><strong><a href=\"http:\/\/www.chemins-chouettes.ch\/wp-content\/uploads\/2025\/01\/Suivi-qualite.pdf\" target=\"_blank\" rel=\"noreferrer noopener\">Lien vers le formulaire<\/a><\/strong><\/p>\n","protected":false},"excerpt":{"rendered":"<p>Contenu de la page Balisage Informations sur le balisage des Chemins chouettes Murs de pierres s\u00e8ches Informations sur la reconstruction des murs de pierres s\u00e8ches Applications GPS Pour les gens branch\u00e9s sur mobiles ou tablettes d\u00e9sirant t\u00e9l\u00e9charger les traces Suivi qualit\u00e9 Formulaire du randonneur pour signaler un probl\u00e8me sur les Chemins chouettes Balisage : Informations &#8230; <a title=\"Infos pratiques\" class=\"read-more\" href=\"https:\/\/www.chemins-chouettes.ch\/?page_id=38&#038;lang=fr\" aria-label=\"En savoir plus sur Infos pratiques\">Read more<\/a><\/p>\n","protected":false},"author":2,"featured_media":0,"parent":0,"menu_order":5,"comment_status":"closed","ping_status":"closed","template":"","meta":{"generate_page_header":"","footnotes":""},"class_list":["post-38","page","type-page","status-publish"],"_links":{"self":[{"href":"https:\/\/www.chemins-chouettes.ch\/index.php?rest_route=\/wp\/v2\/pages\/38","targetHints":{"allow":["GET"]}}],"collection":[{"href":"https:\/\/www.chemins-chouettes.ch\/index.php?rest_route=\/wp\/v2\/pages"}],"about":[{"href":"https:\/\/www.chemins-chouettes.ch\/index.php?rest_route=\/wp\/v2\/types\/page"}],"author":[{"embeddable":true,"href":"https:\/\/www.chemins-chouettes.ch\/index.php?rest_route=\/wp\/v2\/users\/2"}],"replies":[{"embeddable":true,"href":"https:\/\/www.chemins-chouettes.ch\/index.php?rest_route=%2Fwp%2Fv2%2Fcomments&post=38"}],"version-history":[{"count":8,"href":"https:\/\/www.chemins-chouettes.ch\/index.php?rest_route=\/wp\/v2\/pages\/38\/revisions"}],"predecessor-version":[{"id":2990,"href":"https:\/\/www.chemins-chouettes.ch\/index.php?rest_route=\/wp\/v2\/pages\/38\/revisions\/2990"}],"wp:attachment":[{"href":"https:\/\/www.chemins-chouettes.ch\/index.php?rest_route=%2Fwp%2Fv2%2Fmedia&parent=38"}],"curies":[{"name":"wp","href":"https:\/\/api.w.org\/{rel}","templated":true}]}}