{"id":387,"date":"2016-09-21T14:20:31","date_gmt":"2016-09-21T13:20:31","guid":{"rendered":"http:\/\/www.chemins-chouettes.ch\/?page_id=387"},"modified":"2024-04-17T15:01:17","modified_gmt":"2024-04-17T14:01:17","slug":"balade-6-les-cretes","status":"publish","type":"page","link":"https:\/\/www.chemins-chouettes.ch\/?page_id=387&lang=fr","title":{"rendered":"Balade 6 &#8211; Les cr\u00eates"},"content":{"rendered":"<p>La Vue des Alpes &#8211; Mont Racine &#8211; Les Genenveys-sur-Coffrane<\/p>\n<div id=\"metaslider-id-1357\" style=\"max-width: 700px;\" class=\"ml-slider-3-108-0 metaslider metaslider-flex metaslider-1357 ml-slider has-dots-nav ms-theme-default\" role=\"region\" aria-label=\"Balade 6\" data-height=\"500\" data-width=\"700\">\n    <div id=\"metaslider_container_1357\">\n        <div id=\"metaslider_1357\">\n            <ul class='slides'>\n                <li style=\"display: block; width: 100%;\" class=\"slide-1867 ms-image \" aria-roledescription=\"slide\" data-date=\"2016-11-25 12:10:58\" data-filename=\"CC-6-Louiset-700x500.jpg\" data-slide-type=\"image\"><img loading=\"lazy\" decoding=\"async\" src=\"https:\/\/www.chemins-chouettes.ch\/wp-content\/uploads\/2016\/11\/CC-6-Louiset-700x500.jpg\" height=\"500\" width=\"700\" alt=\"\" class=\"slider-1357 slide-1867 msDefaultImage\" \/><\/li>\n                <li style=\"display: none; width: 100%;\" class=\"slide-1868 ms-image \" aria-roledescription=\"slide\" data-date=\"2016-11-25 12:11:00\" data-filename=\"CC-6-Sentier-700x500.jpg\" data-slide-type=\"image\"><img loading=\"lazy\" decoding=\"async\" src=\"https:\/\/www.chemins-chouettes.ch\/wp-content\/uploads\/2016\/11\/CC-6-Sentier-700x500.jpg\" height=\"500\" width=\"700\" alt=\"\" class=\"slider-1357 slide-1868 msDefaultImage\" \/><\/li>\n                <li style=\"display: none; width: 100%;\" class=\"slide-1390 ms-image \" aria-roledescription=\"slide\" data-date=\"2016-11-01 16:54:10\" data-filename=\"Balade6-Alpes-700x500.jpg\" data-slide-type=\"image\"><img loading=\"lazy\" decoding=\"async\" src=\"https:\/\/www.chemins-chouettes.ch\/wp-content\/uploads\/2016\/11\/Balade6-Alpes-700x500.jpg\" height=\"500\" width=\"700\" alt=\"\" class=\"slider-1357 slide-1390 msDefaultImage\" \/><\/li>\n                <li style=\"display: none; width: 100%;\" class=\"slide-1405 ms-image \" aria-roledescription=\"slide\" data-date=\"2016-11-01 17:01:13\" data-filename=\"Balade7-Balisage-700x500.jpg\" data-slide-type=\"image\"><img loading=\"lazy\" decoding=\"async\" src=\"https:\/\/www.chemins-chouettes.ch\/wp-content\/uploads\/2016\/11\/Balade7-Balisage-700x500.jpg\" height=\"500\" width=\"700\" alt=\"\" class=\"slider-1357 slide-1405 msDefaultImage\" \/><\/li>\n                <li style=\"display: none; width: 100%;\" class=\"slide-1864 ms-image \" aria-roledescription=\"slide\" data-date=\"2016-11-25 12:10:54\" data-filename=\"CC-6-Chemin-Grognerie-700x500.jpg\" data-slide-type=\"image\"><img loading=\"lazy\" decoding=\"async\" src=\"https:\/\/www.chemins-chouettes.ch\/wp-content\/uploads\/2016\/11\/CC-6-Chemin-Grognerie-700x500.jpg\" height=\"500\" width=\"700\" alt=\"\" class=\"slider-1357 slide-1864 msDefaultImage\" \/><\/li>\n                <li style=\"display: none; width: 100%;\" class=\"slide-1865 ms-image \" aria-roledescription=\"slide\" data-date=\"2016-11-25 12:10:55\" data-filename=\"CC-6-Grognerie-700x500.jpg\" data-slide-type=\"image\"><img loading=\"lazy\" decoding=\"async\" src=\"https:\/\/www.chemins-chouettes.ch\/wp-content\/uploads\/2016\/11\/CC-6-Grognerie-700x500.jpg\" height=\"500\" width=\"700\" alt=\"\" class=\"slider-1357 slide-1865 msDefaultImage\" \/><\/li>\n                <li style=\"display: none; width: 100%;\" class=\"slide-1877 ms-image \" aria-roledescription=\"slide\" data-date=\"2016-11-25 12:37:38\" data-filename=\"CC-6-Baume-700x500.jpg\" data-slide-type=\"image\"><img loading=\"lazy\" decoding=\"async\" src=\"https:\/\/www.chemins-chouettes.ch\/wp-content\/uploads\/2016\/11\/CC-6-Baume-700x500.jpg\" height=\"500\" width=\"700\" alt=\"\" class=\"slider-1357 slide-1877 msDefaultImage\" \/><\/li>\n                <li style=\"display: none; width: 100%;\" class=\"slide-1412 ms-image \" aria-roledescription=\"slide\" data-date=\"2016-11-01 17:01:25\" data-filename=\"Balade7-Grognerie-1-700x500.jpg\" data-slide-type=\"image\"><img loading=\"lazy\" decoding=\"async\" src=\"https:\/\/www.chemins-chouettes.ch\/wp-content\/uploads\/2016\/11\/Balade7-Grognerie-1-700x500.jpg\" height=\"500\" width=\"700\" alt=\"\" class=\"slider-1357 slide-1412 msDefaultImage\" \/><\/li>\n                <li style=\"display: none; width: 100%;\" class=\"slide-1413 ms-image \" aria-roledescription=\"slide\" data-date=\"2016-11-01 17:01:26\" data-filename=\"Balade7-Grognerie-700x500.jpg\" data-slide-type=\"image\"><img loading=\"lazy\" decoding=\"async\" src=\"https:\/\/www.chemins-chouettes.ch\/wp-content\/uploads\/2016\/11\/Balade7-Grognerie-700x500.jpg\" height=\"500\" width=\"700\" alt=\"\" class=\"slider-1357 slide-1413 msDefaultImage\" \/><\/li>\n                <li style=\"display: none; width: 100%;\" class=\"slide-1866 ms-image \" aria-roledescription=\"slide\" data-date=\"2016-11-25 12:10:57\" data-filename=\"CC-6-Guemenen-700x500.jpg\" data-slide-type=\"image\"><img loading=\"lazy\" decoding=\"async\" src=\"https:\/\/www.chemins-chouettes.ch\/wp-content\/uploads\/2016\/11\/CC-6-Guemenen-700x500.jpg\" height=\"500\" width=\"700\" alt=\"\" class=\"slider-1357 slide-1866 msDefaultImage\" \/><\/li>\n                <li style=\"display: none; width: 100%;\" class=\"slide-1398 ms-image \" aria-roledescription=\"slide\" data-date=\"2016-11-01 16:54:23\" data-filename=\"Balade6-VdR-700x500.jpg\" data-slide-type=\"image\"><img loading=\"lazy\" decoding=\"async\" src=\"https:\/\/www.chemins-chouettes.ch\/wp-content\/uploads\/2016\/11\/Balade6-VdR-700x500.jpg\" height=\"500\" width=\"700\" alt=\"\" class=\"slider-1357 slide-1398 msDefaultImage\" \/><\/li>\n                <li style=\"display: none; width: 100%;\" class=\"slide-1396 ms-image \" aria-roledescription=\"slide\" data-date=\"2016-11-01 16:54:20\" data-filename=\"Balade6-Tete-de-Ran-700x500.jpg\" data-slide-type=\"image\"><img loading=\"lazy\" decoding=\"async\" src=\"https:\/\/www.chemins-chouettes.ch\/wp-content\/uploads\/2016\/11\/Balade6-Tete-de-Ran-700x500.jpg\" height=\"500\" width=\"700\" alt=\"\" class=\"slider-1357 slide-1396 msDefaultImage\" \/><\/li>\n                <li style=\"display: none; width: 100%;\" class=\"slide-1869 ms-image \" aria-roledescription=\"slide\" data-date=\"2016-11-25 12:11:02\" data-filename=\"CC-6-Val-de-Ruz-700x500.jpg\" data-slide-type=\"image\"><img loading=\"lazy\" decoding=\"async\" src=\"https:\/\/www.chemins-chouettes.ch\/wp-content\/uploads\/2016\/11\/CC-6-Val-de-Ruz-700x500.jpg\" height=\"500\" width=\"700\" alt=\"\" class=\"slider-1357 slide-1869 msDefaultImage\" \/><\/li>\n                <li style=\"display: none; width: 100%;\" class=\"slide-1394 ms-image \" aria-roledescription=\"slide\" data-date=\"2016-11-01 16:54:16\" data-filename=\"Balade6-Mont-Racine-Murs-700x500.jpg\" data-slide-type=\"image\"><img loading=\"lazy\" decoding=\"async\" src=\"https:\/\/www.chemins-chouettes.ch\/wp-content\/uploads\/2016\/11\/Balade6-Mont-Racine-Murs-700x500.jpg\" height=\"500\" width=\"700\" alt=\"\" class=\"slider-1357 slide-1394 msDefaultImage\" \/><\/li>\n                <li style=\"display: none; width: 100%;\" class=\"slide-1393 ms-image \" aria-roledescription=\"slide\" data-date=\"2016-11-01 16:54:15\" data-filename=\"Balade6-Les-Pradieres-700x500.jpg\" data-slide-type=\"image\"><img loading=\"lazy\" decoding=\"async\" src=\"https:\/\/www.chemins-chouettes.ch\/wp-content\/uploads\/2016\/11\/Balade6-Les-Pradieres-700x500.jpg\" height=\"500\" width=\"700\" alt=\"\" class=\"slider-1357 slide-1393 msDefaultImage\" \/><\/li>\n                <li style=\"display: none; width: 100%;\" class=\"slide-1870 ms-image \" aria-roledescription=\"slide\" data-date=\"2016-11-25 12:18:20\" data-filename=\"CC6-Mt-Racine-700x500.jpg\" data-slide-type=\"image\"><img loading=\"lazy\" decoding=\"async\" src=\"https:\/\/www.chemins-chouettes.ch\/wp-content\/uploads\/2016\/11\/CC6-Mt-Racine-700x500.jpg\" height=\"500\" width=\"700\" alt=\"\" class=\"slider-1357 slide-1870 msDefaultImage\" \/><\/li>\n                <li style=\"display: none; width: 100%;\" class=\"slide-1397 ms-image \" aria-roledescription=\"slide\" data-date=\"2016-11-01 16:54:21\" data-filename=\"Balade6-Val-de-Ruz-Mt-Racine-Petite-Fia-700x500.jpg\" data-slide-type=\"image\"><img loading=\"lazy\" decoding=\"async\" src=\"https:\/\/www.chemins-chouettes.ch\/wp-content\/uploads\/2016\/11\/Balade6-Val-de-Ruz-Mt-Racine-Petite-Fia-700x500.jpg\" height=\"500\" width=\"700\" alt=\"\" class=\"slider-1357 slide-1397 msDefaultImage\" \/><\/li>\n                <li style=\"display: none; width: 100%;\" class=\"slide-1863 ms-image \" aria-roledescription=\"slide\" data-date=\"2016-11-25 12:10:52\" data-filename=\"CC-6-Chardons-Mt-Racine-700x500.jpg\" data-slide-type=\"image\"><img loading=\"lazy\" decoding=\"async\" src=\"https:\/\/www.chemins-chouettes.ch\/wp-content\/uploads\/2016\/11\/CC-6-Chardons-Mt-Racine-700x500.jpg\" height=\"500\" width=\"700\" alt=\"\" class=\"slider-1357 slide-1863 msDefaultImage\" \/><\/li>\n                <li style=\"display: none; width: 100%;\" class=\"slide-1392 ms-image \" aria-roledescription=\"slide\" data-date=\"2016-11-01 16:54:13\" data-filename=\"Balade6-Cretes-Lapiez-700x500.jpg\" data-slide-type=\"image\"><img loading=\"lazy\" decoding=\"async\" src=\"https:\/\/www.chemins-chouettes.ch\/wp-content\/uploads\/2016\/11\/Balade6-Cretes-Lapiez-700x500.jpg\" height=\"500\" width=\"700\" alt=\"\" class=\"slider-1357 slide-1392 msDefaultImage\" \/><\/li>\n                <li style=\"display: none; width: 100%;\" class=\"slide-1395 ms-image \" aria-roledescription=\"slide\" data-date=\"2016-11-01 16:54:18\" data-filename=\"Balade6-Motte-Racine-700x500.jpg\" data-slide-type=\"image\"><img loading=\"lazy\" decoding=\"async\" src=\"https:\/\/www.chemins-chouettes.ch\/wp-content\/uploads\/2016\/11\/Balade6-Motte-Racine-700x500.jpg\" height=\"500\" width=\"700\" alt=\"\" class=\"slider-1357 slide-1395 msDefaultImage\" \/><\/li>\n            <\/ul>\n        <\/div>\n        \n    <\/div>\n<\/div>\n<p><strong>Planifiez votre horaire de transport public<\/strong> <strong>par :<\/strong> <strong><a href=\"http:\/\/fahrplan.sbb.ch\/bin\/query.exe\/fn\" target=\"_blank\" rel=\"noopener\">CFF<\/a><\/strong> &#8211; <strong><a href=\"http:\/\/www.transn.ch\/fr\/reseau-horaires\/reseau-transn.html\" target=\"_blank\" rel=\"noopener\">TransN<\/a><\/strong> &#8211; <strong><a href=\"https:\/\/www.postauto.ch\/fr\" target=\"_blank\" rel=\"noopener\">CarPostal<\/a><\/strong><\/p>\n<table style=\"background-color: #99cc33; width: 700px;\" border=\"0\" cellspacing=\"1\" cellpadding=\"1\">\n<caption style=\"color: #330033;\"><span style=\"font-weight: bold;\"><br \/>\nVos entr\u00e9es ou sorties pour la balade 6<\/span><\/caption>\n<tbody>\n<tr>\n<td style=\"background-color: #339933; font-weight: bold; color: white; width: 120px;\">Lieu<\/td>\n<td style=\"background-color: #339933; font-weight: bold; color: white; width: 80px;\">Parking<\/td>\n<td style=\"background-color: #339933; font-weight: bold; color: white; width: 350px;\">Arr\u00eat bus TransN<\/td>\n<td style=\"background-color: #339933; font-weight: bold; color: white; width: 90px;\">Arr\u00eat CFF<\/td>\n<\/tr>\n<tr>\n<td><span style=\"color: #000000;\">La Vue des Alpes<\/span><\/td>\n<td><span style=\"color: #000000;\">oui<\/span><\/td>\n<td>Ligne 370 depuis La Chaux-de-Fonds ==&gt; <strong><a href=\"http:\/\/www.transn.ch\/fr\/reseau-horaires\/la-chaux-de-fonds\/chaux-de-fonds-jour.html?l=370&amp;s=0&amp;d=1&amp;p=\" target=\"_blank\" rel=\"noopener\">horaire Ligne 370<\/a><\/strong><br \/>\n<strong>Attention<\/strong> : R\u00e9servation obligatoire au mini. 30 min avant l\u2019heure de d\u00e9part au 079 637 51 64<\/td>\n<td><span style=\"color: #000000;\"> &#8211;<\/span><\/td>\n<\/tr>\n<tr>\n<td style=\"background-color: white;\"><span style=\"color: #000000;\">Les Genenveys-sur-Coffrane<\/span><\/td>\n<td style=\"background-color: white;\"><span style=\"color: #000000;\">oui<\/span><\/td>\n<td style=\"background-color: white;\"><span style=\"color: #000000;\">Ligne 423<\/span><\/td>\n<td style=\"background-color: white;\"><span style=\"color: #000000;\">oui<\/span><\/td>\n<\/tr>\n<\/tbody>\n<\/table>\n<table style=\"background-color: #99cc33; width: 700px; height: 41px;\" border=\"1\" cellspacing=\"1\" cellpadding=\"3\">\n<tbody>\n<tr>\n<td style=\"background-color: #339933; font-weight: bold; color: white;\"><big>Carte de la balade 6<\/big><\/td>\n<\/tr>\n<\/tbody>\n<tbody>\n<tr>\n<td style=\"text-align: center;\"><span style=\"color: #000000;\"><img loading=\"lazy\" decoding=\"async\" class=\"alignnone wp-image-162 size-full\" src=\"http:\/\/www.chemins-chouettes.ch\/wp-content\/uploads\/2016\/09\/CC-balade-6.jpeg\" alt=\"cc-balade-6\" width=\"886\" height=\"886\" srcset=\"https:\/\/www.chemins-chouettes.ch\/wp-content\/uploads\/2016\/09\/CC-balade-6.jpeg 1890w, https:\/\/www.chemins-chouettes.ch\/wp-content\/uploads\/2016\/09\/CC-balade-6-300x300.jpeg 300w, https:\/\/www.chemins-chouettes.ch\/wp-content\/uploads\/2016\/09\/CC-balade-6-1024x1024.jpeg 1024w, https:\/\/www.chemins-chouettes.ch\/wp-content\/uploads\/2016\/09\/CC-balade-6-150x150.jpeg 150w, https:\/\/www.chemins-chouettes.ch\/wp-content\/uploads\/2016\/09\/CC-balade-6-768x768.jpeg 768w, https:\/\/www.chemins-chouettes.ch\/wp-content\/uploads\/2016\/09\/CC-balade-6-1536x1536.jpeg 1536w\" sizes=\"auto, (max-width: 886px) 100vw, 886px\" \/><\/span><\/td>\n<\/tr>\n<\/tbody>\n<\/table>\n<table style=\"background-color: #99cc33; width: 700px; height: 41px;\" border=\"1\" cellspacing=\"1\" cellpadding=\"3\">\n<tbody>\n<tr>\n<td width=\"150px\"><img loading=\"lazy\" decoding=\"async\" class=\"aligncenter\" src=\"http:\/\/www.chemins-chouettes.ch\/wp-content\/uploads\/2024\/04\/Traces-gpx-300x106.jpg\" alt=\"\" width=\"141\" height=\"50\" \/><\/td>\n<td align=\"center\">\n<h3 style=\"text-align: left;\"><strong><br \/>\n<a href=\"https:\/\/drive.google.com\/drive\/folders\/1rjcSoCjg8WTPdV8CNKAhf5xcDnDwATGL\" target=\"_blank\" rel=\"noopener\">T\u00e9l\u00e9chargement des fichiers .gpx<\/a> <\/strong><\/h3>\n<\/td>\n<\/tr>\n<\/tbody>\n<\/table>\n<table style=\"font-family: Georgia; sans-serif; background-color: #99cc00; width: 701px; height: 280px;\" border=\"1\" cellspacing=\"1\" cellpadding=\"1\">\n<tbody>\n<tr>\n<td style=\"vertical-align: bottom; background-color: #339933; text-align: center; color: white;\">\n<h3><strong>La Vue des Alpes &#8211; Les Geneveys-sur-Coffrane &#8211; Fiche imprimable <\/strong><a href=\"http:\/\/www.chemins-chouettes.ch\/wp-content\/uploads\/2016\/10\/Fiche-balade-6-fr.pdf\" target=\"_blank\" rel=\"noopener\"><img loading=\"lazy\" decoding=\"async\" class=\"alignnone size-full wp-image-167\" src=\"http:\/\/www.chemins-chouettes.ch\/wp-content\/uploads\/2016\/09\/icon-print.png\" alt=\"icon-print\" width=\"40\" height=\"40\" \/><\/a><\/h3>\n<\/td>\n<\/tr>\n<tr>\n<td style=\"font-weight: bold; text-align: center; background-color: #99cc00; height: 200px; vertical-align: top;\"><img loading=\"lazy\" decoding=\"async\" class=\"alignnone wp-image-182\" src=\"http:\/\/www.chemins-chouettes.ch\/wp-content\/uploads\/2016\/09\/Balade-6-300x145.jpg\" alt=\"balade-6\" width=\"600\" height=\"290\" srcset=\"https:\/\/www.chemins-chouettes.ch\/wp-content\/uploads\/2016\/09\/Balade-6-300x145.jpg 300w, https:\/\/www.chemins-chouettes.ch\/wp-content\/uploads\/2016\/09\/Balade-6-768x371.jpg 768w, https:\/\/www.chemins-chouettes.ch\/wp-content\/uploads\/2016\/09\/Balade-6.jpg 995w\" sizes=\"auto, (max-width: 600px) 100vw, 600px\" \/><\/p>\n<table style=\"text-align: left; background-color: #ffcc00; height: 76px; width: 600px; margin-left: auto; margin-right: auto;\" border=\"0\" cellspacing=\"2\" cellpadding=\"2\">\n<tbody>\n<tr>\n<td style=\"vertical-align: top; width: 150px; text-align: left;\"><span style=\"color: #000000; font-size: 14px; text-align: left;\">Distance<\/span><\/td>\n<td style=\"vertical-align: top; font-weight: bold; width: 150px; text-align: left;\"><span style=\"color: #000000; font-size: 14px; text-align: left;\">12.5 km<\/span><\/td>\n<td style=\"vertical-align: top; width: 150px;\"><span style=\"color: #000000; font-size: 14px; text-align: left;\">Dur\u00e9e<\/span><\/td>\n<td style=\"vertical-align: top; font-weight: bold; width: 150px; text-align: left;\"><span style=\"color: #000000; font-size: 14px; text-align: left;\">3 h 33<\/span><\/td>\n<\/tr>\n<tr>\n<td style=\"vertical-align: top; background-color: white; width: 123px; text-align: left;\"><span style=\"color: #000000; font-size: 14px; text-align: left;\">D\u00e9nivel\u00e9 positif<\/span><\/td>\n<td style=\"vertical-align: top; background-color: white; font-weight: bold; width: 103px; text-align: left;\"><span style=\"color: #000000; font-size: 14px; text-align: left;\">404 m<\/span><\/td>\n<td style=\"vertical-align: top; background-color: white; width: 168px;\"><span style=\"color: #000000; font-size: 14px; text-align: left;\">D\u00e9nivel\u00e9 n\u00e9gatif<\/span><\/td>\n<td style=\"vertical-align: top; background-color: white; font-weight: bold; width: 160px; text-align: left;\"><span style=\"color: #000000; font-size: 14px; text-align: left;\">837 m<\/span><\/td>\n<\/tr>\n<tr>\n<td style=\"vertical-align: top; width: 123px;\"><span style=\"color: #000000; font-size: 14px; text-align: left;\">Point le + haut<\/span><\/td>\n<td style=\"vertical-align: top; font-weight: bold; width: 103px; text-align: left;\">1&rsquo;436 m<\/td>\n<td style=\"vertical-align: top; width: 168px;\"><span style=\"color: #000000; font-size: 14px; text-align: left;\">Point le + bas<\/span><\/td>\n<td style=\"vertical-align: top; font-weight: bold; width: 160px; text-align: left;\"><span style=\"color: #000000; font-size: 14px; text-align: left;\">850 m<\/span><\/td>\n<\/tr>\n<\/tbody>\n<\/table>\n<\/td>\n<\/tr>\n<\/tbody>\n<\/table>\n","protected":false},"excerpt":{"rendered":"<p>La Vue des Alpes &#8211; Mont Racine &#8211; Les Genenveys-sur-Coffrane Planifiez votre horaire de transport public par : CFF &#8211; TransN &#8211; CarPostal Vos entr\u00e9es ou sorties pour la balade 6 Lieu Parking Arr\u00eat bus TransN Arr\u00eat CFF La Vue des Alpes oui Ligne 370 depuis La Chaux-de-Fonds ==&gt; horaire Ligne 370 Attention : R\u00e9servation &#8230; <a title=\"Balade 6 &#8211; Les cr\u00eates\" class=\"read-more\" href=\"https:\/\/www.chemins-chouettes.ch\/?page_id=387&#038;lang=fr\" aria-label=\"En savoir plus sur Balade 6 &#8211; Les cr\u00eates\">Read more<\/a><\/p>\n","protected":false},"author":2,"featured_media":0,"parent":35,"menu_order":6,"comment_status":"closed","ping_status":"closed","template":"","meta":{"generate_page_header":"","footnotes":""},"class_list":["post-387","page","type-page","status-publish"],"_links":{"self":[{"href":"https:\/\/www.chemins-chouettes.ch\/index.php?rest_route=\/wp\/v2\/pages\/387","targetHints":{"allow":["GET"]}}],"collection":[{"href":"https:\/\/www.chemins-chouettes.ch\/index.php?rest_route=\/wp\/v2\/pages"}],"about":[{"href":"https:\/\/www.chemins-chouettes.ch\/index.php?rest_route=\/wp\/v2\/types\/page"}],"author":[{"embeddable":true,"href":"https:\/\/www.chemins-chouettes.ch\/index.php?rest_route=\/wp\/v2\/users\/2"}],"replies":[{"embeddable":true,"href":"https:\/\/www.chemins-chouettes.ch\/index.php?rest_route=%2Fwp%2Fv2%2Fcomments&post=387"}],"version-history":[{"count":1,"href":"https:\/\/www.chemins-chouettes.ch\/index.php?rest_route=\/wp\/v2\/pages\/387\/revisions"}],"predecessor-version":[{"id":2942,"href":"https:\/\/www.chemins-chouettes.ch\/index.php?rest_route=\/wp\/v2\/pages\/387\/revisions\/2942"}],"up":[{"embeddable":true,"href":"https:\/\/www.chemins-chouettes.ch\/index.php?rest_route=\/wp\/v2\/pages\/35"}],"wp:attachment":[{"href":"https:\/\/www.chemins-chouettes.ch\/index.php?rest_route=%2Fwp%2Fv2%2Fmedia&parent=387"}],"curies":[{"name":"wp","href":"https:\/\/api.w.org\/{rel}","templated":true}]}}