{"id":61,"date":"2016-01-19T17:57:02","date_gmt":"2016-01-19T16:57:02","guid":{"rendered":"http:\/\/www.chemins-chouettes.ch\/?page_id=35"},"modified":"2016-12-14T20:36:33","modified_gmt":"2016-12-14T19:36:33","slug":"wanderungen","status":"publish","type":"page","link":"https:\/\/www.chemins-chouettes.ch\/?lang=de","title":{"rendered":"Wanderungen"},"content":{"rendered":"<p>Zus\u00e4tzlich zur allgemeinen Bezeichnung <strong>Chemins chouettes<\/strong> sind die einzelnen Routen nummeriert. Die <em>Wanderung<\/em> bezeichnet die verschiedenen Rundg\u00e4nge, die hier vorgeschlagen sind. <strong>Alle diese Rundg\u00e4nge k\u00f6nnen nach Belieben und k\u00f6rperlicher Fitness variiert werden<\/strong> und somit abschnittsweise sowie mit Abk\u00fcrzungen durchwandert werden.<\/p>\n<p>Klicken Sie auf die Wanderung Ihrer Wahl auf der Karte unten um die Details zu erfahren.<\/p>\n<table style=\"text-align: left; width: 1000px;\" border=\"0\" cellspacing=\"2\" cellpadding=\"2\">\n<tbody>\n<tr>\n<td style=\"vertical-align: top; width: 600px;\">\n<figure id=\"attachment_289\" aria-describedby=\"caption-attachment-289\" style=\"width: 611px\" class=\"wp-caption alignnone\"><img loading=\"lazy\" decoding=\"async\" class=\"wp-image-289 size-full\" src=\"http:\/\/www.chemins-chouettes.ch\/wp-content\/uploads\/2016\/09\/Chemins-Chouettes-orthophotos.jpg\" alt=\"chemins-chouettes-orthophotos\" usemap=\"#map\" width=\"621\" height=\"540\" srcset=\"https:\/\/www.chemins-chouettes.ch\/wp-content\/uploads\/2016\/09\/Chemins-Chouettes-orthophotos.jpg 621w, https:\/\/www.chemins-chouettes.ch\/wp-content\/uploads\/2016\/09\/Chemins-Chouettes-orthophotos-300x261.jpg 300w\" sizes=\"auto, (max-width: 621px) 100vw, 621px\" \/><figcaption id=\"caption-attachment-289\" class=\"wp-caption-text\">7 Wanderungen von \u00ab\u00a0Chemins chouettes\u00a0\u00bb<\/figcaption><\/figure>\n<map name=\"map\">\n<area alt=\"Balade 1 - Autour du Seyon\" coords=\"212,280,254,260,354,355,245,446,221,374\" shape=\"poly\" href=\"http:\/\/www.chemins-chouettes.ch\/?page_id=225&amp;lang=de target=\" \/>\n<area alt=\"Balade 2 - Vers Chasseral\" coords=\"415,217,395,201,387,136,497,8,620,4,512,139,438,213\" shape=\"poly\" href=\"http:\/\/www.chemins-chouettes.ch\/?page_id=586&amp;lang=de target=\" \/>\n<area alt=\"Balade 3 - Les Boviducs\" coords=\"146,195,166,247,222,234,383,200,384,224,405,221,393,195,382,131\" shape=\"poly\" href=\"http:\/\/www.chemins-chouettes.ch\/?page_id=600&amp;lang=de target=\" \/>\n<area alt=\"Balade 4 - La Lisi\u00e8re\" coords=\"175,316,153,298,165,251,377,207,382,227,281,249,229,265,209,278\" shape=\"poly\" href=\"http:\/\/www.chemins-chouettes.ch\/?page_id=611&amp;lang=de target=\" \/>\n<area alt=\"Balade 5 - Par La Rinceure\" coords=\"279,258,412,224,453,216,426,295,376,347,325,308\" shape=\"poly\" href=\"http:\/\/www.chemins-chouettes.ch\/?page_id=533&amp;lang=de target=\" \/>\n<area alt=\"Balade 6 - Les Cr\u00eates\" coords=\"136,193,3,194,3,480,98,435,99,406,159,244\" shape=\"poly\" href=\"http:\/\/www.chemins-chouettes.ch\/?page_id=632&amp;lang=de target=\" \/>\n<area alt=\"Balade 7 - Perspectives Sud-Ouest\" coords=\"148,303,182,328,224,408,242,449,171,516,68,538,49,481,108,435,103,408,128,346\" shape=\"poly\" href=\"http:\/\/www.chemins-chouettes.ch\/?page_id=660&amp;lang=de\" \/> <\/map>\n<\/td>\n<td style=\"vertical-align: top; width: 300px;\"><a href=\"http:\/\/www.chemins-chouettes.ch\/?page_id=225&amp;lang=de\" target=\"_blank\">Wanderung 1 &#8211; Autour du Seyon<\/a><br \/>\n<a href=\"http:\/\/www.chemins-chouettes.ch\/?page_id=586&amp;lang=de\" target=\"_blank\">Wanderung 2 &#8211; Vers Chasseral<\/a><br \/>\n<a href=\"http:\/\/www.chemins-chouettes.ch\/?page_id=600&amp;lang=de\" target=\"_blank\">Wanderung 3 &#8211; Les boviducs<\/a><br \/>\n<a href=\"http:\/\/www.chemins-chouettes.ch\/?page_id=611&amp;lang=de\" target=\"_blank\">Wanderung 4 &#8211; La lisi\u00e8re<\/a><br \/>\n<a href=\"http:\/\/www.chemins-chouettes.ch\/?page_id=533&amp;lang=de\" target=\"_blank\">Wanderung 5 &#8211; Par la Rincieure<\/a><br \/>\n<a href=\"http:\/\/www.chemins-chouettes.ch\/?page_id=632&amp;lang=de\" target=\"_blank\">Wanderung 6 &#8211; Les cr\u00eates<\/a><br \/>\n<a href=\"http:\/\/www.chemins-chouettes.ch\/?page_id=660&amp;lang=de\" target=\"_blank\">Wanderung 7 &#8211; Perspectives sud-ouest<\/a>&nbsp;<\/p>\n<p><img loading=\"lazy\" decoding=\"async\" class=\"alignnone size-medium wp-image-1311\" src=\"http:\/\/www.chemins-chouettes.ch\/wp-content\/uploads\/2016\/11\/Balades-Tourisme-294x300.jpg\" alt=\"Rep\u00e9rage balade 7 - 09\" width=\"294\" height=\"300\" srcset=\"https:\/\/www.chemins-chouettes.ch\/wp-content\/uploads\/2016\/11\/Balades-Tourisme-294x300.jpg 294w, https:\/\/www.chemins-chouettes.ch\/wp-content\/uploads\/2016\/11\/Balades-Tourisme-768x783.jpg 768w, https:\/\/www.chemins-chouettes.ch\/wp-content\/uploads\/2016\/11\/Balades-Tourisme-1004x1024.jpg 1004w, https:\/\/www.chemins-chouettes.ch\/wp-content\/uploads\/2016\/11\/Balades-Tourisme.jpg 2031w\" sizes=\"auto, (max-width: 294px) 100vw, 294px\" \/><\/td>\n<\/tr>\n<\/tbody>\n<\/table>\n<p><a href=\"http:\/\/www.chemins-chouettes.ch\/?page_id=225&amp;lang=de\" target=\"_blank\"><img loading=\"lazy\" decoding=\"async\" class=\"alignnone wp-image-1144\" src=\"http:\/\/www.chemins-chouettes.ch\/wp-content\/uploads\/2016\/10\/miniguide1.jpeg\" alt=\"miniguide1\" width=\"130\" height=\"182\" \/><\/a> <a href=\"http:\/\/www.chemins-chouettes.ch\/?page_id=586&amp;lang=de\" target=\"_blank\"><img loading=\"lazy\" decoding=\"async\" class=\"alignnone wp-image-1145\" src=\"http:\/\/www.chemins-chouettes.ch\/wp-content\/uploads\/2016\/10\/miniguide2.jpeg\" alt=\"miniguide2\" width=\"130\" height=\"182\" \/><\/a> <a href=\"http:\/\/www.chemins-chouettes.ch\/?page_id=600&amp;lang=de\" target=\"_blank\"><img loading=\"lazy\" decoding=\"async\" class=\"alignnone wp-image-1146\" src=\"http:\/\/www.chemins-chouettes.ch\/wp-content\/uploads\/2016\/10\/miniguide3.jpeg\" alt=\"miniguide3\" width=\"130\" height=\"182\" \/><\/a> <a href=\"http:\/\/www.chemins-chouettes.ch\/?page_id=611&amp;lang=de\" target=\"_blank\"><img loading=\"lazy\" decoding=\"async\" class=\"alignnone wp-image-1147\" src=\"http:\/\/www.chemins-chouettes.ch\/wp-content\/uploads\/2016\/10\/miniguide4.jpeg\" alt=\"miniguide4\" width=\"130\" height=\"182\" \/><\/a> <a href=\"http:\/\/www.chemins-chouettes.ch\/?page_id=533&amp;lang=de\" target=\"_blank\"><img loading=\"lazy\" decoding=\"async\" class=\"alignnone wp-image-1148\" src=\"http:\/\/www.chemins-chouettes.ch\/wp-content\/uploads\/2016\/10\/miniguide5.jpeg\" alt=\"miniguide5\" width=\"130\" height=\"182\" \/><\/a> <a href=\"http:\/\/www.chemins-chouettes.ch\/?page_id=632&amp;lang=de\" target=\"_blank\"><img loading=\"lazy\" decoding=\"async\" class=\"alignnone wp-image-1149\" src=\"http:\/\/www.chemins-chouettes.ch\/wp-content\/uploads\/2016\/10\/miniguide6-212x300.jpeg\" alt=\"miniguide6\" width=\"130\" height=\"182\" \/><\/a> <a href=\"http:\/\/www.chemins-chouettes.ch\/?page_id=660&amp;lang=de\" target=\"_blank\"><img loading=\"lazy\" decoding=\"async\" class=\"alignnone wp-image-1150\" src=\"http:\/\/www.chemins-chouettes.ch\/wp-content\/uploads\/2016\/10\/miniguide7-211x300.jpeg\" alt=\"miniguide7\" width=\"130\" height=\"182\" \/><\/a><\/p>\n","protected":false},"excerpt":{"rendered":"<p>Zus\u00e4tzlich zur allgemeinen Bezeichnung Chemins chouettes sind die einzelnen Routen nummeriert. Die Wanderung bezeichnet die verschiedenen Rundg\u00e4nge, die hier vorgeschlagen sind. Alle diese Rundg\u00e4nge k\u00f6nnen nach Belieben und k\u00f6rperlicher Fitness variiert werden und somit abschnittsweise sowie mit Abk\u00fcrzungen durchwandert werden. Klicken Sie auf die Wanderung Ihrer Wahl auf der Karte unten um die Details zu &#8230; <a title=\"Wanderungen\" class=\"read-more\" href=\"https:\/\/www.chemins-chouettes.ch\/?lang=de\" aria-label=\"En savoir plus sur Wanderungen\">Read more<\/a><\/p>\n","protected":false},"author":2,"featured_media":0,"parent":0,"menu_order":1,"comment_status":"closed","ping_status":"closed","template":"","meta":{"generate_page_header":"","footnotes":""},"class_list":["post-61","page","type-page","status-publish"],"_links":{"self":[{"href":"https:\/\/www.chemins-chouettes.ch\/index.php?rest_route=\/wp\/v2\/pages\/61","targetHints":{"allow":["GET"]}}],"collection":[{"href":"https:\/\/www.chemins-chouettes.ch\/index.php?rest_route=\/wp\/v2\/pages"}],"about":[{"href":"https:\/\/www.chemins-chouettes.ch\/index.php?rest_route=\/wp\/v2\/types\/page"}],"author":[{"embeddable":true,"href":"https:\/\/www.chemins-chouettes.ch\/index.php?rest_route=\/wp\/v2\/users\/2"}],"replies":[{"embeddable":true,"href":"https:\/\/www.chemins-chouettes.ch\/index.php?rest_route=%2Fwp%2Fv2%2Fcomments&post=61"}],"version-history":[{"count":0,"href":"https:\/\/www.chemins-chouettes.ch\/index.php?rest_route=\/wp\/v2\/pages\/61\/revisions"}],"wp:attachment":[{"href":"https:\/\/www.chemins-chouettes.ch\/index.php?rest_route=%2Fwp%2Fv2%2Fmedia&parent=61"}],"curies":[{"name":"wp","href":"https:\/\/api.w.org\/{rel}","templated":true}]}}