{"id":77,"date":"2016-01-19T18:02:01","date_gmt":"2016-01-19T17:02:01","guid":{"rendered":"http:\/\/www.chemins-chouettes.ch\/?page_id=45"},"modified":"2016-12-14T21:10:28","modified_gmt":"2016-12-14T20:10:28","slug":"links-contatti","status":"publish","type":"page","link":"https:\/\/www.chemins-chouettes.ch\/?page_id=77&lang=it","title":{"rendered":"Links &amp; Contatti"},"content":{"rendered":"<p>\n<table id=\"tablepress-5\" class=\"tablepress tablepress-id-5\">\n<tbody class=\"row-striping\">\n<tr class=\"row-1\">\n\t<td class=\"column-1\"><strong><a href=\"http:\/\/fahrplan.sbb.ch\/bin\/query.exe\/fn\" target=\"_blank\">Horaire des CFF<\/a><\/strong><\/td><td class=\"column-2\"><strong><a href=\"http:\/\/www.transn.ch\/fr\/reseau-horaires\/reseau-transn.html\" target=\"_blank\">R\u00e9seau TransN<\/a><\/strong><\/td><td class=\"column-3\"><strong><a href=\"http:\/\/www.carpostal.ch\/\" target=\"_blank\">R\u00e9seau CarPostal<\/a><\/strong><\/td><td class=\"column-4\"><strong><a href=\"http:\/\/www.commune-val-de-ruz.ch\/\" target=\"_blank\">Commune de Val-de-Ruz<\/a><\/strong><\/td>\n<\/tr>\n<tr class=\"row-2\">\n\t<td class=\"column-1\"><strong><a href=\"http:\/\/www.parcchasseral.ch\/\" target=\"_blank\">Parc Chasseral<\/a><\/strong><\/td><td class=\"column-2\"><strong><a href=\"http:\/\/www.neuchateltourisme.ch\/\" target=\"_blank\">Tourisme Neuch\u00e2tel<\/a><\/strong><\/td><td class=\"column-3\"><strong><a href=\"http:\/\/www.neuchatelrando.ch\/\" target=\"_blank\">Neuch\u00e2tel Rando<\/a><\/strong><\/td><td class=\"column-4\"><strong><a href=\"http:\/\/www.histoiredebornes.ch\/\" target=\"_blank\">Bornes fronti\u00e8re<\/a><\/strong><\/td>\n<\/tr>\n<tr class=\"row-3\">\n\t<td class=\"column-1\"><strong><a href=\"https:\/\/www.parcchasseral.ch\/decouvrir\/offres\/chemin-des-pionniers\/\" target=\"_blank\">Chemin des pionniers<\/a><\/strong><\/td><td class=\"column-2\">\t<strong><a href=\"http:\/\/www.espacevalderuz.ch\/\" target=\"_blank\">Espace Val-de-Ruz<\/a><\/strong><\/td><td class=\"column-3\"><strong><a href=\"http:\/\/www.neuchateltourismevert.ch\/\" target=\"_blank\">Neuch\u00e2tel Tourisme Vert<\/a><\/strong><\/td><td class=\"column-4\"><strong><a href=\"http:\/\/www.evologia.ch\/\" target=\"_blank\">Evologia<\/a><\/strong><\/td>\n<\/tr>\n<tr class=\"row-4\">\n\t<td class=\"column-1\"><strong><a href=\"https:\/\/edus2.rpn.ch\/cpln\/jardidactic\/Pages\/default.aspx\" target=\"_blank\">Jardidactic<\/a><\/strong><\/td><td class=\"column-2\"><strong><a href=\"http:\/\/www.lacollineauxlapins.info\" target=\"_blank\">La colline aux lapins<\/a><\/strong><\/td><td class=\"column-3\"><strong><a href=\"http:\/\/www.moulin-de-bayerel.ch\" target=\"_blank\">Moulin de Bayerel<\/a><\/strong><\/td><td class=\"column-4\"><\/td>\n<\/tr>\n<\/tbody>\n<\/table>\n<!-- #tablepress-5 from cache --><br \/>\n<strong>Persone di contatto :<\/strong><\/p>\n<p>Claire Wermeille, pr\u00e9sidente dell&rsquo;associazione Espace Val-de-Ruz, 032 853 10 21<br \/>\nFr\u00e9d\u00e9ric Cuche, animatore del gruppo di lavoro \u00ab\u00a0Ecotourisme\u00a0\u00bb\u00a0 dell&rsquo;associazione Espace Val-de-Ruz, 032 853 38 45<br \/>\nWebmaster : Daniel Henry &#8211; 032 857 26 12<\/p>\n<p><strong>Tourisme neuch\u00e2telois Val-de-Ruz<\/strong><br \/>\nEvologia<br \/>\nRoute de l&rsquo;Aurore 6<br \/>\n<strong> CH-2053 Cernier NE<\/strong><br \/>\n<strong> T\u00e9l. +41 (0)32 889 36 36<\/strong><br \/>\n<strong> Fax +41 (0)32 722 04 23<\/strong><br \/>\n<a href=\"http:\/\/www.neuchateltourisme.ch\/fr\/contact\/tourisme-neuchatelois\/point-dinformations-val-de-ruz.2505.html\" target=\"_blank\">Navigare per gli orari di apertura<\/a><\/p>\n","protected":false},"excerpt":{"rendered":"<p>Persone di contatto : Claire Wermeille, pr\u00e9sidente dell&rsquo;associazione Espace Val-de-Ruz, 032 853 10 21 Fr\u00e9d\u00e9ric Cuche, animatore del gruppo di lavoro \u00ab\u00a0Ecotourisme\u00a0\u00bb\u00a0 dell&rsquo;associazione Espace Val-de-Ruz, 032 853 38 45 Webmaster : Daniel Henry &#8211; 032 857 26 12 Tourisme neuch\u00e2telois Val-de-Ruz Evologia Route de l&rsquo;Aurore 6 CH-2053 Cernier NE T\u00e9l. +41 (0)32 889 36 36 &#8230; <a title=\"Links &amp; Contatti\" class=\"read-more\" href=\"https:\/\/www.chemins-chouettes.ch\/?page_id=77&#038;lang=it\" aria-label=\"En savoir plus sur Links &amp; Contatti\">Read more<\/a><\/p>\n","protected":false},"author":2,"featured_media":0,"parent":0,"menu_order":6,"comment_status":"closed","ping_status":"closed","template":"","meta":{"generate_page_header":"","footnotes":""},"class_list":["post-77","page","type-page","status-publish"],"_links":{"self":[{"href":"https:\/\/www.chemins-chouettes.ch\/index.php?rest_route=\/wp\/v2\/pages\/77","targetHints":{"allow":["GET"]}}],"collection":[{"href":"https:\/\/www.chemins-chouettes.ch\/index.php?rest_route=\/wp\/v2\/pages"}],"about":[{"href":"https:\/\/www.chemins-chouettes.ch\/index.php?rest_route=\/wp\/v2\/types\/page"}],"author":[{"embeddable":true,"href":"https:\/\/www.chemins-chouettes.ch\/index.php?rest_route=\/wp\/v2\/users\/2"}],"replies":[{"embeddable":true,"href":"https:\/\/www.chemins-chouettes.ch\/index.php?rest_route=%2Fwp%2Fv2%2Fcomments&post=77"}],"version-history":[{"count":0,"href":"https:\/\/www.chemins-chouettes.ch\/index.php?rest_route=\/wp\/v2\/pages\/77\/revisions"}],"wp:attachment":[{"href":"https:\/\/www.chemins-chouettes.ch\/index.php?rest_route=%2Fwp%2Fv2%2Fmedia&parent=77"}],"curies":[{"name":"wp","href":"https:\/\/api.w.org\/{rel}","templated":true}]}}